{"id":3519,"date":"2014-12-15T09:15:08","date_gmt":"2014-12-15T14:15:08","guid":{"rendered":"https:\/\/se.csbe.qc.ca\/universsocial\/?page_id=3519"},"modified":"2014-12-15T09:15:08","modified_gmt":"2014-12-15T14:15:08","slug":"la-creation-dobjets-historiques-en-classe-dhistoire","status":"publish","type":"page","link":"https:\/\/se.csbe.qc.ca\/universsocial\/la-creation-dobjets-historiques-en-classe-dhistoire\/","title":{"rendered":"La cr\u00e9ation d&rsquo;objets historiques en classe d&rsquo;histoire"},"content":{"rendered":"<div class=\"page-restrict-output\"><h2><span style=\"color: #000000;\"><strong>Voici un projet d&rsquo;innovation p\u00e9dagogique mis sur pied par M. Jean-Guy No\u00ebl qui propose la marche \u00e0 suivre, les diff\u00e9rentes \u00e9tapes et toute la documentation pertinente pour mettre sur pied, suivre et \u00e9valuer la cr\u00e9ation d&rsquo;objets historiques en classe d&rsquo;histoire au secondaire.<\/strong><\/span><\/h2>\n<h2><\/h2>\n<h2><span style=\"color: #000000;\"><strong>Une tr\u00e8s belle ressource!<\/strong><\/span><\/h2>\n<h2><\/h2>\n<h2><span style=\"text-decoration: underline;\"><span style=\"color: #000000;\"><strong>Cliquer pour t\u00e9l\u00e9charger:<\/strong><\/span><\/span><\/h2>\n<h2><span style=\"color: #0000ff;\"><em><strong><a style=\"color: #0000ff;\" href=\"https:\/\/se.csbe.qc.ca\/universsocial\/files\/2014\/12\/objets_historiques.pdf\" target=\"_blank\">objets_historiques<\/a><\/strong><\/em><\/span><\/h2>\n<!-- WP Attachments -->\r\n        <div style=\"width:100%;margin:10px 0 10px 0;\">\r\n            <h3>Attachments<\/h3>\r\n        <ul class=\"post-attachments\"><li class=\"post-attachment mime-application-pdf\"><a href=\"https:\/\/se.csbe.qc.ca\/universsocial\/files\/2014\/12\/objets_historiques.pdf\">objets_historiques<\/a> <small>(2 MB)<\/small><\/li><\/ul><\/div><\/div>","protected":false},"excerpt":{"rendered":"<div class=\"page-restrict-output\"><p>Voici un projet d&rsquo;innovation p\u00e9dagogique mis sur pied par M. Jean-Guy No\u00ebl qui propose la marche \u00e0 suivre, les diff\u00e9rentes \u00e9tapes et toute la documentation pertinente pour mettre sur pied, suivre et \u00e9valuer la cr\u00e9ation d&rsquo;objets historiques en classe d&rsquo;histoire au secondaire. Une tr\u00e8s belle ressource! Cliquer pour t\u00e9l\u00e9charger: objets_historiques Attachments objets_historiques (2 MB)<\/p>\n<\/div>","protected":false},"author":9,"featured_media":0,"parent":0,"menu_order":0,"comment_status":"open","ping_status":"open","template":"","meta":{"footnotes":""},"class_list":["post-3519","page","type-page","status-publish","hentry","nodate","item-wrap"],"_links":{"self":[{"href":"https:\/\/se.csbe.qc.ca\/universsocial\/wp-json\/wp\/v2\/pages\/3519","targetHints":{"allow":["GET"]}}],"collection":[{"href":"https:\/\/se.csbe.qc.ca\/universsocial\/wp-json\/wp\/v2\/pages"}],"about":[{"href":"https:\/\/se.csbe.qc.ca\/universsocial\/wp-json\/wp\/v2\/types\/page"}],"author":[{"embeddable":true,"href":"https:\/\/se.csbe.qc.ca\/universsocial\/wp-json\/wp\/v2\/users\/9"}],"replies":[{"embeddable":true,"href":"https:\/\/se.csbe.qc.ca\/universsocial\/wp-json\/wp\/v2\/comments?post=3519"}],"version-history":[{"count":1,"href":"https:\/\/se.csbe.qc.ca\/universsocial\/wp-json\/wp\/v2\/pages\/3519\/revisions"}],"predecessor-version":[{"id":3521,"href":"https:\/\/se.csbe.qc.ca\/universsocial\/wp-json\/wp\/v2\/pages\/3519\/revisions\/3521"}],"wp:attachment":[{"href":"https:\/\/se.csbe.qc.ca\/universsocial\/wp-json\/wp\/v2\/media?parent=3519"}],"curies":[{"name":"wp","href":"https:\/\/api.w.org\/{rel}","templated":true}]}}