{"id":3472,"date":"2014-10-30T11:44:03","date_gmt":"2014-10-30T15:44:03","guid":{"rendered":"https:\/\/se.csbe.qc.ca\/universsocial\/?page_id=3472"},"modified":"2014-10-30T11:44:03","modified_gmt":"2014-10-30T15:44:03","slug":"cadre-devaluation-geographie-culturelle","status":"publish","type":"page","link":"https:\/\/se.csbe.qc.ca\/universsocial\/cadre-devaluation-geographie-culturelle\/","title":{"rendered":"Cadre d&rsquo;\u00e9valuation &#8211; G\u00e9ographie culturelle"},"content":{"rendered":"<div class=\"page-restrict-output\"><h2><span style=\"color: #000000;\"><strong>Voici le cadre d&rsquo;\u00e9valuation pour le cours optionnel \u00ab\u00a0G\u00e9ographie culturelle\u00a0\u00bb.<\/strong><\/span><\/h2>\n<h2><\/h2>\n<h2><span style=\"text-decoration: underline;\"><span style=\"color: #000000;\"><strong>Cliquer pour t\u00e9l\u00e9charger:<\/strong><\/span><\/span><\/h2>\n<h2><span style=\"color: #0000ff;\"><em><strong><a href=\"https:\/\/se.csbe.qc.ca\/universsocial\/files\/2014\/10\/Cadre-d\u00e9valuation-G\u00e9ographie-culturelle.pdf\" target=\"_blank\"><span style=\"color: #0000ff;\">Cadre d&rsquo;\u00e9valuation &#8211; G\u00e9ographie culturelle<\/span><\/a><\/strong><\/em><\/span><\/h2>\n<!-- WP Attachments -->\r\n        <div style=\"width:100%;margin:10px 0 10px 0;\">\r\n            <h3>Attachments<\/h3>\r\n        <ul class=\"post-attachments\"><li class=\"post-attachment mime-application-pdf\"><a href=\"https:\/\/se.csbe.qc.ca\/universsocial\/files\/2014\/10\/Cadre-d\u00e9valuation-G\u00e9ographie-culturelle.pdf\">Cadre d'\u00e9valuation - G\u00e9ographie culturelle<\/a> <small>(308 kB)<\/small><\/li><\/ul><\/div><\/div>","protected":false},"excerpt":{"rendered":"<div class=\"page-restrict-output\"><p>Voici le cadre d&rsquo;\u00e9valuation pour le cours optionnel \u00ab\u00a0G\u00e9ographie culturelle\u00a0\u00bb. Cliquer pour t\u00e9l\u00e9charger: Cadre d&rsquo;\u00e9valuation &#8211; G\u00e9ographie culturelle Attachments Cadre d&rsquo;\u00e9valuation &#8211; G\u00e9ographie culturelle (308 kB)<\/p>\n<\/div>","protected":false},"author":9,"featured_media":0,"parent":0,"menu_order":0,"comment_status":"open","ping_status":"open","template":"","meta":{"footnotes":""},"class_list":["post-3472","page","type-page","status-publish","hentry","nodate","item-wrap"],"_links":{"self":[{"href":"https:\/\/se.csbe.qc.ca\/universsocial\/wp-json\/wp\/v2\/pages\/3472","targetHints":{"allow":["GET"]}}],"collection":[{"href":"https:\/\/se.csbe.qc.ca\/universsocial\/wp-json\/wp\/v2\/pages"}],"about":[{"href":"https:\/\/se.csbe.qc.ca\/universsocial\/wp-json\/wp\/v2\/types\/page"}],"author":[{"embeddable":true,"href":"https:\/\/se.csbe.qc.ca\/universsocial\/wp-json\/wp\/v2\/users\/9"}],"replies":[{"embeddable":true,"href":"https:\/\/se.csbe.qc.ca\/universsocial\/wp-json\/wp\/v2\/comments?post=3472"}],"version-history":[{"count":1,"href":"https:\/\/se.csbe.qc.ca\/universsocial\/wp-json\/wp\/v2\/pages\/3472\/revisions"}],"predecessor-version":[{"id":3474,"href":"https:\/\/se.csbe.qc.ca\/universsocial\/wp-json\/wp\/v2\/pages\/3472\/revisions\/3474"}],"wp:attachment":[{"href":"https:\/\/se.csbe.qc.ca\/universsocial\/wp-json\/wp\/v2\/media?parent=3472"}],"curies":[{"name":"wp","href":"https:\/\/api.w.org\/{rel}","templated":true}]}}