{"id":3469,"date":"2014-10-30T11:42:38","date_gmt":"2014-10-30T15:42:38","guid":{"rendered":"https:\/\/se.csbe.qc.ca\/universsocial\/?page_id=3469"},"modified":"2014-10-30T11:42:38","modified_gmt":"2014-10-30T15:42:38","slug":"cadre-devaluation-histoire-du-xxe-siecle","status":"publish","type":"page","link":"https:\/\/se.csbe.qc.ca\/universsocial\/cadre-devaluation-histoire-du-xxe-siecle\/","title":{"rendered":"Cadre d&rsquo;\u00e9valuation &#8211; Histoire du XXe si\u00e8cle"},"content":{"rendered":"<div class=\"page-restrict-output\"><h2><span style=\"color: #000000;\"><strong>Voici le cadre d&rsquo;\u00e9valuation pour le cours optionnel \u00ab\u00a0Histoire du XXe si\u00e8cle\u00a0\u00bb.<\/strong><\/span><\/h2>\n<h2><\/h2>\n<h2><span style=\"text-decoration: underline;\"><span style=\"color: #000000;\"><strong>Cliquer pour t\u00e9l\u00e9charger:<\/strong><\/span><\/span><\/h2>\n<h2><span style=\"color: #0000ff;\"><em><strong><a href=\"https:\/\/se.csbe.qc.ca\/universsocial\/files\/2014\/10\/Cadre-d\u00e9valuation-Histoire-du-20e-si\u00e8cle1.pdf\" target=\"_blank\"><span style=\"color: #0000ff;\">Cadre d&rsquo;\u00e9valuation &#8211; Histoire du 20e si\u00e8cle<\/span><\/a><\/strong><\/em><\/span><\/h2>\n<!-- WP Attachments -->\r\n        <div style=\"width:100%;margin:10px 0 10px 0;\">\r\n            <h3>Attachments<\/h3>\r\n        <ul class=\"post-attachments\"><li class=\"post-attachment mime-application-pdf\"><a href=\"https:\/\/se.csbe.qc.ca\/universsocial\/files\/2014\/10\/Cadre-d\u00e9valuation-Histoire-du-20e-si\u00e8cle1.pdf\">Cadre d'\u00e9valuation - Histoire du 20e si\u00e8cle<\/a> <small>(309 kB)<\/small><\/li><\/ul><\/div><\/div>","protected":false},"excerpt":{"rendered":"<div class=\"page-restrict-output\"><p>Voici le cadre d&rsquo;\u00e9valuation pour le cours optionnel \u00ab\u00a0Histoire du XXe si\u00e8cle\u00a0\u00bb. Cliquer pour t\u00e9l\u00e9charger: Cadre d&rsquo;\u00e9valuation &#8211; Histoire du 20e si\u00e8cle Attachments Cadre d&rsquo;\u00e9valuation &#8211; Histoire du 20e si\u00e8cle (309 kB)<\/p>\n<\/div>","protected":false},"author":9,"featured_media":0,"parent":0,"menu_order":0,"comment_status":"open","ping_status":"open","template":"","meta":{"footnotes":""},"class_list":["post-3469","page","type-page","status-publish","hentry","nodate","item-wrap"],"_links":{"self":[{"href":"https:\/\/se.csbe.qc.ca\/universsocial\/wp-json\/wp\/v2\/pages\/3469","targetHints":{"allow":["GET"]}}],"collection":[{"href":"https:\/\/se.csbe.qc.ca\/universsocial\/wp-json\/wp\/v2\/pages"}],"about":[{"href":"https:\/\/se.csbe.qc.ca\/universsocial\/wp-json\/wp\/v2\/types\/page"}],"author":[{"embeddable":true,"href":"https:\/\/se.csbe.qc.ca\/universsocial\/wp-json\/wp\/v2\/users\/9"}],"replies":[{"embeddable":true,"href":"https:\/\/se.csbe.qc.ca\/universsocial\/wp-json\/wp\/v2\/comments?post=3469"}],"version-history":[{"count":1,"href":"https:\/\/se.csbe.qc.ca\/universsocial\/wp-json\/wp\/v2\/pages\/3469\/revisions"}],"predecessor-version":[{"id":3471,"href":"https:\/\/se.csbe.qc.ca\/universsocial\/wp-json\/wp\/v2\/pages\/3469\/revisions\/3471"}],"wp:attachment":[{"href":"https:\/\/se.csbe.qc.ca\/universsocial\/wp-json\/wp\/v2\/media?parent=3469"}],"curies":[{"name":"wp","href":"https:\/\/api.w.org\/{rel}","templated":true}]}}