{"id":3450,"date":"2014-10-28T15:20:48","date_gmt":"2014-10-28T19:20:48","guid":{"rendered":"https:\/\/se.csbe.qc.ca\/universsocial\/?page_id=3450"},"modified":"2014-10-28T15:20:48","modified_gmt":"2014-10-28T19:20:48","slug":"tensions-et-conflits-projet-grands-reporters-du-monde","status":"publish","type":"page","link":"https:\/\/se.csbe.qc.ca\/universsocial\/tensions-et-conflits-projet-grands-reporters-du-monde\/","title":{"rendered":"Tensions et conflits &#8211; Projet \u00ab\u00a0Grands reporters du monde\u00a0\u00bb"},"content":{"rendered":"<div class=\"page-restrict-output\"><h2><span style=\"color: #000000;\"><strong>Voici un projet tr\u00e8s int\u00e9ressant \u00e0 faire r\u00e9aliser \u00e0 vos \u00e9l\u00e8ves dans le cadre du module \u00ab\u00a0Tensions et conflits\u00a0\u00bb.<\/strong><\/span><\/h2>\n<h2><\/h2>\n<h2><span style=\"color: #000000;\"><strong>Vous trouverez ici une pr\u00e9sentation d\u00e9di\u00e9e \u00e0 l&rsquo;enseignant afin d&rsquo;expliquer les vis\u00e9es, l&rsquo;organisation et le d\u00e9roulement du projet. On y trouve \u00e9galement quelques trucs et astuces pour l&rsquo;enseignant, notamment concernant les choix de zones de conflit.<\/strong><\/span><\/h2>\n<h2><\/h2>\n<h2><span style=\"color: #000000;\"><strong>Le deuxi\u00e8me document est le cahier de l&rsquo;\u00e9l\u00e8ve, donc ce qu&rsquo;il utilise et doit compl\u00e9ter \u00e0 mesure que son projet avance.<\/strong><\/span><\/h2>\n<h2><\/h2>\n<h2><em><span style=\"color: #000000;\"><strong>Un grand merci \u00e0 M. Daniel Rouillard pour ce pr\u00e9cieux partage!<\/strong><\/span><\/em><\/h2>\n<h2><\/h2>\n<h2><span style=\"text-decoration: underline;\"><span style=\"color: #000000; text-decoration: underline;\"><strong>Pour t\u00e9l\u00e9charger, cliquer ci-dessous:<\/strong><\/span><\/span><\/h2>\n<h2><span style=\"color: #0000ff;\"><em><strong><a href=\"https:\/\/se.csbe.qc.ca\/universsocial\/files\/2014\/10\/Grands-reporters-du-monte_atelier_2014.pptx\" target=\"_blank\"><span style=\"color: #0000ff;\">Grands reporters du monte_atelier_2014<\/span><\/a><\/strong><\/em><\/span><\/h2>\n<h2><span style=\"color: #0000ff;\"><em><strong><a href=\"https:\/\/se.csbe.qc.ca\/universsocial\/files\/2014\/10\/Reportage-zone_de_conflit_2015.doc\" target=\"_blank\"><span style=\"color: #0000ff;\">Reportage-zone_de_conflit_2015<\/span><\/a><\/strong><\/em><\/span><\/h2>\n<!-- WP Attachments -->\r\n        <div style=\"width:100%;margin:10px 0 10px 0;\">\r\n            <h3>Attachments<\/h3>\r\n        <ul class=\"post-attachments\"><li class=\"post-attachment mime-application-vnd-openxmlformats-officedocument-presentationml-presentation\"><a href=\"https:\/\/se.csbe.qc.ca\/universsocial\/files\/2014\/10\/Grands-reporters-du-monte_atelier_2014.pptx\">Grands reporters du monte_atelier_2014<\/a> <small>(18 MB)<\/small><\/li><li class=\"post-attachment mime-application-msword\"><a href=\"https:\/\/se.csbe.qc.ca\/universsocial\/files\/2014\/10\/Reportage-zone_de_conflit_2015.doc\">Reportage-zone_de_conflit_2015<\/a> <small>(2 MB)<\/small><\/li><\/ul><\/div><\/div>","protected":false},"excerpt":{"rendered":"<div class=\"page-restrict-output\"><p>Voici un projet tr\u00e8s int\u00e9ressant \u00e0 faire r\u00e9aliser \u00e0 vos \u00e9l\u00e8ves dans le cadre du module \u00ab\u00a0Tensions et conflits\u00a0\u00bb. Vous trouverez ici une pr\u00e9sentation d\u00e9di\u00e9e \u00e0 l&rsquo;enseignant afin d&rsquo;expliquer les vis\u00e9es, l&rsquo;organisation et le d\u00e9roulement du projet. On y trouve \u00e9galement quelques trucs et astuces pour l&rsquo;enseignant, notamment concernant les choix de zones de conflit. &hellip; <\/p>\n<p><a class=\"more-link btn\" href=\"https:\/\/se.csbe.qc.ca\/universsocial\/tensions-et-conflits-projet-grands-reporters-du-monde\/\">Lire la suite<\/a><\/p>\n<\/div>","protected":false},"author":9,"featured_media":0,"parent":0,"menu_order":0,"comment_status":"open","ping_status":"open","template":"","meta":{"footnotes":""},"class_list":["post-3450","page","type-page","status-publish","hentry","nodate","item-wrap"],"_links":{"self":[{"href":"https:\/\/se.csbe.qc.ca\/universsocial\/wp-json\/wp\/v2\/pages\/3450","targetHints":{"allow":["GET"]}}],"collection":[{"href":"https:\/\/se.csbe.qc.ca\/universsocial\/wp-json\/wp\/v2\/pages"}],"about":[{"href":"https:\/\/se.csbe.qc.ca\/universsocial\/wp-json\/wp\/v2\/types\/page"}],"author":[{"embeddable":true,"href":"https:\/\/se.csbe.qc.ca\/universsocial\/wp-json\/wp\/v2\/users\/9"}],"replies":[{"embeddable":true,"href":"https:\/\/se.csbe.qc.ca\/universsocial\/wp-json\/wp\/v2\/comments?post=3450"}],"version-history":[{"count":1,"href":"https:\/\/se.csbe.qc.ca\/universsocial\/wp-json\/wp\/v2\/pages\/3450\/revisions"}],"predecessor-version":[{"id":3453,"href":"https:\/\/se.csbe.qc.ca\/universsocial\/wp-json\/wp\/v2\/pages\/3450\/revisions\/3453"}],"wp:attachment":[{"href":"https:\/\/se.csbe.qc.ca\/universsocial\/wp-json\/wp\/v2\/media?parent=3450"}],"curies":[{"name":"wp","href":"https:\/\/api.w.org\/{rel}","templated":true}]}}