{"id":3380,"date":"2014-10-28T09:08:41","date_gmt":"2014-10-28T13:08:41","guid":{"rendered":"https:\/\/se.csbe.qc.ca\/universsocial\/?page_id=3380"},"modified":"2016-04-12T09:46:58","modified_gmt":"2016-04-12T13:46:58","slug":"les-strategies-decriture-en-univers-social","status":"publish","type":"page","link":"https:\/\/se.csbe.qc.ca\/universsocial\/les-strategies-decriture-en-univers-social\/","title":{"rendered":"Strat\u00e9gies d&rsquo;\u00e9criture en univers social"},"content":{"rendered":"<div class=\"page-restrict-output\"><h2><span style=\"color: #000000;\"><strong>Voici une s\u00e9rie d&rsquo;affiches, de grilles et d&rsquo;outils, aussi bien pour le prof que pour l&rsquo;\u00e9l\u00e8ve, afin d&rsquo;am\u00e9liorer l&rsquo;analyse de documents (la lecture) et l&rsquo;\u00e9criture (ex: question \u00e0 r\u00e9ponse \u00e9labor\u00e9e) des \u00e9l\u00e8ves.<\/strong><\/span><\/h2>\n<h2><\/h2>\n<h2><span style=\"color: #000000;\"><strong>Je vous sugg\u00e8re fortement de parcourir les divers documents, puis d&rsquo;aller consulter la pr\u00e9sentation Prezi. Elle vous \u00e9clairera beaucoup sur la fa\u00e7on de travailler cela en classe, en enseignement explicite, en plus de donner des exemples concrets d&rsquo;activit\u00e9s.<\/strong><\/span><\/h2>\n<h2><\/h2>\n<h2><span style=\"text-decoration: underline;\"><span style=\"color: #000000;\"><strong>Cliquer pour t\u00e9l\u00e9charger:<\/strong><\/span><\/span><\/h2>\n<h1><a href=\"https:\/\/se.csbe.qc.ca\/universsocial\/files\/2014\/10\/LLL-Strat\u00e9gies-d\u00e9criture-en-Univers-social.zip\" rel=\"\">LLL &#8211; Strat\u00e9gies d&rsquo;\u00e9criture en Univers social<\/a><\/h1>\n<!-- WP Attachments -->\r\n        <div style=\"width:100%;margin:10px 0 10px 0;\">\r\n            <h3>Attachments<\/h3>\r\n        <ul class=\"post-attachments\"><li class=\"post-attachment mime-application-zip\"><a href=\"https:\/\/se.csbe.qc.ca\/universsocial\/files\/2014\/10\/LLL-Strat\u00e9gies-d\u00e9criture-en-Univers-social.zip\">LLL - Strat\u00e9gies d'\u00e9criture en Univers social<\/a> <small>(748 kB)<\/small><\/li><\/ul><\/div><\/div>","protected":false},"excerpt":{"rendered":"<div class=\"page-restrict-output\"><p>Voici une s\u00e9rie d&rsquo;affiches, de grilles et d&rsquo;outils, aussi bien pour le prof que pour l&rsquo;\u00e9l\u00e8ve, afin d&rsquo;am\u00e9liorer l&rsquo;analyse de documents (la lecture) et l&rsquo;\u00e9criture (ex: question \u00e0 r\u00e9ponse \u00e9labor\u00e9e) des \u00e9l\u00e8ves. Je vous sugg\u00e8re fortement de parcourir les divers documents, puis d&rsquo;aller consulter la pr\u00e9sentation Prezi. Elle vous \u00e9clairera beaucoup sur la fa\u00e7on de &hellip; <\/p>\n<p><a class=\"more-link btn\" href=\"https:\/\/se.csbe.qc.ca\/universsocial\/les-strategies-decriture-en-univers-social\/\">Lire la suite<\/a><\/p>\n<\/div>","protected":false},"author":9,"featured_media":0,"parent":0,"menu_order":0,"comment_status":"open","ping_status":"open","template":"","meta":{"footnotes":""},"class_list":["post-3380","page","type-page","status-publish","hentry","nodate","item-wrap"],"_links":{"self":[{"href":"https:\/\/se.csbe.qc.ca\/universsocial\/wp-json\/wp\/v2\/pages\/3380","targetHints":{"allow":["GET"]}}],"collection":[{"href":"https:\/\/se.csbe.qc.ca\/universsocial\/wp-json\/wp\/v2\/pages"}],"about":[{"href":"https:\/\/se.csbe.qc.ca\/universsocial\/wp-json\/wp\/v2\/types\/page"}],"author":[{"embeddable":true,"href":"https:\/\/se.csbe.qc.ca\/universsocial\/wp-json\/wp\/v2\/users\/9"}],"replies":[{"embeddable":true,"href":"https:\/\/se.csbe.qc.ca\/universsocial\/wp-json\/wp\/v2\/comments?post=3380"}],"version-history":[{"count":4,"href":"https:\/\/se.csbe.qc.ca\/universsocial\/wp-json\/wp\/v2\/pages\/3380\/revisions"}],"predecessor-version":[{"id":4193,"href":"https:\/\/se.csbe.qc.ca\/universsocial\/wp-json\/wp\/v2\/pages\/3380\/revisions\/4193"}],"wp:attachment":[{"href":"https:\/\/se.csbe.qc.ca\/universsocial\/wp-json\/wp\/v2\/media?parent=3380"}],"curies":[{"name":"wp","href":"https:\/\/api.w.org\/{rel}","templated":true}]}}