{"id":3358,"date":"2014-10-27T16:17:23","date_gmt":"2014-10-27T20:17:23","guid":{"rendered":"https:\/\/se.csbe.qc.ca\/universsocial\/?page_id=3358"},"modified":"2016-04-12T14:34:01","modified_gmt":"2016-04-12T18:34:01","slug":"tensions-et-conflits-projet-conflit-israelo-palestinien","status":"publish","type":"page","link":"https:\/\/se.csbe.qc.ca\/universsocial\/tensions-et-conflits-projet-conflit-israelo-palestinien\/","title":{"rendered":"Tensions et conflits &#8211; Projet \u00ab\u00a0Conflit isra\u00e9lo-palestinien\u00a0\u00bb"},"content":{"rendered":"<div class=\"page-restrict-output\"><h2><span style=\"color: #000000;\"><strong>Voici un ensemble TR\u00c8S COMPLET de ressources pour r\u00e9aliser un projet portant sur le conflit isra\u00e9lo-palestinien.<\/strong><\/span><\/h2>\n<h2><\/h2>\n<h2><span style=\"text-decoration: underline;\"><span style=\"color: #000000;\"><strong>Tout y est: <\/strong><\/span><\/span><\/h2>\n<ul>\n<li>\n<h3><span style=\"color: #800000;\"><em><strong>Pr\u00e9sentation du projet<\/strong><\/em><\/span><\/h3>\n<\/li>\n<li>\n<h3><span style=\"color: #800000;\"><em><strong>Outils de l&rsquo;enseignant<\/strong><\/em><\/span><\/h3>\n<\/li>\n<li>\n<h3><span style=\"color: #800000;\"><em><strong>Dossiers documentaires<\/strong><\/em><\/span><\/h3>\n<\/li>\n<li>\n<h3><span style=\"color: #800000;\"><em><strong>T\u00e2ches de l&rsquo;\u00e9l\u00e8ve<\/strong><\/em><\/span><\/h3>\n<\/li>\n<li>\n<h3><span style=\"color: #800000;\"><em><strong>etc.<\/strong><\/em><\/span><\/h3>\n<\/li>\n<\/ul>\n<h2><\/h2>\n<h2><span style=\"color: #000000;\"><em><strong>Un grand merci \u00e0 Mmes Patricia Fleury et \u00c8ve Thomas pour ce partage tr\u00e8s appr\u00e9ci\u00e9!<\/strong><\/em><\/span><\/h2>\n<p>&nbsp;<\/p>\n<h2><span style=\"text-decoration: underline;\"><span style=\"color: #000000;\"><strong>Cliquer pour t\u00e9l\u00e9charger:<\/strong><\/span><\/span><\/h2>\n<h2><a href=\"https:\/\/se.csbe.qc.ca\/universsocial\/files\/2014\/10\/1-Pr\u00e9sentation-du-projet-1.pub\" rel=\"\">1- Pr\u00e9sentation du projet<\/a><\/h2>\n<h2><a href=\"https:\/\/se.csbe.qc.ca\/universsocial\/files\/2014\/10\/1-Prezi-Lien-vers-la-pr\u00e9sentation-1.docx\" rel=\"\">1- Prezi &#8211; Lien vers la pr\u00e9sentation<\/a><\/h2>\n<h2><a href=\"https:\/\/se.csbe.qc.ca\/universsocial\/files\/2014\/10\/2-Dossier-de-presse-Concepts-1.docx\" rel=\"\">2- Dossier de presse Concepts<\/a><\/h2>\n<h2><a href=\"https:\/\/se.csbe.qc.ca\/universsocial\/files\/2014\/10\/2-Dossier-de-presse-Gen\u00e8se-du-conflit_radiocanada-1.docx\" rel=\"\">2- Dossier de presse Gen\u00e8se du conflit_radiocanada<\/a><\/h2>\n<h2><a href=\"https:\/\/se.csbe.qc.ca\/universsocial\/files\/2014\/10\/2-Dossier-de-presse-Ligne-du-temps-1.docx\" rel=\"\">2- Dossier de presse Ligne du temps<\/a><\/h2>\n<h2><a href=\"https:\/\/se.csbe.qc.ca\/universsocial\/files\/2014\/10\/2-Dossier-de-presse-R\u00e9sum\u00e9-chronologique-du-conflit-1.docx\" rel=\"\">2- Dossier de presse R\u00e9sum\u00e9 chronologique du conflit<\/a><\/h2>\n<h2><a href=\"https:\/\/se.csbe.qc.ca\/universsocial\/files\/2014\/10\/3-Pr\u00e9sentation-des-\u0153uvres-1.docx\" rel=\"\">3- Pr\u00e9sentation des \u0153uvres<\/a><\/h2>\n<h2><a href=\"https:\/\/se.csbe.qc.ca\/universsocial\/files\/2014\/10\/4-Extraits-litt\u00e9raires-vari\u00e9s-selon-th\u00e8mes-1.pub\" rel=\"\">4- Extraits litt\u00e9raires vari\u00e9s selon th\u00e8mes<\/a><\/h2>\n<h2><a href=\"https:\/\/se.csbe.qc.ca\/universsocial\/files\/2014\/10\/5-T\u00e2ches-th\u00e8me-1-Revendication-1.docx\" rel=\"\">5-T\u00e2ches th\u00e8me 1 <\/a><a href=\"https:\/\/se.csbe.qc.ca\/universsocial\/files\/2014\/10\/5-T\u00e2ches-th\u00e8me-1-Revendication-1.docx\" rel=\"\">Revendication<\/a><\/h2>\n<h2><a href=\"https:\/\/se.csbe.qc.ca\/universsocial\/files\/2014\/10\/5-T\u00e2ches-th\u00e8me-2-Processus-de-paix-1.docx\" rel=\"\">5-T\u00e2ches th\u00e8me 2 Processus de paix<\/a><\/h2>\n<h2><a href=\"https:\/\/se.csbe.qc.ca\/universsocial\/files\/2014\/10\/5-T\u00e2ches-th\u00e8me-3-Mur-de-s\u00e9curit\u00e9-et-points-de-passage-1.docx\" rel=\"\">5-T\u00e2ches th\u00e8me 3 Mur de s\u00e9curit\u00e9 et points de passage<\/a><\/h2>\n<h2><a href=\"https:\/\/se.csbe.qc.ca\/universsocial\/files\/2014\/10\/5-T\u00e2ches-th\u00e8me-4-attentats-1.docx\" rel=\"\">5-T\u00e2ches th\u00e8me 4 attentats<\/a><\/h2>\n<h2><a href=\"https:\/\/se.csbe.qc.ca\/universsocial\/files\/2014\/10\/5-T\u00e2ches-th\u00e8me-5-Parall\u00e8le-entre-Gaza-et-Tel-Aviv-1.docx\" rel=\"\">5-T\u00e2ches th\u00e8me 5 Parall\u00e8le entre Gaza et Tel-Aviv<\/a><\/h2>\n<h2><a href=\"https:\/\/se.csbe.qc.ca\/universsocial\/files\/2014\/10\/5-T\u00e2ches-th\u00e8me-6-Op\u00e9ration-plomb-durci-1.docx\" rel=\"\">5-T\u00e2ches th\u00e8me 6 Op\u00e9ration plomb durci<\/a><\/h2>\n<h2><a href=\"https:\/\/se.csbe.qc.ca\/universsocial\/files\/2014\/10\/5-T\u00e2ches-th\u00e8me-7-Les-ONG-1.docx\" rel=\"\">5-T\u00e2ches th\u00e8me 7 Les ONG<\/a><\/h2>\n<h2><\/h2>\n<!-- WP Attachments -->\r\n        <div style=\"width:100%;margin:10px 0 10px 0;\">\r\n            <h3>Attachments<\/h3>\r\n        <ul class=\"post-attachments\"><li class=\"post-attachment mime-application-vnd-ms-publisher\"><a href=\"https:\/\/se.csbe.qc.ca\/universsocial\/files\/2014\/10\/4-Extraits-litt\u00e9raires-vari\u00e9s-selon-th\u00e8mes-1.pub\">4- Extraits litt\u00e9raires vari\u00e9s selon th\u00e8mes<\/a> <small>(8 MB)<\/small><\/li><li class=\"post-attachment mime-application-vnd-openxmlformats-officedocument-wordprocessingml-document\"><a href=\"https:\/\/se.csbe.qc.ca\/universsocial\/files\/2014\/10\/5-T\u00e2ches-th\u00e8me-1-Revendication-1.docx\">5-T\u00e2ches th\u00e8me 1 Revendication<\/a> <small>(69 kB)<\/small><\/li><li class=\"post-attachment mime-application-vnd-openxmlformats-officedocument-wordprocessingml-document\"><a href=\"https:\/\/se.csbe.qc.ca\/universsocial\/files\/2014\/10\/5-T\u00e2ches-th\u00e8me-2-Processus-de-paix-1.docx\">5-T\u00e2ches th\u00e8me 2 Processus de paix<\/a> <small>(464 kB)<\/small><\/li><li class=\"post-attachment mime-application-vnd-openxmlformats-officedocument-wordprocessingml-document\"><a href=\"https:\/\/se.csbe.qc.ca\/universsocial\/files\/2014\/10\/5-T\u00e2ches-th\u00e8me-3-Mur-de-s\u00e9curit\u00e9-et-points-de-passage-1.docx\">5-T\u00e2ches th\u00e8me 3 Mur de s\u00e9curit\u00e9 et points de passage<\/a> <small>(554 kB)<\/small><\/li><li class=\"post-attachment mime-application-vnd-openxmlformats-officedocument-wordprocessingml-document\"><a href=\"https:\/\/se.csbe.qc.ca\/universsocial\/files\/2014\/10\/5-T\u00e2ches-th\u00e8me-4-attentats-1.docx\">5-T\u00e2ches th\u00e8me 4 attentats<\/a> <small>(289 kB)<\/small><\/li><li class=\"post-attachment mime-application-vnd-openxmlformats-officedocument-wordprocessingml-document\"><a href=\"https:\/\/se.csbe.qc.ca\/universsocial\/files\/2014\/10\/5-T\u00e2ches-th\u00e8me-5-Parall\u00e8le-entre-Gaza-et-Tel-Aviv-1.docx\">5-T\u00e2ches th\u00e8me 5 Parall\u00e8le entre Gaza et Tel-Aviv<\/a> <small>(104 kB)<\/small><\/li><li class=\"post-attachment mime-application-vnd-openxmlformats-officedocument-wordprocessingml-document\"><a href=\"https:\/\/se.csbe.qc.ca\/universsocial\/files\/2014\/10\/5-T\u00e2ches-th\u00e8me-6-Op\u00e9ration-plomb-durci-1.docx\">5-T\u00e2ches th\u00e8me 6 Op\u00e9ration plomb durci<\/a> <small>(25 kB)<\/small><\/li><li class=\"post-attachment mime-application-vnd-openxmlformats-officedocument-wordprocessingml-document\"><a href=\"https:\/\/se.csbe.qc.ca\/universsocial\/files\/2014\/10\/5-T\u00e2ches-th\u00e8me-7-Les-ONG-1.docx\">5-T\u00e2ches th\u00e8me 7 Les ONG<\/a> <small>(33 kB)<\/small><\/li><li class=\"post-attachment mime-application-vnd-ms-publisher\"><a href=\"https:\/\/se.csbe.qc.ca\/universsocial\/files\/2014\/10\/1-Pr\u00e9sentation-du-projet-1.pub\">1- Pr\u00e9sentation du projet<\/a> <small>(9 MB)<\/small><\/li><li class=\"post-attachment mime-application-vnd-openxmlformats-officedocument-wordprocessingml-document\"><a href=\"https:\/\/se.csbe.qc.ca\/universsocial\/files\/2014\/10\/1-Prezi-Lien-vers-la-pr\u00e9sentation-1.docx\">1- Prezi - Lien vers la pr\u00e9sentation<\/a> <small>(12 kB)<\/small><\/li><li class=\"post-attachment mime-application-vnd-openxmlformats-officedocument-wordprocessingml-document\"><a href=\"https:\/\/se.csbe.qc.ca\/universsocial\/files\/2014\/10\/2-Dossier-de-presse-Concepts-1.docx\">2- Dossier de presse Concepts<\/a> <small>(407 kB)<\/small><\/li><li class=\"post-attachment mime-application-vnd-openxmlformats-officedocument-wordprocessingml-document\"><a href=\"https:\/\/se.csbe.qc.ca\/universsocial\/files\/2014\/10\/2-Dossier-de-presse-Gen\u00e8se-du-conflit_radiocanada-1.docx\">2- Dossier de presse Gen\u00e8se du conflit_radiocanada<\/a> <small>(19 kB)<\/small><\/li><li class=\"post-attachment mime-application-vnd-openxmlformats-officedocument-wordprocessingml-document\"><a href=\"https:\/\/se.csbe.qc.ca\/universsocial\/files\/2014\/10\/2-Dossier-de-presse-Ligne-du-temps-1.docx\">2- Dossier de presse Ligne du temps<\/a> <small>(607 kB)<\/small><\/li><li class=\"post-attachment mime-application-vnd-openxmlformats-officedocument-wordprocessingml-document\"><a href=\"https:\/\/se.csbe.qc.ca\/universsocial\/files\/2014\/10\/2-Dossier-de-presse-R\u00e9sum\u00e9-chronologique-du-conflit-1.docx\">2- Dossier de presse R\u00e9sum\u00e9 chronologique du conflit<\/a> <small>(5 MB)<\/small><\/li><li class=\"post-attachment mime-application-vnd-openxmlformats-officedocument-wordprocessingml-document\"><a href=\"https:\/\/se.csbe.qc.ca\/universsocial\/files\/2014\/10\/3-Pr\u00e9sentation-des-\u0153uvres-1.docx\">3- Pr\u00e9sentation des \u0153uvres<\/a> <small>(105 kB)<\/small><\/li><\/ul><\/div><\/div>","protected":false},"excerpt":{"rendered":"<div class=\"page-restrict-output\"><p>Voici un ensemble TR\u00c8S COMPLET de ressources pour r\u00e9aliser un projet portant sur le conflit isra\u00e9lo-palestinien. Tout y est: Pr\u00e9sentation du projet Outils de l&rsquo;enseignant Dossiers documentaires T\u00e2ches de l&rsquo;\u00e9l\u00e8ve etc. Un grand merci \u00e0 Mmes Patricia Fleury et \u00c8ve Thomas pour ce partage tr\u00e8s appr\u00e9ci\u00e9! &nbsp; Cliquer pour t\u00e9l\u00e9charger: 1- Pr\u00e9sentation du projet 1- &hellip; <\/p>\n<p><a class=\"more-link btn\" href=\"https:\/\/se.csbe.qc.ca\/universsocial\/tensions-et-conflits-projet-conflit-israelo-palestinien\/\">Lire la suite<\/a><\/p>\n<\/div>","protected":false},"author":9,"featured_media":0,"parent":0,"menu_order":0,"comment_status":"open","ping_status":"open","template":"","meta":{"footnotes":""},"class_list":["post-3358","page","type-page","status-publish","hentry","nodate","item-wrap"],"_links":{"self":[{"href":"https:\/\/se.csbe.qc.ca\/universsocial\/wp-json\/wp\/v2\/pages\/3358","targetHints":{"allow":["GET"]}}],"collection":[{"href":"https:\/\/se.csbe.qc.ca\/universsocial\/wp-json\/wp\/v2\/pages"}],"about":[{"href":"https:\/\/se.csbe.qc.ca\/universsocial\/wp-json\/wp\/v2\/types\/page"}],"author":[{"embeddable":true,"href":"https:\/\/se.csbe.qc.ca\/universsocial\/wp-json\/wp\/v2\/users\/9"}],"replies":[{"embeddable":true,"href":"https:\/\/se.csbe.qc.ca\/universsocial\/wp-json\/wp\/v2\/comments?post=3358"}],"version-history":[{"count":4,"href":"https:\/\/se.csbe.qc.ca\/universsocial\/wp-json\/wp\/v2\/pages\/3358\/revisions"}],"predecessor-version":[{"id":4472,"href":"https:\/\/se.csbe.qc.ca\/universsocial\/wp-json\/wp\/v2\/pages\/3358\/revisions\/4472"}],"wp:attachment":[{"href":"https:\/\/se.csbe.qc.ca\/universsocial\/wp-json\/wp\/v2\/media?parent=3358"}],"curies":[{"name":"wp","href":"https:\/\/api.w.org\/{rel}","templated":true}]}}