{"id":3333,"date":"2014-10-27T15:52:21","date_gmt":"2014-10-27T19:52:21","guid":{"rendered":"https:\/\/se.csbe.qc.ca\/universsocial\/?page_id=3333"},"modified":"2015-06-23T16:06:57","modified_gmt":"2015-06-23T20:06:57","slug":"revision-annee-complete-sec-2","status":"publish","type":"page","link":"https:\/\/se.csbe.qc.ca\/universsocial\/revision-annee-complete-sec-2\/","title":{"rendered":"R\u00e9vision &#8211; Ann\u00e9e compl\u00e8te (Sec.2 &#8211; LLL)"},"content":{"rendered":"<div class=\"page-restrict-output\"><h2><span style=\"color: #000000;\"><strong>Wow!<\/strong><\/span><\/h2>\n<h2><\/h2>\n<h2><span style=\"color: #000000;\"><strong>Un document de r\u00e9vision POUR L&rsquo;\u00c9L\u00c8VE qui revient sur tout ce qu&rsquo;il doit avoir ma\u00eetris\u00e9 pour la fin de l&rsquo;ann\u00e9e&#8230;<\/strong><\/span><\/h2>\n<h2><span style=\"color: #000000;\"><strong>Quelle belle id\u00e9e de produire un document de r\u00e9vision pour l&rsquo;\u00e9l\u00e8ve, qui lui servira de guide d&rsquo;\u00e9tude!<\/strong><\/span><\/h2>\n<h2><\/h2>\n<h2><em><span style=\"color: #000000;\"><strong>Un grand merci \u00e0 Mme Marie-Jos\u00e9e Morneau, de la CS Seigneurie des Mille-\u00celes, pour ce partage!<\/strong><\/span><\/em><\/h2>\n<h2><\/h2>\n<h2><span style=\"text-decoration: underline;\"><span style=\"color: #000000;\"><strong>Cliquer pour t\u00e9l\u00e9charger:<\/strong><\/span><\/span><\/h2>\n<h2><span style=\"color: #0000ff;\"><em><strong><a href=\"https:\/\/se.csbe.qc.ca\/universsocial\/files\/2014\/10\/R\u00e9vision-Ann\u00e9e-compl\u00e8te-Sec.2.doc\" target=\"_blank\"><span style=\"color: #0000ff;\">R\u00e9vision &#8211; Ann\u00e9e compl\u00e8te (Sec.2)<\/span><\/a><\/strong><\/em><\/span><\/h2>\n<!-- WP Attachments -->\r\n        <div style=\"width:100%;margin:10px 0 10px 0;\">\r\n            <h3>Attachments<\/h3>\r\n        <ul class=\"post-attachments\"><li class=\"post-attachment mime-application-msword\"><a href=\"https:\/\/se.csbe.qc.ca\/universsocial\/files\/2014\/10\/R\u00e9vision-Ann\u00e9e-compl\u00e8te-Sec.2.doc\">R\u00e9vision - Ann\u00e9e compl\u00e8te (Sec.2)<\/a> <small>(13 MB)<\/small><\/li><\/ul><\/div><\/div>","protected":false},"excerpt":{"rendered":"<div class=\"page-restrict-output\"><p>Wow! Un document de r\u00e9vision POUR L&rsquo;\u00c9L\u00c8VE qui revient sur tout ce qu&rsquo;il doit avoir ma\u00eetris\u00e9 pour la fin de l&rsquo;ann\u00e9e&#8230; Quelle belle id\u00e9e de produire un document de r\u00e9vision pour l&rsquo;\u00e9l\u00e8ve, qui lui servira de guide d&rsquo;\u00e9tude! Un grand merci \u00e0 Mme Marie-Jos\u00e9e Morneau, de la CS Seigneurie des Mille-\u00celes, pour ce partage! Cliquer &hellip; <\/p>\n<p><a class=\"more-link btn\" href=\"https:\/\/se.csbe.qc.ca\/universsocial\/revision-annee-complete-sec-2\/\">Lire la suite<\/a><\/p>\n<\/div>","protected":false},"author":9,"featured_media":0,"parent":0,"menu_order":0,"comment_status":"open","ping_status":"open","template":"","meta":{"footnotes":""},"class_list":["post-3333","page","type-page","status-publish","hentry","nodate","item-wrap"],"_links":{"self":[{"href":"https:\/\/se.csbe.qc.ca\/universsocial\/wp-json\/wp\/v2\/pages\/3333","targetHints":{"allow":["GET"]}}],"collection":[{"href":"https:\/\/se.csbe.qc.ca\/universsocial\/wp-json\/wp\/v2\/pages"}],"about":[{"href":"https:\/\/se.csbe.qc.ca\/universsocial\/wp-json\/wp\/v2\/types\/page"}],"author":[{"embeddable":true,"href":"https:\/\/se.csbe.qc.ca\/universsocial\/wp-json\/wp\/v2\/users\/9"}],"replies":[{"embeddable":true,"href":"https:\/\/se.csbe.qc.ca\/universsocial\/wp-json\/wp\/v2\/comments?post=3333"}],"version-history":[{"count":2,"href":"https:\/\/se.csbe.qc.ca\/universsocial\/wp-json\/wp\/v2\/pages\/3333\/revisions"}],"predecessor-version":[{"id":3861,"href":"https:\/\/se.csbe.qc.ca\/universsocial\/wp-json\/wp\/v2\/pages\/3333\/revisions\/3861"}],"wp:attachment":[{"href":"https:\/\/se.csbe.qc.ca\/universsocial\/wp-json\/wp\/v2\/media?parent=3333"}],"curies":[{"name":"wp","href":"https:\/\/api.w.org\/{rel}","templated":true}]}}