{"id":3308,"date":"2014-10-27T14:33:31","date_gmt":"2014-10-27T18:33:31","guid":{"rendered":"https:\/\/se.csbe.qc.ca\/universsocial\/?page_id=3308"},"modified":"2014-10-27T14:34:39","modified_gmt":"2014-10-27T18:34:39","slug":"enseignement-explicite-des-o-i-lll","status":"publish","type":"page","link":"https:\/\/se.csbe.qc.ca\/universsocial\/enseignement-explicite-des-o-i-lll\/","title":{"rendered":"Enseignement explicite des O.I. (LLL)"},"content":{"rendered":"<div class=\"page-restrict-output\"><h2><span style=\"color: #000000;\"><strong>Voici des canevas pour l&rsquo;enseignement explicite des op\u00e9rations intellectuelles. <\/strong><\/span><\/h2>\n<h2><\/h2>\n<h2><span style=\"color: #000000;\"><strong>On y trouve de bonnes id\u00e9es, autant pour g\u00e9ographie, histoire et monde contemporain, \u00e0 partir de la technique du 3QPOC.<\/strong><\/span><\/h2>\n<p>&nbsp;<\/p>\n<h2><em><span style=\"color: #000000;\"><strong>Merci aux conseillers p\u00e9dagogiques de la table r\u00e9gionale LLL\u00a0pour ce partage!<\/strong><\/span><\/em><\/h2>\n<h2><\/h2>\n<h2><span style=\"text-decoration: underline;\"><span style=\"color: #000000; text-decoration: underline;\"><strong>Cliquer pour t\u00e9l\u00e9charger:<\/strong><\/span><\/span><\/h2>\n<h2><span style=\"color: #0000ff;\"><em><strong><a href=\"https:\/\/se.csbe.qc.ca\/universsocial\/files\/2014\/10\/EnseignementExplic_OI_primaire_LLL.pdf\" target=\"_blank\"><span style=\"color: #0000ff;\">EnseignementExplic_OI_primaire<\/span><\/a><\/strong><\/em><\/span><\/h2>\n<h2><span style=\"color: #0000ff;\"><em><strong><a href=\"https:\/\/se.csbe.qc.ca\/universsocial\/files\/2014\/10\/EnseignementExplic_OI_secondaire_GEO_CSSMI.pdf\" target=\"_blank\"><span style=\"color: #0000ff;\">EnseignementExplic_OI_secondaire_GEO<\/span><\/a><\/strong><\/em><\/span><\/h2>\n<h2><span style=\"color: #0000ff;\"><em><strong><a href=\"https:\/\/se.csbe.qc.ca\/universsocial\/files\/2014\/10\/EnseignementExplic_OI_secondaire_HEC_LLL.pdf\" target=\"_blank\"><span style=\"color: #0000ff;\">EnseignementExplic_OI_secondaire_HEC<\/span><\/a><\/strong><\/em><\/span><\/h2>\n<h2><span style=\"color: #0000ff;\"><em><strong><a href=\"https:\/\/se.csbe.qc.ca\/universsocial\/files\/2014\/10\/EnseignementExplic_OI_secondaire_MC_CSSMI.pdf\" target=\"_blank\"><span style=\"color: #0000ff;\">EnseignementExplic_OI_secondaire_MC<\/span><\/a><\/strong><\/em><\/span><\/h2>\n<!-- WP Attachments -->\r\n        <div style=\"width:100%;margin:10px 0 10px 0;\">\r\n            <h3>Attachments<\/h3>\r\n        <ul class=\"post-attachments\"><li class=\"post-attachment mime-application-pdf\"><a href=\"https:\/\/se.csbe.qc.ca\/universsocial\/files\/2014\/10\/EnseignementExplic_OI_primaire_LLL.pdf\">EnseignementExplic_OI_primaire<\/a> <small>(326 kB)<\/small><\/li><li class=\"post-attachment mime-application-pdf\"><a href=\"https:\/\/se.csbe.qc.ca\/universsocial\/files\/2014\/10\/EnseignementExplic_OI_secondaire_GEO_CSSMI.pdf\">EnseignementExplic_OI_secondaire_GEO<\/a> <small>(245 kB)<\/small><\/li><li class=\"post-attachment mime-application-pdf\"><a href=\"https:\/\/se.csbe.qc.ca\/universsocial\/files\/2014\/10\/EnseignementExplic_OI_secondaire_HEC_LLL.pdf\">EnseignementExplic_OI_secondaire_HEC<\/a> <small>(331 kB)<\/small><\/li><li class=\"post-attachment mime-application-pdf\"><a href=\"https:\/\/se.csbe.qc.ca\/universsocial\/files\/2014\/10\/EnseignementExplic_OI_secondaire_MC_CSSMI.pdf\">EnseignementExplic_OI_secondaire_MC<\/a> <small>(245 kB)<\/small><\/li><\/ul><\/div><\/div>","protected":false},"excerpt":{"rendered":"<div class=\"page-restrict-output\"><p>Voici des canevas pour l&rsquo;enseignement explicite des op\u00e9rations intellectuelles. On y trouve de bonnes id\u00e9es, autant pour g\u00e9ographie, histoire et monde contemporain, \u00e0 partir de la technique du 3QPOC. &nbsp; Merci aux conseillers p\u00e9dagogiques de la table r\u00e9gionale LLL\u00a0pour ce partage! Cliquer pour t\u00e9l\u00e9charger: EnseignementExplic_OI_primaire EnseignementExplic_OI_secondaire_GEO EnseignementExplic_OI_secondaire_HEC EnseignementExplic_OI_secondaire_MC Attachments EnseignementExplic_OI_primaire (326 kB)EnseignementExplic_OI_secondaire_GEO (245 kB)EnseignementExplic_OI_secondaire_HEC (331 &hellip; <\/p>\n<p><a class=\"more-link btn\" href=\"https:\/\/se.csbe.qc.ca\/universsocial\/enseignement-explicite-des-o-i-lll\/\">Lire la suite<\/a><\/p>\n<\/div>","protected":false},"author":9,"featured_media":0,"parent":0,"menu_order":0,"comment_status":"open","ping_status":"open","template":"","meta":{"footnotes":""},"class_list":["post-3308","page","type-page","status-publish","hentry","nodate","item-wrap"],"_links":{"self":[{"href":"https:\/\/se.csbe.qc.ca\/universsocial\/wp-json\/wp\/v2\/pages\/3308","targetHints":{"allow":["GET"]}}],"collection":[{"href":"https:\/\/se.csbe.qc.ca\/universsocial\/wp-json\/wp\/v2\/pages"}],"about":[{"href":"https:\/\/se.csbe.qc.ca\/universsocial\/wp-json\/wp\/v2\/types\/page"}],"author":[{"embeddable":true,"href":"https:\/\/se.csbe.qc.ca\/universsocial\/wp-json\/wp\/v2\/users\/9"}],"replies":[{"embeddable":true,"href":"https:\/\/se.csbe.qc.ca\/universsocial\/wp-json\/wp\/v2\/comments?post=3308"}],"version-history":[{"count":3,"href":"https:\/\/se.csbe.qc.ca\/universsocial\/wp-json\/wp\/v2\/pages\/3308\/revisions"}],"predecessor-version":[{"id":3316,"href":"https:\/\/se.csbe.qc.ca\/universsocial\/wp-json\/wp\/v2\/pages\/3308\/revisions\/3316"}],"wp:attachment":[{"href":"https:\/\/se.csbe.qc.ca\/universsocial\/wp-json\/wp\/v2\/media?parent=3308"}],"curies":[{"name":"wp","href":"https:\/\/api.w.org\/{rel}","templated":true}]}}