{"id":3288,"date":"2014-10-27T13:55:38","date_gmt":"2014-10-27T17:55:38","guid":{"rendered":"https:\/\/se.csbe.qc.ca\/universsocial\/?page_id=3288"},"modified":"2014-10-27T14:29:28","modified_gmt":"2014-10-27T18:29:28","slug":"3288-2","status":"publish","type":"page","link":"https:\/\/se.csbe.qc.ca\/universsocial\/3288-2\/","title":{"rendered":"Enseignement explicite des O.I. (CSTL)"},"content":{"rendered":"<div class=\"page-restrict-output\"><h2><span style=\"color: #000000;\"><strong>Voici<\/strong><strong>\u00a0plusieurs nouveaux outils, notamment pour l&rsquo;enseignement explicite des op\u00e9rations intellectuelles. Un outil d&rsquo;enseignement pour le prof et des outils pour les \u00e9l\u00e8ves sont \u00e9galement disponibles, en plus d&rsquo;exercices d\u00e9j\u00e0 mont\u00e9s (avec corrig\u00e9s) portant sur 4 op\u00e9rations.<\/strong><\/span><\/h2>\n<p>&nbsp;<\/p>\n<h2><em><span style=\"color: #000000;\"><strong>Merci \u00e0 Mme Josiane Plourde, de la Commission scolaire des Trois-Lacs, pour ce partage!<\/strong><\/span><\/em><\/h2>\n<h2><\/h2>\n<h2><span style=\"text-decoration: underline;\"><span style=\"color: #000000; text-decoration: underline;\"><strong>Cliquer pour t\u00e9l\u00e9charger:<\/strong><\/span><\/span><\/h2>\n<h2><span style=\"color: #0000ff;\"><strong><em><a href=\"https:\/\/se.csbe.qc.ca\/universsocial\/files\/2014\/10\/Affiches-des-OI.docx\" target=\"_blank\"><span style=\"color: #0000ff;\">Affiches des OI<\/span><\/a><\/em><\/strong><\/span><\/h2>\n<h2><span style=\"color: #0000ff;\"><strong><em><a href=\"https:\/\/se.csbe.qc.ca\/universsocial\/files\/2014\/10\/Exercices-Causes-cons\u00e9quences.docx\" target=\"_blank\"><span style=\"color: #0000ff;\">Exercices &#8211; Causes-cons\u00e9quences<\/span><\/a><\/em><\/strong><\/span><\/h2>\n<h2><span style=\"color: #0000ff;\"><strong><em><a href=\"https:\/\/se.csbe.qc.ca\/universsocial\/files\/2014\/10\/Exercices-D\u00e9terminer-des-changements.docx\" target=\"_blank\"><span style=\"color: #0000ff;\">Exercices &#8211; D\u00e9terminer des changements<\/span><\/a><\/em><\/strong><\/span><\/h2>\n<h2><span style=\"color: #0000ff;\"><strong><em><a href=\"https:\/\/se.csbe.qc.ca\/universsocial\/files\/2014\/10\/Exercices-\u00c9tablir-des-comparaisons.docx\" target=\"_blank\"><span style=\"color: #0000ff;\">Exercices &#8211; \u00c9tablir des comparaisons<\/span><\/a><\/em><\/strong><\/span><\/h2>\n<h2><span style=\"color: #0000ff;\"><strong><em><a href=\"https:\/\/se.csbe.qc.ca\/universsocial\/files\/2014\/10\/Exercices-\u00c9tablir-des-liens-de-causalit\u00e9.docx\" target=\"_blank\"><span style=\"color: #0000ff;\">Exercices &#8211; \u00c9tablir des liens de causalit\u00e9<\/span><\/a><\/em><\/strong><\/span><\/h2>\n<h2><span style=\"color: #0000ff;\"><strong><em><a href=\"https:\/\/se.csbe.qc.ca\/universsocial\/files\/2014\/10\/Outil-pour-l\u00e9l\u00e8ve.docx\" target=\"_blank\"><span style=\"color: #0000ff;\">Outil pour l&rsquo;\u00e9l\u00e8ve<\/span><\/a><\/em><\/strong><\/span><\/h2>\n<h2><span style=\"color: #0000ff;\"><strong><em><a href=\"https:\/\/se.csbe.qc.ca\/universsocial\/files\/2014\/10\/Outil-pour-lenseignant.notebook\" target=\"_blank\"><span style=\"color: #0000ff;\">Outil pour l&rsquo;enseignant<\/span><\/a><\/em><\/strong><\/span><\/h2>\n<h2><span style=\"color: #0000ff;\"><strong><em><a href=\"https:\/\/se.csbe.qc.ca\/universsocial\/files\/2014\/10\/R\u00e9sum\u00e9-des-OI-Tableau.docx\" target=\"_blank\"><span style=\"color: #0000ff;\">R\u00e9sum\u00e9 des OI &#8211; Tableau<\/span><\/a><\/em><\/strong><\/span><\/h2>\n<h2><span style=\"color: #0000ff;\"><strong><em><a href=\"https:\/\/se.csbe.qc.ca\/universsocial\/files\/2014\/10\/R\u00e9sum\u00e9-des-OI.docx\" target=\"_blank\"><span style=\"color: #0000ff;\">R\u00e9sum\u00e9 des OI<\/span><\/a><\/em><\/strong><\/span><\/h2>\n<!-- WP Attachments -->\r\n        <div style=\"width:100%;margin:10px 0 10px 0;\">\r\n            <h3>Attachments<\/h3>\r\n        <ul class=\"post-attachments\"><li class=\"post-attachment mime-application-vnd-openxmlformats-officedocument-wordprocessingml-document\"><a href=\"https:\/\/se.csbe.qc.ca\/universsocial\/files\/2014\/10\/Exercices-Causes-cons\u00e9quences.docx\">Exercices - Causes-cons\u00e9quences<\/a> <small>(4 MB)<\/small><\/li><li class=\"post-attachment mime-application-vnd-openxmlformats-officedocument-wordprocessingml-document\"><a href=\"https:\/\/se.csbe.qc.ca\/universsocial\/files\/2014\/10\/Exercices-D\u00e9terminer-des-changements.docx\">Exercices - D\u00e9terminer des changements<\/a> <small>(284 kB)<\/small><\/li><li class=\"post-attachment mime-application-vnd-openxmlformats-officedocument-wordprocessingml-document\"><a href=\"https:\/\/se.csbe.qc.ca\/universsocial\/files\/2014\/10\/Exercices-\u00c9tablir-des-comparaisons.docx\">Exercices - \u00c9tablir des comparaisons<\/a> <small>(119 kB)<\/small><\/li><li class=\"post-attachment mime-application-vnd-openxmlformats-officedocument-wordprocessingml-document\"><a href=\"https:\/\/se.csbe.qc.ca\/universsocial\/files\/2014\/10\/Affiches-des-OI.docx\">Affiches des OI<\/a> <small>(6 MB)<\/small><\/li><li class=\"post-attachment mime-application-vnd-openxmlformats-officedocument-wordprocessingml-document\"><a href=\"https:\/\/se.csbe.qc.ca\/universsocial\/files\/2014\/10\/Exercices-\u00c9tablir-des-liens-de-causalit\u00e9.docx\">Exercices - \u00c9tablir des liens de causalit\u00e9<\/a> <small>(2 MB)<\/small><\/li><li class=\"post-attachment mime-application-x-smarttech-notebook\"><a href=\"https:\/\/se.csbe.qc.ca\/universsocial\/files\/2014\/10\/Outil-pour-lenseignant.notebook\">Outil pour l'enseignant<\/a> <small>(2 MB)<\/small><\/li><li class=\"post-attachment mime-application-vnd-openxmlformats-officedocument-wordprocessingml-document\"><a href=\"https:\/\/se.csbe.qc.ca\/universsocial\/files\/2014\/10\/R\u00e9sum\u00e9-des-OI.docx\">R\u00e9sum\u00e9 des OI<\/a> <small>(8 MB)<\/small><\/li><li class=\"post-attachment mime-application-vnd-openxmlformats-officedocument-wordprocessingml-document\"><a href=\"https:\/\/se.csbe.qc.ca\/universsocial\/files\/2014\/10\/Outil-pour-l\u00e9l\u00e8ve.docx\">Outil pour l'\u00e9l\u00e8ve<\/a> <small>(392 kB)<\/small><\/li><li class=\"post-attachment mime-application-vnd-openxmlformats-officedocument-wordprocessingml-document\"><a href=\"https:\/\/se.csbe.qc.ca\/universsocial\/files\/2014\/10\/R\u00e9sum\u00e9-des-OI-Tableau.docx\">R\u00e9sum\u00e9 des OI - Tableau<\/a> <small>(24 kB)<\/small><\/li><\/ul><\/div><\/div>","protected":false},"excerpt":{"rendered":"<div class=\"page-restrict-output\"><p>Voici\u00a0plusieurs nouveaux outils, notamment pour l&rsquo;enseignement explicite des op\u00e9rations intellectuelles. Un outil d&rsquo;enseignement pour le prof et des outils pour les \u00e9l\u00e8ves sont \u00e9galement disponibles, en plus d&rsquo;exercices d\u00e9j\u00e0 mont\u00e9s (avec corrig\u00e9s) portant sur 4 op\u00e9rations. &nbsp; Merci \u00e0 Mme Josiane Plourde, de la Commission scolaire des Trois-Lacs, pour ce partage! Cliquer pour t\u00e9l\u00e9charger: Affiches &hellip; <\/p>\n<p><a class=\"more-link btn\" href=\"https:\/\/se.csbe.qc.ca\/universsocial\/3288-2\/\">Lire la suite<\/a><\/p>\n<\/div>","protected":false},"author":9,"featured_media":0,"parent":0,"menu_order":0,"comment_status":"open","ping_status":"open","template":"","meta":{"footnotes":""},"class_list":["post-3288","page","type-page","status-publish","hentry","nodate","item-wrap"],"_links":{"self":[{"href":"https:\/\/se.csbe.qc.ca\/universsocial\/wp-json\/wp\/v2\/pages\/3288","targetHints":{"allow":["GET"]}}],"collection":[{"href":"https:\/\/se.csbe.qc.ca\/universsocial\/wp-json\/wp\/v2\/pages"}],"about":[{"href":"https:\/\/se.csbe.qc.ca\/universsocial\/wp-json\/wp\/v2\/types\/page"}],"author":[{"embeddable":true,"href":"https:\/\/se.csbe.qc.ca\/universsocial\/wp-json\/wp\/v2\/users\/9"}],"replies":[{"embeddable":true,"href":"https:\/\/se.csbe.qc.ca\/universsocial\/wp-json\/wp\/v2\/comments?post=3288"}],"version-history":[{"count":3,"href":"https:\/\/se.csbe.qc.ca\/universsocial\/wp-json\/wp\/v2\/pages\/3288\/revisions"}],"predecessor-version":[{"id":3309,"href":"https:\/\/se.csbe.qc.ca\/universsocial\/wp-json\/wp\/v2\/pages\/3288\/revisions\/3309"}],"wp:attachment":[{"href":"https:\/\/se.csbe.qc.ca\/universsocial\/wp-json\/wp\/v2\/media?parent=3288"}],"curies":[{"name":"wp","href":"https:\/\/api.w.org\/{rel}","templated":true}]}}