{"id":326,"date":"2012-10-31T14:32:33","date_gmt":"2012-10-31T13:32:33","guid":{"rendered":"https:\/\/se.csbe.qc.ca\/universsocial\/?page_id=326"},"modified":"2013-01-14T08:40:27","modified_gmt":"2013-01-14T13:40:27","slug":"des-idees-pour-reviser-un-atelier-carrousel","status":"publish","type":"page","link":"https:\/\/se.csbe.qc.ca\/universsocial\/des-idees-pour-reviser-un-atelier-carrousel\/","title":{"rendered":"Des id\u00e9es pour r\u00e9viser&#8230; un atelier carrousel (2e cycle)"},"content":{"rendered":"<div class=\"page-restrict-output\"><h2><span style=\"color: #000000;\">Voici les documents fournis lors d&rsquo;un atelier \u00e0 l&rsquo;AQEUS 2012.<\/span><\/h2>\n<h2><\/h2>\n<h2><span style=\"color: #000000;\">Cet atelier est tr\u00e8s int\u00e9ressant. Vous y trouverez notamment les versions vierge et compl\u00e9t\u00e9e d&rsquo;un sch\u00e9ma r\u00e9sum\u00e9 de \u00ab\u00a0Revendications et luttes dans la colonie britannique\u00a0\u00bb<\/span><\/h2>\n<h2><\/h2>\n<h2><span style=\"color: #000000;\">Bien entendu, cet atelier s&rsquo;adapte tr\u00e8s bien en 4e secondaire&#8230;<\/span><\/h2>\n<h2><\/h2>\n<h2><span style=\"text-decoration: underline;\"><span style=\"color: #000000; text-decoration: underline;\">Cliquez sur les liens pour acc\u00e9der aux documents!<\/span><\/span><\/h2>\n<h2><em><span style=\"color: #000080;\"><a href=\"https:\/\/se.csbe.qc.ca\/universsocial\/files\/2012\/10\/journal-de-bord-du-participant.pdf\" target=\"_blank\"><span style=\"color: #000080;\">journal de bord du participant<\/span><\/a><\/span><\/em><\/h2>\n<h2><em><span style=\"color: #000080;\"><a href=\"https:\/\/se.csbe.qc.ca\/universsocial\/files\/2012\/10\/schema-organisateur-revendications-muet.pdf\" target=\"_blank\"><span style=\"color: #000080;\">sch\u00e9ma organisateur &#8211; revendications (muet)<\/span><\/a><\/span><\/em><\/h2>\n<h2><em><span style=\"color: #000080;\"><a href=\"https:\/\/se.csbe.qc.ca\/universsocial\/files\/2012\/10\/schema-organisateur-revendications.pdf\" target=\"_blank\"><span style=\"color: #000080;\">sch\u00e9ma organisateur &#8211; revendications<\/span><\/a><\/span><\/em><\/h2>\n<p>&nbsp;<\/p>\n<p>&nbsp;<\/p>\n<p>&nbsp;<\/p>\n<p>&nbsp;<\/p>\n<!-- WP Attachments -->\r\n        <div style=\"width:100%;margin:10px 0 10px 0;\">\r\n            <h3>Attachments<\/h3>\r\n        <ul class=\"post-attachments\"><li class=\"post-attachment mime-application-pdf\"><a href=\"https:\/\/se.csbe.qc.ca\/universsocial\/files\/2012\/10\/journal-de-bord-du-participant.pdf\">journal de bord du participant<\/a> <small>(354 kB)<\/small><\/li><li class=\"post-attachment mime-application-pdf\"><a href=\"https:\/\/se.csbe.qc.ca\/universsocial\/files\/2012\/10\/schema-organisateur-revendications-muet.pdf\">schema organisateur - revendications (muet)<\/a> <small>(257 kB)<\/small><\/li><li class=\"post-attachment mime-application-pdf\"><a href=\"https:\/\/se.csbe.qc.ca\/universsocial\/files\/2012\/10\/schema-organisateur-revendications.pdf\">schema organisateur - revendications<\/a> <small>(307 kB)<\/small><\/li><li class=\"post-attachment mime-application-pdf\"><a href=\"https:\/\/se.csbe.qc.ca\/universsocial\/files\/2012\/10\/journal-de-bord-du-participant1.pdf\">journal de bord du participant<\/a> <small>(354 kB)<\/small><\/li><li class=\"post-attachment mime-application-pdf\"><a href=\"https:\/\/se.csbe.qc.ca\/universsocial\/files\/2012\/10\/schema-organisateur-revendications-muet1.pdf\">schema organisateur - revendications (muet)<\/a> <small>(257 kB)<\/small><\/li><li class=\"post-attachment mime-application-pdf\"><a href=\"https:\/\/se.csbe.qc.ca\/universsocial\/files\/2012\/10\/schema-organisateur-revendications1.pdf\">schema organisateur - revendications<\/a> <small>(307 kB)<\/small><\/li><li class=\"post-attachment mime-application-pdf\"><a href=\"https:\/\/se.csbe.qc.ca\/universsocial\/files\/2012\/10\/journal-de-bord-du-participant2.pdf\">journal de bord du participant<\/a> <small>(354 kB)<\/small><\/li><li class=\"post-attachment mime-application-pdf\"><a href=\"https:\/\/se.csbe.qc.ca\/universsocial\/files\/2012\/10\/schema-organisateur-revendications-muet2.pdf\">schema organisateur - revendications (muet)<\/a> <small>(257 kB)<\/small><\/li><li class=\"post-attachment mime-application-pdf\"><a href=\"https:\/\/se.csbe.qc.ca\/universsocial\/files\/2012\/10\/schema-organisateur-revendications2.pdf\">schema organisateur - revendications<\/a> <small>(307 kB)<\/small><\/li><\/ul><\/div><\/div>","protected":false},"excerpt":{"rendered":"<div class=\"page-restrict-output\"><p>Voici les documents fournis lors d&rsquo;un atelier \u00e0 l&rsquo;AQEUS 2012. Cet atelier est tr\u00e8s int\u00e9ressant. Vous y trouverez notamment les versions vierge et compl\u00e9t\u00e9e d&rsquo;un sch\u00e9ma r\u00e9sum\u00e9 de \u00ab\u00a0Revendications et luttes dans la colonie britannique\u00a0\u00bb Bien entendu, cet atelier s&rsquo;adapte tr\u00e8s bien en 4e secondaire&#8230; Cliquez sur les liens pour acc\u00e9der aux documents! journal de &hellip; <\/p>\n<p><a class=\"more-link btn\" href=\"https:\/\/se.csbe.qc.ca\/universsocial\/des-idees-pour-reviser-un-atelier-carrousel\/\">Lire la suite<\/a><\/p>\n<\/div>","protected":false},"author":9,"featured_media":0,"parent":0,"menu_order":0,"comment_status":"open","ping_status":"closed","template":"","meta":{"footnotes":""},"class_list":["post-326","page","type-page","status-publish","hentry","nodate","item-wrap"],"_links":{"self":[{"href":"https:\/\/se.csbe.qc.ca\/universsocial\/wp-json\/wp\/v2\/pages\/326","targetHints":{"allow":["GET"]}}],"collection":[{"href":"https:\/\/se.csbe.qc.ca\/universsocial\/wp-json\/wp\/v2\/pages"}],"about":[{"href":"https:\/\/se.csbe.qc.ca\/universsocial\/wp-json\/wp\/v2\/types\/page"}],"author":[{"embeddable":true,"href":"https:\/\/se.csbe.qc.ca\/universsocial\/wp-json\/wp\/v2\/users\/9"}],"replies":[{"embeddable":true,"href":"https:\/\/se.csbe.qc.ca\/universsocial\/wp-json\/wp\/v2\/comments?post=326"}],"version-history":[{"count":7,"href":"https:\/\/se.csbe.qc.ca\/universsocial\/wp-json\/wp\/v2\/pages\/326\/revisions"}],"predecessor-version":[{"id":1235,"href":"https:\/\/se.csbe.qc.ca\/universsocial\/wp-json\/wp\/v2\/pages\/326\/revisions\/1235"}],"wp:attachment":[{"href":"https:\/\/se.csbe.qc.ca\/universsocial\/wp-json\/wp\/v2\/media?parent=326"}],"curies":[{"name":"wp","href":"https:\/\/api.w.org\/{rel}","templated":true}]}}