{"id":3208,"date":"2014-10-23T15:45:05","date_gmt":"2014-10-23T19:45:05","guid":{"rendered":"https:\/\/se.csbe.qc.ca\/universsocial\/?page_id=3208"},"modified":"2014-10-23T19:37:56","modified_gmt":"2014-10-23T23:37:56","slug":"notebook-capturer-une-video","status":"publish","type":"page","link":"https:\/\/se.csbe.qc.ca\/universsocial\/notebook-capturer-une-video\/","title":{"rendered":"Notebook &#8211; Capturer une vid\u00e9o"},"content":{"rendered":"<div class=\"page-restrict-output\"><p>[KGVID width=\u00a0\u00bb640&Prime; height=\u00a0\u00bb360&Prime;]https:\/\/se.csbe.qc.ca\/universsocial\/files\/2014\/10\/Notebook-Capturer-une-vid\u00e9o3.mp4[\/KGVID]<\/p>\n<!-- WP Attachments -->\r\n        <div style=\"width:100%;margin:10px 0 10px 0;\">\r\n            <h3>Attachments<\/h3>\r\n        <ul class=\"post-attachments\"><li class=\"post-attachment mime-video-mp4\"><a href=\"https:\/\/se.csbe.qc.ca\/universsocial\/files\/2014\/10\/Notebook-Capturer-une-vid\u00e9o_converted.mp4\">Notebook - Capturer une vid\u00e9o_converted<\/a> <small>(22 MB)<\/small><\/li><li class=\"post-attachment mime-video-mp4\"><a href=\"https:\/\/se.csbe.qc.ca\/universsocial\/files\/2014\/10\/Notebook-Capturer-une-vid\u00e9o.mp4\">Notebook - Capturer une vid\u00e9o<\/a> <small>(260 MB)<\/small><\/li><li class=\"post-attachment mime-video-mp4\"><a href=\"https:\/\/se.csbe.qc.ca\/universsocial\/files\/2014\/10\/Notebook-Capturer-une-vid\u00e9o1.mp4\">Notebook - Capturer une vid\u00e9o<\/a> <small>(260 MB)<\/small><\/li><li class=\"post-attachment mime-video-mp4\"><a href=\"https:\/\/se.csbe.qc.ca\/universsocial\/files\/2014\/10\/Notebook-Capturer-une-vid\u00e9o_converted1.mp4\">Notebook - Capturer une vid\u00e9o_converted<\/a> <small>(22 MB)<\/small><\/li><li class=\"post-attachment mime-video-mp4\"><a href=\"https:\/\/se.csbe.qc.ca\/universsocial\/files\/2014\/10\/Notebook-Capturer-une-vid\u00e9o2.mp4\">Notebook - Capturer une vid\u00e9o<\/a> <small>(25 MB)<\/small><\/li><li class=\"post-attachment mime-video-mp4\"><a href=\"https:\/\/se.csbe.qc.ca\/universsocial\/files\/2014\/10\/Notebook-Capturer-une-vid\u00e9o3.mp4\">Notebook - Capturer une vid\u00e9o<\/a> <small>(5 MB)<\/small><\/li><\/ul><\/div><\/div>","protected":false},"excerpt":{"rendered":"<div class=\"page-restrict-output\"><p>[KGVID width=\u00a0\u00bb640&Prime; height=\u00a0\u00bb360&Prime;]https:\/\/se.csbe.qc.ca\/universsocial\/files\/2014\/10\/Notebook-Capturer-une-vid\u00e9o3.mp4[\/KGVID] Attachments Notebook &#8211; Capturer une vid\u00e9o_converted (22 MB)Notebook &#8211; Capturer une vid\u00e9o (260 MB)Notebook &#8211; Capturer une vid\u00e9o (260 MB)Notebook &#8211; Capturer une vid\u00e9o_converted (22 MB)Notebook &#8211; Capturer une vid\u00e9o (25 MB)Notebook &#8211; Capturer une vid\u00e9o (5 MB)<\/p>\n<\/div>","protected":false},"author":9,"featured_media":0,"parent":0,"menu_order":0,"comment_status":"open","ping_status":"open","template":"","meta":{"footnotes":""},"class_list":["post-3208","page","type-page","status-publish","hentry","nodate","item-wrap"],"_links":{"self":[{"href":"https:\/\/se.csbe.qc.ca\/universsocial\/wp-json\/wp\/v2\/pages\/3208","targetHints":{"allow":["GET"]}}],"collection":[{"href":"https:\/\/se.csbe.qc.ca\/universsocial\/wp-json\/wp\/v2\/pages"}],"about":[{"href":"https:\/\/se.csbe.qc.ca\/universsocial\/wp-json\/wp\/v2\/types\/page"}],"author":[{"embeddable":true,"href":"https:\/\/se.csbe.qc.ca\/universsocial\/wp-json\/wp\/v2\/users\/9"}],"replies":[{"embeddable":true,"href":"https:\/\/se.csbe.qc.ca\/universsocial\/wp-json\/wp\/v2\/comments?post=3208"}],"version-history":[{"count":7,"href":"https:\/\/se.csbe.qc.ca\/universsocial\/wp-json\/wp\/v2\/pages\/3208\/revisions"}],"predecessor-version":[{"id":3257,"href":"https:\/\/se.csbe.qc.ca\/universsocial\/wp-json\/wp\/v2\/pages\/3208\/revisions\/3257"}],"wp:attachment":[{"href":"https:\/\/se.csbe.qc.ca\/universsocial\/wp-json\/wp\/v2\/media?parent=3208"}],"curies":[{"name":"wp","href":"https:\/\/api.w.org\/{rel}","templated":true}]}}