{"id":3200,"date":"2014-10-23T15:39:53","date_gmt":"2014-10-23T19:39:53","guid":{"rendered":"https:\/\/se.csbe.qc.ca\/universsocial\/?page_id=3200"},"modified":"2014-10-23T15:39:53","modified_gmt":"2014-10-23T19:39:53","slug":"inserer-une-video-youtube","status":"publish","type":"page","link":"https:\/\/se.csbe.qc.ca\/universsocial\/inserer-une-video-youtube\/","title":{"rendered":"Ins\u00e9rer une vid\u00e9o Youtube"},"content":{"rendered":"<div class=\"page-restrict-output\"><h2><span style=\"text-decoration: underline;\"><span style=\"color: #000000;\"><strong>Cliquer pour t\u00e9l\u00e9charger:<\/strong><\/span><\/span><\/h2>\n<h2><span style=\"color: #0000ff;\"><em><strong><a href=\"https:\/\/se.csbe.qc.ca\/universsocial\/files\/2014\/10\/05Moodle_video_youtube.pdf\" target=\"_blank\"><span style=\"color: #0000ff;\">Ins\u00e9rer une vid\u00e9o Youtube<\/span><\/a><\/strong><\/em><\/span><\/h2>\n<!-- WP Attachments -->\r\n        <div style=\"width:100%;margin:10px 0 10px 0;\">\r\n            <h3>Attachments<\/h3>\r\n        <ul class=\"post-attachments\"><li class=\"post-attachment mime-application-pdf\"><a href=\"https:\/\/se.csbe.qc.ca\/universsocial\/files\/2014\/10\/05Moodle_video_youtube.pdf\">Ins\u00e9rer une vid\u00e9o Youtube<\/a> <small>(733 kB)<\/small><\/li><\/ul><\/div><\/div>","protected":false},"excerpt":{"rendered":"<div class=\"page-restrict-output\"><p>Cliquer pour t\u00e9l\u00e9charger: Ins\u00e9rer une vid\u00e9o Youtube Attachments Ins\u00e9rer une vid\u00e9o Youtube (733 kB)<\/p>\n<\/div>","protected":false},"author":9,"featured_media":0,"parent":0,"menu_order":0,"comment_status":"open","ping_status":"open","template":"","meta":{"footnotes":""},"class_list":["post-3200","page","type-page","status-publish","hentry","nodate","item-wrap"],"_links":{"self":[{"href":"https:\/\/se.csbe.qc.ca\/universsocial\/wp-json\/wp\/v2\/pages\/3200","targetHints":{"allow":["GET"]}}],"collection":[{"href":"https:\/\/se.csbe.qc.ca\/universsocial\/wp-json\/wp\/v2\/pages"}],"about":[{"href":"https:\/\/se.csbe.qc.ca\/universsocial\/wp-json\/wp\/v2\/types\/page"}],"author":[{"embeddable":true,"href":"https:\/\/se.csbe.qc.ca\/universsocial\/wp-json\/wp\/v2\/users\/9"}],"replies":[{"embeddable":true,"href":"https:\/\/se.csbe.qc.ca\/universsocial\/wp-json\/wp\/v2\/comments?post=3200"}],"version-history":[{"count":1,"href":"https:\/\/se.csbe.qc.ca\/universsocial\/wp-json\/wp\/v2\/pages\/3200\/revisions"}],"predecessor-version":[{"id":3202,"href":"https:\/\/se.csbe.qc.ca\/universsocial\/wp-json\/wp\/v2\/pages\/3200\/revisions\/3202"}],"wp:attachment":[{"href":"https:\/\/se.csbe.qc.ca\/universsocial\/wp-json\/wp\/v2\/media?parent=3200"}],"curies":[{"name":"wp","href":"https:\/\/api.w.org\/{rel}","templated":true}]}}