{"id":3187,"date":"2014-10-23T15:36:20","date_gmt":"2014-10-23T19:36:20","guid":{"rendered":"https:\/\/se.csbe.qc.ca\/universsocial\/?page_id=3187"},"modified":"2014-10-23T15:36:20","modified_gmt":"2014-10-23T19:36:20","slug":"deposer-un-fichier","status":"publish","type":"page","link":"https:\/\/se.csbe.qc.ca\/universsocial\/deposer-un-fichier\/","title":{"rendered":"D\u00e9poser un fichier"},"content":{"rendered":"<div class=\"page-restrict-output\"><h2><span style=\"text-decoration: underline;\"><span style=\"color: #000000;\"><strong>Cliquer pour t\u00e9l\u00e9charger:<\/strong><\/span><\/span><\/h2>\n<h2><span style=\"color: #0000ff;\"><em><strong><a href=\"https:\/\/se.csbe.qc.ca\/universsocial\/files\/2014\/10\/01Moodle_Deposer_un_fichier.pdf\" target=\"_blank\"><span style=\"color: #0000ff;\">D\u00e9poser un fichier<\/span><\/a><\/strong><\/em><\/span><\/h2>\n<!-- WP Attachments -->\r\n        <div style=\"width:100%;margin:10px 0 10px 0;\">\r\n            <h3>Attachments<\/h3>\r\n        <ul class=\"post-attachments\"><li class=\"post-attachment mime-application-pdf\"><a href=\"https:\/\/se.csbe.qc.ca\/universsocial\/files\/2014\/10\/1-Creer-une-clef-dinscription2.pdf\">1- Creer une clef d'inscription<\/a> <small>(618 kB)<\/small><\/li><li class=\"post-attachment mime-application-pdf\"><a href=\"https:\/\/se.csbe.qc.ca\/universsocial\/files\/2014\/10\/01Moodle_Deposer_un_fichier.pdf\">D\u00e9poser un fichier<\/a> <small>(470 kB)<\/small><\/li><\/ul><\/div><\/div>","protected":false},"excerpt":{"rendered":"<div class=\"page-restrict-output\"><p>Cliquer pour t\u00e9l\u00e9charger: D\u00e9poser un fichier Attachments 1- Creer une clef d&rsquo;inscription (618 kB)D\u00e9poser un fichier (470 kB)<\/p>\n<\/div>","protected":false},"author":9,"featured_media":0,"parent":0,"menu_order":0,"comment_status":"open","ping_status":"open","template":"","meta":{"footnotes":""},"class_list":["post-3187","page","type-page","status-publish","hentry","nodate","item-wrap"],"_links":{"self":[{"href":"https:\/\/se.csbe.qc.ca\/universsocial\/wp-json\/wp\/v2\/pages\/3187","targetHints":{"allow":["GET"]}}],"collection":[{"href":"https:\/\/se.csbe.qc.ca\/universsocial\/wp-json\/wp\/v2\/pages"}],"about":[{"href":"https:\/\/se.csbe.qc.ca\/universsocial\/wp-json\/wp\/v2\/types\/page"}],"author":[{"embeddable":true,"href":"https:\/\/se.csbe.qc.ca\/universsocial\/wp-json\/wp\/v2\/users\/9"}],"replies":[{"embeddable":true,"href":"https:\/\/se.csbe.qc.ca\/universsocial\/wp-json\/wp\/v2\/comments?post=3187"}],"version-history":[{"count":1,"href":"https:\/\/se.csbe.qc.ca\/universsocial\/wp-json\/wp\/v2\/pages\/3187\/revisions"}],"predecessor-version":[{"id":3190,"href":"https:\/\/se.csbe.qc.ca\/universsocial\/wp-json\/wp\/v2\/pages\/3187\/revisions\/3190"}],"wp:attachment":[{"href":"https:\/\/se.csbe.qc.ca\/universsocial\/wp-json\/wp\/v2\/media?parent=3187"}],"curies":[{"name":"wp","href":"https:\/\/api.w.org\/{rel}","templated":true}]}}