{"id":306,"date":"2012-10-30T19:23:12","date_gmt":"2012-10-30T18:23:12","guid":{"rendered":"https:\/\/se.csbe.qc.ca\/universsocial\/?page_id=306"},"modified":"2019-11-26T08:50:48","modified_gmt":"2019-11-26T13:50:48","slug":"histoire-2e-cycle-sec-4-questions-a-reponse-elaboree","status":"publish","type":"page","link":"https:\/\/se.csbe.qc.ca\/universsocial\/histoire-2e-cycle-sec-4-questions-a-reponse-elaboree\/","title":{"rendered":"Questions \u00e0 r\u00e9ponse \u00e9labor\u00e9e (Sec.4)"},"content":{"rendered":"<div class=\"page-restrict-output\"><h2><span style=\"color: #000000\">Une banque de questions \u00e0 r\u00e9ponse \u00e9labor\u00e9e est disponible pour fins d&rsquo;\u00e9valuation ou de r\u00e9vision en vue de l&rsquo;\u00e9preuve unique du MELS&#8230;<\/span><\/h2>\n<h2><span style=\"color: #000000\">Le 2e lien nous provient d&rsquo;un \u00e9change avec la C.S. des Phares&#8230; merci \u00e0 eux!<\/span><\/h2>\n<p><span style=\"color: #000000\">\u00a0<\/span><\/p>\n<h2><span style=\"color: #000000\"><strong><span style=\"text-decoration: underline\">Pour les t\u00e9l\u00e9charger, cliquez sur les liens ci-dessous:<\/span><\/strong><\/span><\/h2>\n<h2><em><a href=\"https:\/\/se.csbe.qc.ca\/universsocial\/files\/2012\/10\/CSBE-Questions-\u00e0-r\u00e9ponse-\u00e9labor\u00e9e.zip\">CSBE &#8211; Questions \u00e0 r\u00e9ponse \u00e9labor\u00e9e<\/a><\/em><\/h2>\n<h2><em><a href=\"https:\/\/se.csbe.qc.ca\/universsocial\/files\/2012\/10\/C.S.-des-Phares-Question-\u00e0-r\u00e9ponse-\u00e9labor\u00e9e.zip\">C.S. des Phares &#8211; Question \u00e0 r\u00e9ponse \u00e9labor\u00e9e<\/a><\/em><\/h2>\n<!-- WP Attachments -->\r\n        <div style=\"width:100%;margin:10px 0 10px 0;\">\r\n            <h3>Attachments<\/h3>\r\n        <ul class=\"post-attachments\"><li class=\"post-attachment mime-application-msword\"><a href=\"https:\/\/se.csbe.qc.ca\/universsocial\/files\/2012\/10\/Population-et-peuplement-L\u00e9volution-de-limmigration-dossier-documentaire.docx\">Population et peuplement - L'\u00e9volution de l'immigration (dossier documentaire)<\/a> <small>(767 kB)<\/small><\/li><li class=\"post-attachment mime-application-msword\"><a href=\"https:\/\/se.csbe.qc.ca\/universsocial\/files\/2012\/10\/Population-et-peuplement-L\u00e9volution-de-limmigration.docx\">Population et peuplement - L'\u00e9volution de l'immigration<\/a> <small>(127 kB)<\/small><\/li><li class=\"post-attachment mime-application-msword\"><a href=\"https:\/\/se.csbe.qc.ca\/universsocial\/files\/2012\/10\/Population-et-peuplement-Lois-sur-limmigration-dossier-documentaire.docx\">Population et peuplement - Lois sur l'immigration (dossier documentaire)<\/a> <small>(158 kB)<\/small><\/li><li class=\"post-attachment mime-application-msword\"><a href=\"https:\/\/se.csbe.qc.ca\/universsocial\/files\/2012\/10\/Population-et-peuplement-Lois-sur-limmigration.docx\">Population et peuplement - Lois sur l'immigration<\/a> <small>(133 kB)<\/small><\/li><li class=\"post-attachment mime-application-msword\"><a href=\"https:\/\/se.csbe.qc.ca\/universsocial\/files\/2012\/10\/Population-et-peuplement-Lois-sur-limmigration1.docx\">Population et peuplement - Lois sur l'immigration<\/a> <small>(133 kB)<\/small><\/li><li class=\"post-attachment mime-application-msword\"><a href=\"https:\/\/se.csbe.qc.ca\/universsocial\/files\/2012\/10\/\u00c9conomie-et-d\u00e9veloppement-Industrialisation-dossier-documentaire.docx\">\u00c9conomie et d\u00e9veloppement - Industrialisation (dossier documentaire)<\/a> <small>(580 kB)<\/small><\/li><li class=\"post-attachment mime-application-msword\"><a href=\"https:\/\/se.csbe.qc.ca\/universsocial\/files\/2012\/10\/\u00c9conomie-et-d\u00e9veloppement-Industrialisation.docx\">\u00c9conomie et d\u00e9veloppement - Industrialisation<\/a> <small>(135 kB)<\/small><\/li><li class=\"post-attachment mime-application-msword\"><a href=\"https:\/\/se.csbe.qc.ca\/universsocial\/files\/2012\/10\/Culture-et-mouvements-de-pens\u00e9e-Influence-de-la-religion-catholique-dossier-documentaire.docx\">Culture et mouvements de pens\u00e9e - Influence de la religion catholique (dossier documentaire)<\/a> <small>(416 kB)<\/small><\/li><li class=\"post-attachment mime-application-msword\"><a href=\"https:\/\/se.csbe.qc.ca\/universsocial\/files\/2012\/10\/Culture-et-mouvements-de-pens\u00e9e-Influence-de-la-religion-catholique.docx\">Culture et mouvements de pens\u00e9e - Influence de la religion catholique<\/a> <small>(134 kB)<\/small><\/li><li class=\"post-attachment mime-application-msword\"><a href=\"https:\/\/se.csbe.qc.ca\/universsocial\/files\/2012\/10\/Pouvoir-et-pouvoirs-Relations-\u00c9glise-\u00c9tat-dossier-documentaire.docx\">Pouvoir et pouvoirs - Relations \u00c9glise-\u00c9tat (dossier documentaire)<\/a> <small>(366 kB)<\/small><\/li><li class=\"post-attachment mime-application-msword\"><a href=\"https:\/\/se.csbe.qc.ca\/universsocial\/files\/2012\/10\/Pouvoir-et-pouvoirs-Relations-\u00c9glise-\u00c9tat.docx\">Pouvoir et pouvoirs - Relations \u00c9glise-\u00c9tat<\/a> <small>(133 kB)<\/small><\/li><li class=\"post-attachment mime-application-zip\"><a href=\"https:\/\/se.csbe.qc.ca\/universsocial\/files\/2012\/10\/CSBE-Questions-\u00e0-r\u00e9ponse-\u00e9labor\u00e9e.zip\">CSBE - Questions \u00e0 r\u00e9ponse \u00e9labor\u00e9e<\/a> <small>(4 MB)<\/small><\/li><li class=\"post-attachment mime-application-zip\"><a href=\"https:\/\/se.csbe.qc.ca\/universsocial\/files\/2012\/10\/C.S.-des-Phares-Question-\u00e0-r\u00e9ponse-\u00e9labor\u00e9e.zip\">C.S. des Phares - Question \u00e0 r\u00e9ponse \u00e9labor\u00e9e<\/a> <small>(2 MB)<\/small><\/li><li class=\"post-attachment mime-application-zip\"><a href=\"https:\/\/se.csbe.qc.ca\/universsocial\/files\/2012\/10\/CSBE-Questions-\u00e0-r\u00e9ponse-\u00e9labor\u00e9e1.zip\">CSBE - Questions \u00e0 r\u00e9ponse \u00e9labor\u00e9e<\/a> <small>(4 MB)<\/small><\/li><\/ul><\/div><\/div>","protected":false},"excerpt":{"rendered":"<div class=\"page-restrict-output\"><p>Une banque de questions \u00e0 r\u00e9ponse \u00e9labor\u00e9e est disponible pour fins d&rsquo;\u00e9valuation ou de r\u00e9vision en vue de l&rsquo;\u00e9preuve unique du MELS&#8230; Le 2e lien nous provient d&rsquo;un \u00e9change avec la C.S. des Phares&#8230; merci \u00e0 eux! \u00a0 Pour les t\u00e9l\u00e9charger, cliquez sur les liens ci-dessous: CSBE &#8211; Questions \u00e0 r\u00e9ponse \u00e9labor\u00e9e C.S. des Phares &hellip; <\/p>\n<p><a class=\"more-link btn\" href=\"https:\/\/se.csbe.qc.ca\/universsocial\/histoire-2e-cycle-sec-4-questions-a-reponse-elaboree\/\">Lire la suite<\/a><\/p>\n<\/div>","protected":false},"author":9,"featured_media":0,"parent":0,"menu_order":0,"comment_status":"closed","ping_status":"closed","template":"","meta":{"footnotes":""},"class_list":["post-306","page","type-page","status-publish","hentry","nodate","item-wrap"],"_links":{"self":[{"href":"https:\/\/se.csbe.qc.ca\/universsocial\/wp-json\/wp\/v2\/pages\/306","targetHints":{"allow":["GET"]}}],"collection":[{"href":"https:\/\/se.csbe.qc.ca\/universsocial\/wp-json\/wp\/v2\/pages"}],"about":[{"href":"https:\/\/se.csbe.qc.ca\/universsocial\/wp-json\/wp\/v2\/types\/page"}],"author":[{"embeddable":true,"href":"https:\/\/se.csbe.qc.ca\/universsocial\/wp-json\/wp\/v2\/users\/9"}],"replies":[{"embeddable":true,"href":"https:\/\/se.csbe.qc.ca\/universsocial\/wp-json\/wp\/v2\/comments?post=306"}],"version-history":[{"count":11,"href":"https:\/\/se.csbe.qc.ca\/universsocial\/wp-json\/wp\/v2\/pages\/306\/revisions"}],"predecessor-version":[{"id":6901,"href":"https:\/\/se.csbe.qc.ca\/universsocial\/wp-json\/wp\/v2\/pages\/306\/revisions\/6901"}],"wp:attachment":[{"href":"https:\/\/se.csbe.qc.ca\/universsocial\/wp-json\/wp\/v2\/media?parent=306"}],"curies":[{"name":"wp","href":"https:\/\/api.w.org\/{rel}","templated":true}]}}