{"id":2944,"date":"2014-10-21T13:40:57","date_gmt":"2014-10-21T17:40:57","guid":{"rendered":"https:\/\/se.csbe.qc.ca\/universsocial\/?page_id=2944"},"modified":"2014-10-21T13:41:22","modified_gmt":"2014-10-21T17:41:22","slug":"activites-de-revision-lll-sec-2","status":"publish","type":"page","link":"https:\/\/se.csbe.qc.ca\/universsocial\/activites-de-revision-lll-sec-2\/","title":{"rendered":"Activit\u00e9s de synth\u00e8se (LLL) (Sec.2)"},"content":{"rendered":"<div class=\"page-restrict-output\"><h2><span style=\"color: #000000;\"><strong>Voici une s\u00e9rie tr\u00e8s compl\u00e8te d\u2019activit\u00e9s de r\u00e9vision pour l\u2019ensemble du cours de 2e\u00a0secondaire.\u00a0<\/strong><\/span><\/h2>\n<h2><span style=\"color: #000000;\">\u00a0<\/span><\/h2>\n<h2><span style=\"color: #000000;\"><strong>On y retrouve le cahier de l\u2019\u00e9l\u00e8ve et le cahier de l\u2019enseignant (corrig\u00e9) pour chacun\u00a0des modules, le tout construit en fonction de la\u00a0<em>Progression des apprentissages<\/em>.<\/strong><\/span><\/h2>\n<p><span style=\"color: #000000;\">\u00a0<\/span><\/p>\n<h2><span style=\"color: #000000;\"><strong>Ces activit\u00e9s ont \u00e9t\u00e9 construites par les membres de la Table LLL d\u2019univers social et nous leur en sommes TR\u00c8S reconnaissants!<\/strong><\/span><\/h2>\n<h2><\/h2>\n<h2><span style=\"text-decoration: underline;\"><span style=\"color: #000000; text-decoration: underline;\"><strong>Pour t\u00e9l\u00e9charger chacun des documents, cliquer sur les liens ci-dessous:<\/strong><\/span><\/span><\/h2>\n<h2><span style=\"color: #0000ff;\"><em><strong><a href=\"https:\/\/se.csbe.qc.ca\/universsocial\/files\/2014\/10\/Humanisme-Eleve.doc\" target=\"_blank\"><span style=\"color: #0000ff;\">Humanisme &#8211; Eleve<\/span><\/a><\/strong><\/em><\/span><\/h2>\n<h2><span style=\"color: #0000ff;\"><em><strong><a href=\"https:\/\/se.csbe.qc.ca\/universsocial\/files\/2014\/10\/Humanisme-Corrige.doc\" target=\"_blank\"><span style=\"color: #0000ff;\">Humanisme &#8211; Corrige<\/span><\/a><\/strong><\/em><\/span><\/h2>\n<h2><span style=\"color: #0000ff;\"><em><strong><a href=\"https:\/\/se.csbe.qc.ca\/universsocial\/files\/2014\/10\/Expansion-Eleve.doc\" target=\"_blank\"><span style=\"color: #0000ff;\">Expansion &#8211; Eleve<\/span><\/a><\/strong><\/em><\/span><\/h2>\n<h2><span style=\"color: #0000ff;\"><em><strong><a href=\"https:\/\/se.csbe.qc.ca\/universsocial\/files\/2014\/10\/Expansion-Corrige.doc\" target=\"_blank\"><span style=\"color: #0000ff;\">Expansion &#8211; Corrige<\/span><\/a><\/strong><\/em><\/span><\/h2>\n<h2><span style=\"color: #0000ff;\"><em><strong><a href=\"https:\/\/se.csbe.qc.ca\/universsocial\/files\/2014\/10\/Revolution-Americaine-Eleve.doc\" target=\"_blank\"><span style=\"color: #0000ff;\">Revolution Americaine &#8211; Eleve<\/span><\/a><\/strong><\/em><\/span><\/h2>\n<h2><span style=\"color: #0000ff;\"><em><strong><a href=\"https:\/\/se.csbe.qc.ca\/universsocial\/files\/2014\/10\/Revolution-Americaine-Corrige.doc\" target=\"_blank\"><span style=\"color: #0000ff;\">Revolution Americaine &#8211; Corrige<\/span><\/a><\/strong><\/em><\/span><\/h2>\n<h2><span style=\"color: #0000ff;\"><em><strong><a href=\"https:\/\/se.csbe.qc.ca\/universsocial\/files\/2014\/10\/Industrialisation-Eleve.doc\" target=\"_blank\"><span style=\"color: #0000ff;\">Industrialisation &#8211; Eleve<\/span><\/a><\/strong><\/em><\/span><\/h2>\n<h2><span style=\"color: #0000ff;\"><em><strong><a href=\"https:\/\/se.csbe.qc.ca\/universsocial\/files\/2014\/10\/Industrialisation-Corrige.doc\" target=\"_blank\"><span style=\"color: #0000ff;\">Industrialisation &#8211; Corrige<\/span><\/a><\/strong><\/em><\/span><\/h2>\n<h2><span style=\"color: #0000ff;\"><em><strong><a href=\"https:\/\/se.csbe.qc.ca\/universsocial\/files\/2014\/10\/Imperialisme-Eleve.doc\" target=\"_blank\"><span style=\"color: #0000ff;\">Imperialisme &#8211; Eleve<\/span><\/a><\/strong><\/em><\/span><\/h2>\n<h2><span style=\"color: #0000ff;\"><em><strong><a href=\"https:\/\/se.csbe.qc.ca\/universsocial\/files\/2014\/10\/Imperialisme-Corrige.doc\" target=\"_blank\"><span style=\"color: #0000ff;\">Imperialisme &#8211; Corrige<\/span><\/a><\/strong><\/em><\/span><\/h2>\n<h2><span style=\"color: #0000ff;\"><em><strong><a href=\"https:\/\/se.csbe.qc.ca\/universsocial\/files\/2014\/10\/Libertes-Eleve.doc\" target=\"_blank\"><span style=\"color: #0000ff;\">Libertes &#8211; Eleve<\/span><\/a><\/strong><\/em><\/span><\/h2>\n<h2><span style=\"color: #0000ff;\"><em><strong><a href=\"https:\/\/se.csbe.qc.ca\/universsocial\/files\/2014\/10\/Libertes-Corrige.doc\" target=\"_blank\"><span style=\"color: #0000ff;\">Libertes &#8211; Corrige<\/span><\/a><\/strong><\/em><\/span><\/h2>\n<!-- WP Attachments -->\r\n        <div style=\"width:100%;margin:10px 0 10px 0;\">\r\n            <h3>Attachments<\/h3>\r\n        <ul class=\"post-attachments\"><li class=\"post-attachment mime-application-msword\"><a href=\"https:\/\/se.csbe.qc.ca\/universsocial\/files\/2014\/10\/Humanisme-Corrige.doc\">Humanisme - Corrige<\/a> <small>(6 MB)<\/small><\/li><li class=\"post-attachment mime-application-msword\"><a href=\"https:\/\/se.csbe.qc.ca\/universsocial\/files\/2014\/10\/Humanisme-Eleve.doc\">Humanisme - Eleve<\/a> <small>(6 MB)<\/small><\/li><li class=\"post-attachment mime-application-msword\"><a href=\"https:\/\/se.csbe.qc.ca\/universsocial\/files\/2014\/10\/Expansion-Corrige.doc\">Expansion - Corrige<\/a> <small>(2 MB)<\/small><\/li><li class=\"post-attachment mime-application-msword\"><a href=\"https:\/\/se.csbe.qc.ca\/universsocial\/files\/2014\/10\/Expansion-Eleve.doc\">Expansion - Eleve<\/a> <small>(2 MB)<\/small><\/li><li class=\"post-attachment mime-application-msword\"><a href=\"https:\/\/se.csbe.qc.ca\/universsocial\/files\/2014\/10\/Revolution-Americaine-Corrige.doc\">Revolution Americaine - Corrige<\/a> <small>(2 MB)<\/small><\/li><li class=\"post-attachment mime-application-msword\"><a href=\"https:\/\/se.csbe.qc.ca\/universsocial\/files\/2014\/10\/Revolution-Americaine-Eleve.doc\">Revolution Americaine - Eleve<\/a> <small>(2 MB)<\/small><\/li><li class=\"post-attachment mime-application-msword\"><a href=\"https:\/\/se.csbe.qc.ca\/universsocial\/files\/2014\/10\/Industrialisation-Corrige.doc\">Industrialisation - Corrige<\/a> <small>(3 MB)<\/small><\/li><li class=\"post-attachment mime-application-msword\"><a href=\"https:\/\/se.csbe.qc.ca\/universsocial\/files\/2014\/10\/Industrialisation-Eleve.doc\">Industrialisation - Eleve<\/a> <small>(3 MB)<\/small><\/li><li class=\"post-attachment mime-application-msword\"><a href=\"https:\/\/se.csbe.qc.ca\/universsocial\/files\/2014\/10\/Imperialisme-Corrige.doc\">Imperialisme - Corrige<\/a> <small>(622 kB)<\/small><\/li><li class=\"post-attachment mime-application-msword\"><a href=\"https:\/\/se.csbe.qc.ca\/universsocial\/files\/2014\/10\/Imperialisme-Eleve.doc\">Imperialisme - Eleve<\/a> <small>(605 kB)<\/small><\/li><li class=\"post-attachment mime-application-msword\"><a href=\"https:\/\/se.csbe.qc.ca\/universsocial\/files\/2014\/10\/Libertes-Corrige.doc\">Libertes - Corrige<\/a> <small>(2 MB)<\/small><\/li><li class=\"post-attachment mime-application-msword\"><a href=\"https:\/\/se.csbe.qc.ca\/universsocial\/files\/2014\/10\/Libertes-Eleve.doc\">Libertes - Eleve<\/a> <small>(2 MB)<\/small><\/li><\/ul><\/div><\/div>","protected":false},"excerpt":{"rendered":"<div class=\"page-restrict-output\"><p>Voici une s\u00e9rie tr\u00e8s compl\u00e8te d\u2019activit\u00e9s de r\u00e9vision pour l\u2019ensemble du cours de 2e\u00a0secondaire.\u00a0 \u00a0 On y retrouve le cahier de l\u2019\u00e9l\u00e8ve et le cahier de l\u2019enseignant (corrig\u00e9) pour chacun\u00a0des modules, le tout construit en fonction de la\u00a0Progression des apprentissages. \u00a0 Ces activit\u00e9s ont \u00e9t\u00e9 construites par les membres de la Table LLL d\u2019univers social &hellip; <\/p>\n<p><a class=\"more-link btn\" href=\"https:\/\/se.csbe.qc.ca\/universsocial\/activites-de-revision-lll-sec-2\/\">Lire la suite<\/a><\/p>\n<\/div>","protected":false},"author":9,"featured_media":0,"parent":0,"menu_order":0,"comment_status":"open","ping_status":"open","template":"","meta":{"footnotes":""},"class_list":["post-2944","page","type-page","status-publish","hentry","nodate","item-wrap"],"_links":{"self":[{"href":"https:\/\/se.csbe.qc.ca\/universsocial\/wp-json\/wp\/v2\/pages\/2944","targetHints":{"allow":["GET"]}}],"collection":[{"href":"https:\/\/se.csbe.qc.ca\/universsocial\/wp-json\/wp\/v2\/pages"}],"about":[{"href":"https:\/\/se.csbe.qc.ca\/universsocial\/wp-json\/wp\/v2\/types\/page"}],"author":[{"embeddable":true,"href":"https:\/\/se.csbe.qc.ca\/universsocial\/wp-json\/wp\/v2\/users\/9"}],"replies":[{"embeddable":true,"href":"https:\/\/se.csbe.qc.ca\/universsocial\/wp-json\/wp\/v2\/comments?post=2944"}],"version-history":[{"count":2,"href":"https:\/\/se.csbe.qc.ca\/universsocial\/wp-json\/wp\/v2\/pages\/2944\/revisions"}],"predecessor-version":[{"id":2959,"href":"https:\/\/se.csbe.qc.ca\/universsocial\/wp-json\/wp\/v2\/pages\/2944\/revisions\/2959"}],"wp:attachment":[{"href":"https:\/\/se.csbe.qc.ca\/universsocial\/wp-json\/wp\/v2\/media?parent=2944"}],"curies":[{"name":"wp","href":"https:\/\/api.w.org\/{rel}","templated":true}]}}