{"id":2870,"date":"2014-10-06T09:39:29","date_gmt":"2014-10-06T13:39:29","guid":{"rendered":"https:\/\/se.csbe.qc.ca\/universsocial\/?page_id=2870"},"modified":"2015-01-20T14:10:15","modified_gmt":"2015-01-20T19:10:15","slug":"regles-de-vie-appareils-mobiles-en-classe","status":"publish","type":"page","link":"https:\/\/se.csbe.qc.ca\/universsocial\/regles-de-vie-appareils-mobiles-en-classe\/","title":{"rendered":"Mobilit\u00e9 &#8211; R\u00e8gles de vie &#8211; Appareils mobiles en classe"},"content":{"rendered":"<div class=\"page-restrict-output\"><h2><span style=\"color: #000000;\"><strong>Voici un document de r\u00e8gles de vie pour l&rsquo;utilisation des appareils mobiles en classe (iPad, tablette, cellulaire, iPod, etc.).<\/strong><\/span><\/h2>\n<h2><span style=\"color: #000000;\"><strong>Il peut \u00eatre adapt\u00e9 mais il est d\u00e9j\u00e0 tr\u00e8s complet.<\/strong><\/span><\/h2>\n<h2><span style=\"color: #000000;\"><strong>\u00c0 faire signer par le parent et l&rsquo;\u00e9l\u00e8ve.<\/strong><\/span><\/h2>\n<h2><\/h2>\n<h2><span style=\"text-decoration: underline;\"><span style=\"color: #000000;\"><strong>Cliquer pour t\u00e9l\u00e9charger:<\/strong><\/span><\/span><\/h2>\n<h2><span style=\"color: #0000ff;\"><em><strong><a style=\"color: #0000ff;\" href=\"https:\/\/se.csbe.qc.ca\/universsocial\/files\/2014\/10\/CSBE-Regles-de-vie-Mobilit\u00e9.docx\" target=\"_blank\">CSBE &#8211; Regles-de-vie-Mobilit\u00e9<\/a><\/strong><\/em><\/span><\/h2>\n<!-- WP Attachments -->\r\n        <div style=\"width:100%;margin:10px 0 10px 0;\">\r\n            <h3>Attachments<\/h3>\r\n        <ul class=\"post-attachments\"><li class=\"post-attachment mime-application-vnd-openxmlformats-officedocument-wordprocessingml-document\"><a href=\"https:\/\/se.csbe.qc.ca\/universsocial\/files\/2014\/10\/Regles-de-vie-Mobilit\u00e9.docx\">Regles de vie - Mobilit\u00e9<\/a> <small>(20 kB)<\/small><\/li><li class=\"post-attachment mime-application-vnd-openxmlformats-officedocument-wordprocessingml-document\"><a href=\"https:\/\/se.csbe.qc.ca\/universsocial\/files\/2014\/10\/Liste-dapplications-en-US.docx\">Liste d'applications en US<\/a> <small>(24 kB)<\/small><\/li><li class=\"post-attachment mime-application-vnd-openxmlformats-officedocument-wordprocessingml-document\"><a href=\"https:\/\/se.csbe.qc.ca\/universsocial\/files\/2014\/10\/CSBE-Regles-de-vie-Mobilit\u00e9.docx\">CSBE - Regles-de-vie-Mobilit\u00e9<\/a> <small>(20 kB)<\/small><\/li><\/ul><\/div><\/div>","protected":false},"excerpt":{"rendered":"<div class=\"page-restrict-output\"><p>Voici un document de r\u00e8gles de vie pour l&rsquo;utilisation des appareils mobiles en classe (iPad, tablette, cellulaire, iPod, etc.). Il peut \u00eatre adapt\u00e9 mais il est d\u00e9j\u00e0 tr\u00e8s complet. \u00c0 faire signer par le parent et l&rsquo;\u00e9l\u00e8ve. Cliquer pour t\u00e9l\u00e9charger: CSBE &#8211; Regles-de-vie-Mobilit\u00e9 Attachments Regles de vie &#8211; Mobilit\u00e9 (20 kB)Liste d&rsquo;applications en US (24 &hellip; <\/p>\n<p><a class=\"more-link btn\" href=\"https:\/\/se.csbe.qc.ca\/universsocial\/regles-de-vie-appareils-mobiles-en-classe\/\">Lire la suite<\/a><\/p>\n<\/div>","protected":false},"author":9,"featured_media":0,"parent":0,"menu_order":0,"comment_status":"open","ping_status":"closed","template":"","meta":{"footnotes":""},"class_list":["post-2870","page","type-page","status-publish","hentry","nodate","item-wrap"],"_links":{"self":[{"href":"https:\/\/se.csbe.qc.ca\/universsocial\/wp-json\/wp\/v2\/pages\/2870","targetHints":{"allow":["GET"]}}],"collection":[{"href":"https:\/\/se.csbe.qc.ca\/universsocial\/wp-json\/wp\/v2\/pages"}],"about":[{"href":"https:\/\/se.csbe.qc.ca\/universsocial\/wp-json\/wp\/v2\/types\/page"}],"author":[{"embeddable":true,"href":"https:\/\/se.csbe.qc.ca\/universsocial\/wp-json\/wp\/v2\/users\/9"}],"replies":[{"embeddable":true,"href":"https:\/\/se.csbe.qc.ca\/universsocial\/wp-json\/wp\/v2\/comments?post=2870"}],"version-history":[{"count":4,"href":"https:\/\/se.csbe.qc.ca\/universsocial\/wp-json\/wp\/v2\/pages\/2870\/revisions"}],"predecessor-version":[{"id":3583,"href":"https:\/\/se.csbe.qc.ca\/universsocial\/wp-json\/wp\/v2\/pages\/2870\/revisions\/3583"}],"wp:attachment":[{"href":"https:\/\/se.csbe.qc.ca\/universsocial\/wp-json\/wp\/v2\/media?parent=2870"}],"curies":[{"name":"wp","href":"https:\/\/api.w.org\/{rel}","templated":true}]}}