{"id":2854,"date":"2014-10-03T09:31:22","date_gmt":"2014-10-03T13:31:22","guid":{"rendered":"https:\/\/se.csbe.qc.ca\/universsocial\/?page_id=2854"},"modified":"2014-10-03T09:31:22","modified_gmt":"2014-10-03T13:31:22","slug":"dossiers-documentaires-geographie","status":"publish","type":"page","link":"https:\/\/se.csbe.qc.ca\/universsocial\/dossiers-documentaires-geographie\/","title":{"rendered":"Dossiers documentaires (G\u00e9ographie)"},"content":{"rendered":"<div class=\"page-restrict-output\"><h2><span style=\"color: #000000;\"><strong>Voici une s\u00e9rie de dossiers documentaires\u00a0qui pourront vous \u00eatre tr\u00e8s utiles pour faire de l\u2019analyse de documents, pour \u00e9laborer des exercices, pour cr\u00e9er des examens, etc.<\/strong><\/span><\/h2>\n<h2><span style=\"color: #000000;\"><strong>\u00a0<\/strong><\/span><\/h2>\n<h2><span style=\"text-decoration: underline;\"><span style=\"color: #000000;\"><strong>Pour y acc\u00e9der, cliquer sur chacun des liens ci-dessous:<\/strong><\/span><\/span><\/h2>\n<h2><span style=\"color: #0000ff;\"><em><strong><a href=\"https:\/\/se.csbe.qc.ca\/universsocial\/files\/2014\/10\/1-Territoire-Urbain-\u00c0-Risque.docx\" target=\"_blank\"><span style=\"color: #0000ff;\">1A- Territoire Urbain &#8211; \u00c0 Risque<\/span><\/a><\/strong><\/em><\/span><\/h2>\n<h2><span style=\"color: #0000ff;\"><em><strong><a href=\"https:\/\/se.csbe.qc.ca\/universsocial\/files\/2014\/10\/1-Territoire-Urbain-M\u00e9tropole.docx\" target=\"_blank\"><span style=\"color: #0000ff;\">1B- Territoire Urbain &#8211; M\u00e9tropole<\/span><\/a><\/strong><\/em><\/span><\/h2>\n<h2><span style=\"color: #0000ff;\"><em><strong><a href=\"https:\/\/se.csbe.qc.ca\/universsocial\/files\/2014\/10\/1-Territoire-Urbain-Patrimonial.docx\" target=\"_blank\"><span style=\"color: #0000ff;\">1C- Territoire Urbain &#8211; Patrimonial<\/span><\/a><\/strong><\/em><\/span><\/h2>\n<h2><span style=\"color: #0000ff;\"><em><strong><a href=\"https:\/\/se.csbe.qc.ca\/universsocial\/files\/2014\/10\/2-Territoire-R\u00e9gion-\u00c9nerg\u00e9tique.docx\" target=\"_blank\"><span style=\"color: #0000ff;\">2A- Territoire R\u00e9gion &#8211; \u00c9nerg\u00e9tique<\/span><\/a><\/strong><\/em><\/span><\/h2>\n<h2><span style=\"color: #0000ff;\"><em><strong><a href=\"https:\/\/se.csbe.qc.ca\/universsocial\/files\/2014\/10\/2-Territoire-R\u00e9gion-Forestier.docx\" target=\"_blank\"><span style=\"color: #0000ff;\">2B- Territoire R\u00e9gion &#8211; Forestier<\/span><\/a><\/strong><\/em><\/span><\/h2>\n<h2><span style=\"color: #0000ff;\"><em><strong><a href=\"https:\/\/se.csbe.qc.ca\/universsocial\/files\/2014\/10\/2-Territoire-R\u00e9gion-Industriel.docx\" target=\"_blank\"><span style=\"color: #0000ff;\">2C- Territoire R\u00e9gion &#8211; Industriel<\/span><\/a><\/strong><\/em><\/span><\/h2>\n<h2><span style=\"color: #0000ff;\"><em><strong><a href=\"https:\/\/se.csbe.qc.ca\/universsocial\/files\/2014\/10\/2-Territoire-R\u00e9gion-Touristique.docx\" target=\"_blank\"><span style=\"color: #0000ff;\">2D- Territoire R\u00e9gion &#8211; Touristique<\/span><\/a><\/strong><\/em><\/span><\/h2>\n<h2><span style=\"color: #0000ff;\"><em><strong><a href=\"https:\/\/se.csbe.qc.ca\/universsocial\/files\/2014\/10\/3-Territoire-Agricole-\u00c0-Risque.docx\" target=\"_blank\"><span style=\"color: #0000ff;\">3A- Territoire Agricole &#8211; \u00c0 Risque<\/span><\/a><\/strong><\/em><\/span><\/h2>\n<h2><span style=\"color: #0000ff;\"><em><strong><a href=\"https:\/\/se.csbe.qc.ca\/universsocial\/files\/2014\/10\/3-Territoire-Agricole-National.docx\" target=\"_blank\"><span style=\"color: #0000ff;\">3B- Territoire Agricole &#8211; National<\/span><\/a><\/strong><\/em><\/span><\/h2>\n<h2><span style=\"color: #0000ff;\"><em><strong><a href=\"https:\/\/se.csbe.qc.ca\/universsocial\/files\/2014\/10\/4-Territoire-Autochtone.docx\" target=\"_blank\"><span style=\"color: #0000ff;\">4- Territoire Autochtone<\/span><\/a><\/strong><\/em><\/span><\/h2>\n<h2><span style=\"color: #0000ff;\"><em><strong><a href=\"https:\/\/se.csbe.qc.ca\/universsocial\/files\/2014\/10\/5-Territoire-Prot\u00e9g\u00e9.docx\" target=\"_blank\"><span style=\"color: #0000ff;\">5- Territoire Prot\u00e9g\u00e9<\/span><\/a><\/strong><\/em><\/span><\/h2>\n<!-- WP Attachments -->\r\n        <div style=\"width:100%;margin:10px 0 10px 0;\">\r\n            <h3>Attachments<\/h3>\r\n        <ul class=\"post-attachments\"><li class=\"post-attachment mime-application-vnd-openxmlformats-officedocument-wordprocessingml-document\"><a href=\"https:\/\/se.csbe.qc.ca\/universsocial\/files\/2014\/10\/1-Territoire-Urbain-\u00c0-Risque.docx\">1- Territoire Urbain - \u00c0 Risque<\/a> <small>(2 MB)<\/small><\/li><li class=\"post-attachment mime-application-vnd-openxmlformats-officedocument-wordprocessingml-document\"><a href=\"https:\/\/se.csbe.qc.ca\/universsocial\/files\/2014\/10\/1-Territoire-Urbain-M\u00e9tropole.docx\">1- Territoire Urbain - M\u00e9tropole<\/a> <small>(3 MB)<\/small><\/li><li class=\"post-attachment mime-application-vnd-openxmlformats-officedocument-wordprocessingml-document\"><a href=\"https:\/\/se.csbe.qc.ca\/universsocial\/files\/2014\/10\/1-Territoire-Urbain-Patrimonial.docx\">1- Territoire Urbain - Patrimonial<\/a> <small>(2 MB)<\/small><\/li><li class=\"post-attachment mime-application-vnd-openxmlformats-officedocument-wordprocessingml-document\"><a href=\"https:\/\/se.csbe.qc.ca\/universsocial\/files\/2014\/10\/2-Territoire-R\u00e9gion-\u00c9nerg\u00e9tique.docx\">2- Territoire R\u00e9gion - \u00c9nerg\u00e9tique<\/a> <small>(626 kB)<\/small><\/li><li class=\"post-attachment mime-application-vnd-openxmlformats-officedocument-wordprocessingml-document\"><a href=\"https:\/\/se.csbe.qc.ca\/universsocial\/files\/2014\/10\/2-Territoire-R\u00e9gion-Forestier.docx\">2- Territoire R\u00e9gion - Forestier<\/a> <small>(424 kB)<\/small><\/li><li class=\"post-attachment mime-application-vnd-openxmlformats-officedocument-wordprocessingml-document\"><a href=\"https:\/\/se.csbe.qc.ca\/universsocial\/files\/2014\/10\/2-Territoire-R\u00e9gion-Industriel.docx\">2- Territoire R\u00e9gion - Industriel<\/a> <small>(336 kB)<\/small><\/li><li class=\"post-attachment mime-application-vnd-openxmlformats-officedocument-wordprocessingml-document\"><a href=\"https:\/\/se.csbe.qc.ca\/universsocial\/files\/2014\/10\/2-Territoire-R\u00e9gion-Touristique.docx\">2- Territoire R\u00e9gion - Touristique<\/a> <small>(2 MB)<\/small><\/li><li class=\"post-attachment mime-application-vnd-openxmlformats-officedocument-wordprocessingml-document\"><a href=\"https:\/\/se.csbe.qc.ca\/universsocial\/files\/2014\/10\/3-Territoire-Agricole-\u00c0-Risque.docx\">3- Territoire Agricole - \u00c0 Risque<\/a> <small>(2 MB)<\/small><\/li><li class=\"post-attachment mime-application-vnd-openxmlformats-officedocument-wordprocessingml-document\"><a href=\"https:\/\/se.csbe.qc.ca\/universsocial\/files\/2014\/10\/3-Territoire-Agricole-National.docx\">3- Territoire Agricole - National<\/a> <small>(15 MB)<\/small><\/li><li class=\"post-attachment mime-application-vnd-openxmlformats-officedocument-wordprocessingml-document\"><a href=\"https:\/\/se.csbe.qc.ca\/universsocial\/files\/2014\/10\/4-Territoire-Autochtone.docx\">4- Territoire Autochtone<\/a> <small>(274 kB)<\/small><\/li><li class=\"post-attachment mime-application-vnd-openxmlformats-officedocument-wordprocessingml-document\"><a href=\"https:\/\/se.csbe.qc.ca\/universsocial\/files\/2014\/10\/5-Territoire-Prot\u00e9g\u00e9.docx\">5- Territoire Prot\u00e9g\u00e9<\/a> <small>(9 MB)<\/small><\/li><\/ul><\/div><\/div>","protected":false},"excerpt":{"rendered":"<div class=\"page-restrict-output\"><p>Voici une s\u00e9rie de dossiers documentaires\u00a0qui pourront vous \u00eatre tr\u00e8s utiles pour faire de l\u2019analyse de documents, pour \u00e9laborer des exercices, pour cr\u00e9er des examens, etc. \u00a0 Pour y acc\u00e9der, cliquer sur chacun des liens ci-dessous: 1A- Territoire Urbain &#8211; \u00c0 Risque 1B- Territoire Urbain &#8211; M\u00e9tropole 1C- Territoire Urbain &#8211; Patrimonial 2A- Territoire R\u00e9gion &hellip; <\/p>\n<p><a class=\"more-link btn\" href=\"https:\/\/se.csbe.qc.ca\/universsocial\/dossiers-documentaires-geographie\/\">Lire la suite<\/a><\/p>\n<\/div>","protected":false},"author":9,"featured_media":0,"parent":0,"menu_order":0,"comment_status":"open","ping_status":"open","template":"","meta":{"footnotes":""},"class_list":["post-2854","page","type-page","status-publish","hentry","nodate","item-wrap"],"_links":{"self":[{"href":"https:\/\/se.csbe.qc.ca\/universsocial\/wp-json\/wp\/v2\/pages\/2854","targetHints":{"allow":["GET"]}}],"collection":[{"href":"https:\/\/se.csbe.qc.ca\/universsocial\/wp-json\/wp\/v2\/pages"}],"about":[{"href":"https:\/\/se.csbe.qc.ca\/universsocial\/wp-json\/wp\/v2\/types\/page"}],"author":[{"embeddable":true,"href":"https:\/\/se.csbe.qc.ca\/universsocial\/wp-json\/wp\/v2\/users\/9"}],"replies":[{"embeddable":true,"href":"https:\/\/se.csbe.qc.ca\/universsocial\/wp-json\/wp\/v2\/comments?post=2854"}],"version-history":[{"count":1,"href":"https:\/\/se.csbe.qc.ca\/universsocial\/wp-json\/wp\/v2\/pages\/2854\/revisions"}],"predecessor-version":[{"id":2866,"href":"https:\/\/se.csbe.qc.ca\/universsocial\/wp-json\/wp\/v2\/pages\/2854\/revisions\/2866"}],"wp:attachment":[{"href":"https:\/\/se.csbe.qc.ca\/universsocial\/wp-json\/wp\/v2\/media?parent=2854"}],"curies":[{"name":"wp","href":"https:\/\/api.w.org\/{rel}","templated":true}]}}