{"id":2741,"date":"2014-09-17T13:46:12","date_gmt":"2014-09-17T17:46:12","guid":{"rendered":"https:\/\/se.csbe.qc.ca\/universsocial\/?page_id=2741"},"modified":"2014-09-17T13:46:12","modified_gmt":"2014-09-17T17:46:12","slug":"activite-carte-du-monde","status":"publish","type":"page","link":"https:\/\/se.csbe.qc.ca\/universsocial\/activite-carte-du-monde\/","title":{"rendered":"Activit\u00e9 &#8211; Carte du monde"},"content":{"rendered":"<div class=\"page-restrict-output\"><h2><span style=\"color: #000000;\"><strong>Voici une courte et simple activit\u00e9 pour aborder les continents et oc\u00e9ans.<\/strong><\/span><\/h2>\n<h2><span style=\"color: #000000;\"><strong>Vous avez la version du prof et celle de l&rsquo;\u00e9l\u00e8ve.<\/strong><\/span><\/h2>\n<h2><\/h2>\n<h2><span style=\"text-decoration: underline;\"><span style=\"color: #000000; text-decoration: underline;\"><strong>Cliquer pour t\u00e9l\u00e9charger:<\/strong><\/span><\/span><\/h2>\n<h2><span style=\"color: #0000ff;\"><em><strong><a href=\"https:\/\/se.csbe.qc.ca\/universsocial\/files\/2014\/09\/Carte-du-monde-prof.pdf\" target=\"_blank\"><span style=\"color: #0000ff;\">Carte du monde prof<\/span><\/a><\/strong><\/em><\/span><\/h2>\n<h2><span style=\"color: #0000ff;\"><em><strong><a href=\"https:\/\/se.csbe.qc.ca\/universsocial\/files\/2014\/09\/Carte-du-monde-eleve.pdf\" target=\"_blank\"><span style=\"color: #0000ff;\">Carte du monde eleve<\/span><\/a><\/strong><\/em><\/span><\/h2>\n<!-- WP Attachments -->\r\n        <div style=\"width:100%;margin:10px 0 10px 0;\">\r\n            <h3>Attachments<\/h3>\r\n        <ul class=\"post-attachments\"><li class=\"post-attachment mime-application-pdf\"><a href=\"https:\/\/se.csbe.qc.ca\/universsocial\/files\/2014\/09\/Carte-du-monde-eleve.pdf\">Carte du monde eleve<\/a> <small>(101 kB)<\/small><\/li><li class=\"post-attachment mime-application-pdf\"><a href=\"https:\/\/se.csbe.qc.ca\/universsocial\/files\/2014\/09\/Carte-du-monde-prof.pdf\">Carte du monde prof<\/a> <small>(135 kB)<\/small><\/li><\/ul><\/div><\/div>","protected":false},"excerpt":{"rendered":"<div class=\"page-restrict-output\"><p>Voici une courte et simple activit\u00e9 pour aborder les continents et oc\u00e9ans. Vous avez la version du prof et celle de l&rsquo;\u00e9l\u00e8ve. Cliquer pour t\u00e9l\u00e9charger: Carte du monde prof Carte du monde eleve Attachments Carte du monde eleve (101 kB)Carte du monde prof (135 kB)<\/p>\n<\/div>","protected":false},"author":9,"featured_media":0,"parent":0,"menu_order":0,"comment_status":"open","ping_status":"open","template":"","meta":{"footnotes":""},"class_list":["post-2741","page","type-page","status-publish","hentry","nodate","item-wrap"],"_links":{"self":[{"href":"https:\/\/se.csbe.qc.ca\/universsocial\/wp-json\/wp\/v2\/pages\/2741","targetHints":{"allow":["GET"]}}],"collection":[{"href":"https:\/\/se.csbe.qc.ca\/universsocial\/wp-json\/wp\/v2\/pages"}],"about":[{"href":"https:\/\/se.csbe.qc.ca\/universsocial\/wp-json\/wp\/v2\/types\/page"}],"author":[{"embeddable":true,"href":"https:\/\/se.csbe.qc.ca\/universsocial\/wp-json\/wp\/v2\/users\/9"}],"replies":[{"embeddable":true,"href":"https:\/\/se.csbe.qc.ca\/universsocial\/wp-json\/wp\/v2\/comments?post=2741"}],"version-history":[{"count":1,"href":"https:\/\/se.csbe.qc.ca\/universsocial\/wp-json\/wp\/v2\/pages\/2741\/revisions"}],"predecessor-version":[{"id":2744,"href":"https:\/\/se.csbe.qc.ca\/universsocial\/wp-json\/wp\/v2\/pages\/2741\/revisions\/2744"}],"wp:attachment":[{"href":"https:\/\/se.csbe.qc.ca\/universsocial\/wp-json\/wp\/v2\/media?parent=2741"}],"curies":[{"name":"wp","href":"https:\/\/api.w.org\/{rel}","templated":true}]}}