{"id":2686,"date":"2014-09-09T15:36:43","date_gmt":"2014-09-09T19:36:43","guid":{"rendered":"https:\/\/se.csbe.qc.ca\/universsocial\/?page_id=2686"},"modified":"2014-09-09T15:36:43","modified_gmt":"2014-09-09T19:36:43","slug":"question-a-reponse-elaboree-culture-et-mouvements-de-pensee","status":"publish","type":"page","link":"https:\/\/se.csbe.qc.ca\/universsocial\/question-a-reponse-elaboree-culture-et-mouvements-de-pensee\/","title":{"rendered":"Question \u00e0 r\u00e9ponse \u00e9labor\u00e9e &#8211; Culture et mouvements de pens\u00e9e"},"content":{"rendered":"<div class=\"page-restrict-output\"><h2><span style=\"color: rgb(0, 0, 0);\"><strong>Voici une question \u00e0 r\u00e9ponse \u00e9labor\u00e9e pour \u00ab\u00a0Culture et mouvements de pens\u00e9e\u00a0\u00bb avec dossier documentaire et guide de correction.<\/strong><\/span><\/h2>\n<h2><\/h2>\n<h2><em><span style=\"color: #000000;\"><strong>Merci \u00e0 la CSMB pour ce partage!<\/strong><\/span><\/em><\/h2>\n<h2><\/h2>\n<h2><span style=\"text-decoration: underline;\"><span style=\"color: #000000; text-decoration: underline;\"><strong>Cliquer pour t\u00e9l\u00e9charger:<\/strong><\/span><\/span><\/h2>\n<h2><span style=\"color: #0000ff;\"><strong><em><a href=\"https:\/\/se.csbe.qc.ca\/universsocial\/files\/2014\/09\/Question-elaboree-Culture.pdf\" target=\"_blank\"><span style=\"color: #0000ff;\">Question elaboree (Culture)<\/span><\/a><\/em><\/strong><\/span><\/h2>\n<h2><span style=\"color: #0000ff;\"><strong><em><a href=\"https:\/\/se.csbe.qc.ca\/universsocial\/files\/2014\/09\/Question-elaboree-Culture-Dossier.pdf\" target=\"_blank\"><span style=\"color: #0000ff;\">Question elaboree (Culture) &#8211; Dossier<\/span><\/a><\/em><\/strong><\/span><\/h2>\n<h2><span style=\"color: #0000ff;\"><strong><em><a href=\"https:\/\/se.csbe.qc.ca\/universsocial\/files\/2014\/09\/Question-elaboree-Culture-Corrige1.pdf\" target=\"_blank\"><span style=\"color: #0000ff;\">Question elaboree (Culture) &#8211; Corrige<\/span><\/a><\/em><\/strong><\/span><\/h2>\n<h2><\/h2>\n<!-- WP Attachments -->\r\n        <div style=\"width:100%;margin:10px 0 10px 0;\">\r\n            <h3>Attachments<\/h3>\r\n        <ul class=\"post-attachments\"><li class=\"post-attachment mime-application-pdf\"><a href=\"https:\/\/se.csbe.qc.ca\/universsocial\/files\/2014\/09\/Question-elaboree-Culture.pdf\">Question elaboree (Culture)<\/a> <small>(228 kB)<\/small><\/li><li class=\"post-attachment mime-application-pdf\"><a href=\"https:\/\/se.csbe.qc.ca\/universsocial\/files\/2014\/09\/Question-elaboree-Culture-Dossier.pdf\">Question elaboree (Culture) - Dossier<\/a> <small>(450 kB)<\/small><\/li><li class=\"post-attachment mime-application-pdf\"><a href=\"https:\/\/se.csbe.qc.ca\/universsocial\/files\/2014\/09\/Question-elaboree-Culture-Corrige.pdf\">Question elaboree (Culture) - Corrige<\/a> <small>(163 kB)<\/small><\/li><li class=\"post-attachment mime-application-pdf\"><a href=\"https:\/\/se.csbe.qc.ca\/universsocial\/files\/2014\/09\/Question-elaboree-Culture-Corrige1.pdf\">Question elaboree (Culture) - Corrige<\/a> <small>(163 kB)<\/small><\/li><\/ul><\/div><\/div>","protected":false},"excerpt":{"rendered":"<div class=\"page-restrict-output\"><p>Voici une question \u00e0 r\u00e9ponse \u00e9labor\u00e9e pour \u00ab\u00a0Culture et mouvements de pens\u00e9e\u00a0\u00bb avec dossier documentaire et guide de correction. Merci \u00e0 la CSMB pour ce partage! Cliquer pour t\u00e9l\u00e9charger: Question elaboree (Culture) Question elaboree (Culture) &#8211; Dossier Question elaboree (Culture) &#8211; Corrige Attachments Question elaboree (Culture) (228 kB)Question elaboree (Culture) &#8211; Dossier (450 kB)Question elaboree &hellip; <\/p>\n<p><a class=\"more-link btn\" href=\"https:\/\/se.csbe.qc.ca\/universsocial\/question-a-reponse-elaboree-culture-et-mouvements-de-pensee\/\">Lire la suite<\/a><\/p>\n<\/div>","protected":false},"author":9,"featured_media":0,"parent":0,"menu_order":0,"comment_status":"open","ping_status":"open","template":"","meta":{"footnotes":""},"class_list":["post-2686","page","type-page","status-publish","hentry","nodate","item-wrap"],"_links":{"self":[{"href":"https:\/\/se.csbe.qc.ca\/universsocial\/wp-json\/wp\/v2\/pages\/2686","targetHints":{"allow":["GET"]}}],"collection":[{"href":"https:\/\/se.csbe.qc.ca\/universsocial\/wp-json\/wp\/v2\/pages"}],"about":[{"href":"https:\/\/se.csbe.qc.ca\/universsocial\/wp-json\/wp\/v2\/types\/page"}],"author":[{"embeddable":true,"href":"https:\/\/se.csbe.qc.ca\/universsocial\/wp-json\/wp\/v2\/users\/9"}],"replies":[{"embeddable":true,"href":"https:\/\/se.csbe.qc.ca\/universsocial\/wp-json\/wp\/v2\/comments?post=2686"}],"version-history":[{"count":1,"href":"https:\/\/se.csbe.qc.ca\/universsocial\/wp-json\/wp\/v2\/pages\/2686\/revisions"}],"predecessor-version":[{"id":2691,"href":"https:\/\/se.csbe.qc.ca\/universsocial\/wp-json\/wp\/v2\/pages\/2686\/revisions\/2691"}],"wp:attachment":[{"href":"https:\/\/se.csbe.qc.ca\/universsocial\/wp-json\/wp\/v2\/media?parent=2686"}],"curies":[{"name":"wp","href":"https:\/\/api.w.org\/{rel}","templated":true}]}}