{"id":2681,"date":"2014-09-09T15:33:41","date_gmt":"2014-09-09T19:33:41","guid":{"rendered":"https:\/\/se.csbe.qc.ca\/universsocial\/?page_id=2681"},"modified":"2014-09-09T15:33:41","modified_gmt":"2014-09-09T19:33:41","slug":"questions-courtes-revision","status":"publish","type":"page","link":"https:\/\/se.csbe.qc.ca\/universsocial\/questions-courtes-revision\/","title":{"rendered":"Questions courtes &#8211; R\u00e9vision"},"content":{"rendered":"<div class=\"page-restrict-output\"><h2><span style=\"color: #000000;\"><strong>Voici une s\u00e9rie de questions courtes avec dossier documentaire \u00e0 l&rsquo;appui qui couvrent les 4 r\u00e9alit\u00e9s.<\/strong><\/span><\/h2>\n<h2><\/h2>\n<h2><em><span style=\"color: #000000;\"><strong>Un grand merci \u00e0 la CSMB pour ce partage!<\/strong><\/span><\/em><\/h2>\n<h2><\/h2>\n<h2><span style=\"text-decoration: underline;\"><span style=\"color: #000000; text-decoration: underline;\"><strong>Cliquer pour t\u00e9l\u00e9charger:<\/strong><\/span><\/span><\/h2>\n<h2><span style=\"color: #0000ff;\"><em><strong><a href=\"https:\/\/se.csbe.qc.ca\/universsocial\/files\/2014\/09\/Questions-courtes.docx\" target=\"_blank\"><span style=\"color: #0000ff;\">Questions courtes<\/span><\/a><\/strong><\/em><\/span><\/h2>\n<h2><span style=\"color: #0000ff;\"><em><strong><a href=\"https:\/\/se.csbe.qc.ca\/universsocial\/files\/2014\/09\/Questions-courtes-Dossier.docx\" target=\"_blank\"><span style=\"color: #0000ff;\">Questions courtes &#8211; Dossier<\/span><\/a><\/strong><\/em><\/span><\/h2>\n<h2><span style=\"color: #0000ff;\"><em><strong><a href=\"https:\/\/se.csbe.qc.ca\/universsocial\/files\/2014\/09\/Questions-courtes-Corrige.pdf\" target=\"_blank\"><span style=\"color: #0000ff;\">Questions courtes &#8211; Corrige<\/span><\/a><\/strong><\/em><\/span><\/h2>\n<!-- WP Attachments -->\r\n        <div style=\"width:100%;margin:10px 0 10px 0;\">\r\n            <h3>Attachments<\/h3>\r\n        <ul class=\"post-attachments\"><li class=\"post-attachment mime-application-vnd-openxmlformats-officedocument-wordprocessingml-document\"><a href=\"https:\/\/se.csbe.qc.ca\/universsocial\/files\/2014\/09\/Questions-courtes.docx\">Questions courtes<\/a> <small>(146 kB)<\/small><\/li><li class=\"post-attachment mime-application-pdf\"><a href=\"https:\/\/se.csbe.qc.ca\/universsocial\/files\/2014\/09\/Questions-courtes-Corrige.pdf\">Questions courtes - Corrige<\/a> <small>(248 kB)<\/small><\/li><li class=\"post-attachment mime-application-vnd-openxmlformats-officedocument-wordprocessingml-document\"><a href=\"https:\/\/se.csbe.qc.ca\/universsocial\/files\/2014\/09\/Questions-courtes-Dossier.docx\">Questions courtes - Dossier<\/a> <small>(2 MB)<\/small><\/li><\/ul><\/div><\/div>","protected":false},"excerpt":{"rendered":"<div class=\"page-restrict-output\"><p>Voici une s\u00e9rie de questions courtes avec dossier documentaire \u00e0 l&rsquo;appui qui couvrent les 4 r\u00e9alit\u00e9s. Un grand merci \u00e0 la CSMB pour ce partage! Cliquer pour t\u00e9l\u00e9charger: Questions courtes Questions courtes &#8211; Dossier Questions courtes &#8211; Corrige Attachments Questions courtes (146 kB)Questions courtes &#8211; Corrige (248 kB)Questions courtes &#8211; Dossier (2 MB)<\/p>\n<\/div>","protected":false},"author":9,"featured_media":0,"parent":0,"menu_order":0,"comment_status":"open","ping_status":"open","template":"","meta":{"footnotes":""},"class_list":["post-2681","page","type-page","status-publish","hentry","nodate","item-wrap"],"_links":{"self":[{"href":"https:\/\/se.csbe.qc.ca\/universsocial\/wp-json\/wp\/v2\/pages\/2681","targetHints":{"allow":["GET"]}}],"collection":[{"href":"https:\/\/se.csbe.qc.ca\/universsocial\/wp-json\/wp\/v2\/pages"}],"about":[{"href":"https:\/\/se.csbe.qc.ca\/universsocial\/wp-json\/wp\/v2\/types\/page"}],"author":[{"embeddable":true,"href":"https:\/\/se.csbe.qc.ca\/universsocial\/wp-json\/wp\/v2\/users\/9"}],"replies":[{"embeddable":true,"href":"https:\/\/se.csbe.qc.ca\/universsocial\/wp-json\/wp\/v2\/comments?post=2681"}],"version-history":[{"count":1,"href":"https:\/\/se.csbe.qc.ca\/universsocial\/wp-json\/wp\/v2\/pages\/2681\/revisions"}],"predecessor-version":[{"id":2685,"href":"https:\/\/se.csbe.qc.ca\/universsocial\/wp-json\/wp\/v2\/pages\/2681\/revisions\/2685"}],"wp:attachment":[{"href":"https:\/\/se.csbe.qc.ca\/universsocial\/wp-json\/wp\/v2\/media?parent=2681"}],"curies":[{"name":"wp","href":"https:\/\/api.w.org\/{rel}","templated":true}]}}