{"id":2674,"date":"2014-09-09T15:26:51","date_gmt":"2014-09-09T19:26:51","guid":{"rendered":"https:\/\/se.csbe.qc.ca\/universsocial\/?page_id=2674"},"modified":"2014-09-09T15:26:51","modified_gmt":"2014-09-09T19:26:51","slug":"glossaire-des-mouvements-de-pensee","status":"publish","type":"page","link":"https:\/\/se.csbe.qc.ca\/universsocial\/glossaire-des-mouvements-de-pensee\/","title":{"rendered":"Glossaire des mouvements de pens\u00e9e"},"content":{"rendered":"<div class=\"page-restrict-output\"><h2><span style=\"color: #000000;\"><strong>Voici un glossaire des diff\u00e9rentes id\u00e9ologies qui ont fa\u00e7onn\u00e9 le Qu\u00e9bec depuis les Premiers occupants jusqu&rsquo;\u00e0 aujourd&rsquo;hui.<\/strong><\/span><\/h2>\n<h2><\/h2>\n<h2><em><span style=\"color: #000000;\"><strong>Un grand merci \u00e0 M. Jerry Huet, de la CSMM, pour ce partage!<\/strong><\/span><\/em><\/h2>\n<h2><\/h2>\n<h2><span style=\"text-decoration: underline;\"><span style=\"color: #000000;\"><strong>Cliquer pour t\u00e9l\u00e9charger:<\/strong><\/span><\/span><\/h2>\n<h2><span style=\"color: #0000ff;\"><em><strong><a href=\"https:\/\/se.csbe.qc.ca\/universsocial\/files\/2014\/09\/D\u00e9finitions-id\u00e9ologies-Culture-Qu\u00e9bec.pdf\" target=\"_blank\"><span style=\"color: #0000ff;\">Glossaire des id\u00e9ologies<\/span><\/a><\/strong><\/em><\/span><\/h2>\n<h2><\/h2>\n<!-- WP Attachments -->\r\n        <div style=\"width:100%;margin:10px 0 10px 0;\">\r\n            <h3>Attachments<\/h3>\r\n        <ul class=\"post-attachments\"><li class=\"post-attachment mime-application-pdf\"><a href=\"https:\/\/se.csbe.qc.ca\/universsocial\/files\/2014\/09\/D\u00e9finitions-id\u00e9ologies-Culture-Qu\u00e9bec.pdf\">Glossaire des id\u00e9ologies<\/a> <small>(493 kB)<\/small><\/li><\/ul><\/div><\/div>","protected":false},"excerpt":{"rendered":"<div class=\"page-restrict-output\"><p>Voici un glossaire des diff\u00e9rentes id\u00e9ologies qui ont fa\u00e7onn\u00e9 le Qu\u00e9bec depuis les Premiers occupants jusqu&rsquo;\u00e0 aujourd&rsquo;hui. Un grand merci \u00e0 M. Jerry Huet, de la CSMM, pour ce partage! Cliquer pour t\u00e9l\u00e9charger: Glossaire des id\u00e9ologies Attachments Glossaire des id\u00e9ologies (493 kB)<\/p>\n<\/div>","protected":false},"author":9,"featured_media":0,"parent":0,"menu_order":0,"comment_status":"open","ping_status":"open","template":"","meta":{"footnotes":""},"class_list":["post-2674","page","type-page","status-publish","hentry","nodate","item-wrap"],"_links":{"self":[{"href":"https:\/\/se.csbe.qc.ca\/universsocial\/wp-json\/wp\/v2\/pages\/2674","targetHints":{"allow":["GET"]}}],"collection":[{"href":"https:\/\/se.csbe.qc.ca\/universsocial\/wp-json\/wp\/v2\/pages"}],"about":[{"href":"https:\/\/se.csbe.qc.ca\/universsocial\/wp-json\/wp\/v2\/types\/page"}],"author":[{"embeddable":true,"href":"https:\/\/se.csbe.qc.ca\/universsocial\/wp-json\/wp\/v2\/users\/9"}],"replies":[{"embeddable":true,"href":"https:\/\/se.csbe.qc.ca\/universsocial\/wp-json\/wp\/v2\/comments?post=2674"}],"version-history":[{"count":1,"href":"https:\/\/se.csbe.qc.ca\/universsocial\/wp-json\/wp\/v2\/pages\/2674\/revisions"}],"predecessor-version":[{"id":2676,"href":"https:\/\/se.csbe.qc.ca\/universsocial\/wp-json\/wp\/v2\/pages\/2674\/revisions\/2676"}],"wp:attachment":[{"href":"https:\/\/se.csbe.qc.ca\/universsocial\/wp-json\/wp\/v2\/media?parent=2674"}],"curies":[{"name":"wp","href":"https:\/\/api.w.org\/{rel}","templated":true}]}}