{"id":2663,"date":"2014-09-09T15:03:04","date_gmt":"2014-09-09T19:03:04","guid":{"rendered":"https:\/\/se.csbe.qc.ca\/universsocial\/?page_id=2663"},"modified":"2014-09-09T15:03:04","modified_gmt":"2014-09-09T19:03:04","slug":"i-have-a-dream-50-ans-deja","status":"publish","type":"page","link":"https:\/\/se.csbe.qc.ca\/universsocial\/i-have-a-dream-50-ans-deja\/","title":{"rendered":"I Have A Dream &#8211; 50 ans d\u00e9j\u00e0!"},"content":{"rendered":"<div class=\"page-restrict-output\"><h2><span style=\"color: #000000;\"><strong>Le 28 ao\u00fbt 2013, c&rsquo;\u00e9tait le 50e anniversaire du fameux discours de Martin Luther King.<\/strong><\/span><\/h2>\n<h2><\/h2>\n<h2><span style=\"color: #000000;\"><strong>Comme les tensions raciales sont encore loin d&rsquo;\u00eatre apais\u00e9es aux \u00c9tats-Unis, il peut \u00eatre int\u00e9ressant de mettre \u00e0 profit les ressources propos\u00e9es ici.<\/strong><\/span><\/h2>\n<h2><\/h2>\n<h2><span style=\"text-decoration: underline;\"><span style=\"color: #000000;\"><strong>Cliquer pour t\u00e9l\u00e9charger:<\/strong><\/span><\/span><\/h2>\n<h2><span style=\"color: #0000ff;\"><em><strong><a href=\"https:\/\/se.csbe.qc.ca\/universsocial\/files\/2014\/09\/Activit\u00e9-I-Have-A-Dream-50-ans.docx\" target=\"_blank\"><span style=\"color: #0000ff;\">Activit\u00e9 &#8211; I Have A Dream &#8211; 50 ans<\/span><\/a><\/strong><\/em><\/span><\/h2>\n<!-- WP Attachments -->\r\n        <div style=\"width:100%;margin:10px 0 10px 0;\">\r\n            <h3>Attachments<\/h3>\r\n        <ul class=\"post-attachments\"><li class=\"post-attachment mime-application-vnd-openxmlformats-officedocument-wordprocessingml-document\"><a href=\"https:\/\/se.csbe.qc.ca\/universsocial\/files\/2014\/09\/Activit\u00e9-I-Have-A-Dream-50-ans.docx\">Activit\u00e9 - I Have A Dream - 50 ans<\/a> <small>(17 kB)<\/small><\/li><\/ul><\/div><\/div>","protected":false},"excerpt":{"rendered":"<div class=\"page-restrict-output\"><p>Le 28 ao\u00fbt 2013, c&rsquo;\u00e9tait le 50e anniversaire du fameux discours de Martin Luther King. Comme les tensions raciales sont encore loin d&rsquo;\u00eatre apais\u00e9es aux \u00c9tats-Unis, il peut \u00eatre int\u00e9ressant de mettre \u00e0 profit les ressources propos\u00e9es ici. Cliquer pour t\u00e9l\u00e9charger: Activit\u00e9 &#8211; I Have A Dream &#8211; 50 ans Attachments Activit\u00e9 &#8211; I Have &hellip; <\/p>\n<p><a class=\"more-link btn\" href=\"https:\/\/se.csbe.qc.ca\/universsocial\/i-have-a-dream-50-ans-deja\/\">Lire la suite<\/a><\/p>\n<\/div>","protected":false},"author":9,"featured_media":0,"parent":0,"menu_order":0,"comment_status":"open","ping_status":"open","template":"","meta":{"footnotes":""},"class_list":["post-2663","page","type-page","status-publish","hentry","nodate","item-wrap"],"_links":{"self":[{"href":"https:\/\/se.csbe.qc.ca\/universsocial\/wp-json\/wp\/v2\/pages\/2663","targetHints":{"allow":["GET"]}}],"collection":[{"href":"https:\/\/se.csbe.qc.ca\/universsocial\/wp-json\/wp\/v2\/pages"}],"about":[{"href":"https:\/\/se.csbe.qc.ca\/universsocial\/wp-json\/wp\/v2\/types\/page"}],"author":[{"embeddable":true,"href":"https:\/\/se.csbe.qc.ca\/universsocial\/wp-json\/wp\/v2\/users\/9"}],"replies":[{"embeddable":true,"href":"https:\/\/se.csbe.qc.ca\/universsocial\/wp-json\/wp\/v2\/comments?post=2663"}],"version-history":[{"count":1,"href":"https:\/\/se.csbe.qc.ca\/universsocial\/wp-json\/wp\/v2\/pages\/2663\/revisions"}],"predecessor-version":[{"id":2665,"href":"https:\/\/se.csbe.qc.ca\/universsocial\/wp-json\/wp\/v2\/pages\/2663\/revisions\/2665"}],"wp:attachment":[{"href":"https:\/\/se.csbe.qc.ca\/universsocial\/wp-json\/wp\/v2\/media?parent=2663"}],"curies":[{"name":"wp","href":"https:\/\/api.w.org\/{rel}","templated":true}]}}