{"id":2651,"date":"2014-09-09T14:51:14","date_gmt":"2014-09-09T18:51:14","guid":{"rendered":"https:\/\/se.csbe.qc.ca\/universsocial\/?page_id=2651"},"modified":"2018-09-05T14:18:22","modified_gmt":"2018-09-05T18:18:22","slug":"analyse-de-documents-technique-3qpoc","status":"publish","type":"page","link":"https:\/\/se.csbe.qc.ca\/universsocial\/analyse-de-documents-technique-3qpoc\/","title":{"rendered":"Analyse de documents &#8211; Technique 3QPOC"},"content":{"rendered":"<div class=\"page-restrict-output\"><h2><span style=\"color: #000000\"><strong>Voici un ensemble d&rsquo;outils tr\u00e8s complets pour travailler l&rsquo;analyse de documents en classe.<\/strong><\/span><\/h2>\n<h2><\/h2>\n<h2><span style=\"color: #000000\"><strong>L&rsquo;exemple fourni est pour l&rsquo;expansion europ\u00e9enne dans le monde mais ce qui importe, c&rsquo;est la fa\u00e7on de faire, pour l&rsquo;appliquer \u00e0 n&rsquo;importe qul dossier documentaire.<\/strong><\/span><\/h2>\n<h2><\/h2>\n<h2><span style=\"color: #000000\"><strong>Un vrai bijou!<\/strong><\/span><\/h2>\n<h2><\/h2>\n<h2><em><span style=\"color: #000000\"><strong>Merci \u00e0 Madame Johanne Proulx, de la Commission scolaire Marie-Victorin, pour ce partage!<\/strong><\/span><\/em><\/h2>\n<h2><\/h2>\n<h2><span style=\"text-decoration: underline\"><span style=\"color: #000000;text-decoration: underline\"><strong>Cliquer pour t\u00e9l\u00e9charger:<\/strong><\/span><\/span><\/h2>\n<h2><span style=\"color: #0000ff\"><em><strong><a href=\"https:\/\/se.csbe.qc.ca\/universsocial\/files\/2014\/09\/GRILLE-DOBSERVATION_STRAT\u00c9GIES-ANALYSE1.docx.1.docx\" target=\"_blank\" rel=\"noopener\"><span style=\"color: #0000ff\">GRILLE D&rsquo;OBSERVATION_STRAT\u00c9GIES ANALYSE.docx.<\/span><\/a><\/strong><\/em><\/span><\/h2>\n<h2><span style=\"color: #0000ff\"><em><strong><a href=\"https:\/\/se.csbe.qc.ca\/universsocial\/files\/2014\/09\/GRUS_MODELAGE_\u00c9CONOMIE_MONDE.notebook\" target=\"_blank\" rel=\"noopener\"><span style=\"color: #0000ff\">MODELAGE_\u00c9CONOMIE_MONDE<\/span><\/a><\/strong><\/em><\/span><\/h2>\n<h2><span style=\"color: #0000ff\"><em><strong><a href=\"https:\/\/se.csbe.qc.ca\/universsocial\/files\/2014\/09\/Proc\u00e9dure-danalyse-du-DD_3QPOC.docx\" target=\"_blank\" rel=\"noopener\"><span style=\"color: #0000ff\">Proc\u00e9dure d&rsquo;analyse du 3QPOC<\/span><\/a><\/strong><\/em><\/span><\/h2>\n<p><a href=\"https:\/\/se.csbe.qc.ca\/universsocial\/files\/2014\/09\/3qpoc.png\"><img loading=\"lazy\" decoding=\"async\" class=\"alignnone size-medium wp-image-2833\" src=\"https:\/\/se.csbe.qc.ca\/universsocial\/files\/2014\/09\/3qpoc-700x589.png\" alt=\"3qpoc\" width=\"700\" height=\"589\" srcset=\"https:\/\/se.csbe.qc.ca\/universsocial\/files\/2014\/09\/3qpoc-700x589.png 700w, https:\/\/se.csbe.qc.ca\/universsocial\/files\/2014\/09\/3qpoc.png 756w\" sizes=\"auto, (max-width: 700px) 100vw, 700px\" \/><\/a><\/p>\n<!-- WP Attachments -->\r\n        <div style=\"width:100%;margin:10px 0 10px 0;\">\r\n            <h3>Attachments<\/h3>\r\n        <ul class=\"post-attachments\"><li class=\"post-attachment mime-application-vnd-openxmlformats-officedocument-wordprocessingml-document\"><a href=\"https:\/\/se.csbe.qc.ca\/universsocial\/files\/2014\/09\/GRILLE-DOBSERVATION_STRAT\u00c9GIES-ANALYSE.docx..docx\">GRILLE D'OBSERVATION_STRAT\u00c9GIES ANALYSE.docx.<\/a> <small>(74 kB)<\/small><\/li><li class=\"post-attachment mime-application-x-smarttech-notebook\"><a href=\"https:\/\/se.csbe.qc.ca\/universsocial\/files\/2014\/09\/GRUS_MODELAGE_\u00c9CONOMIE_MONDE.notebook\">MODELAGE_\u00c9CONOMIE_MONDE<\/a> <small>(8 MB)<\/small><\/li><li class=\"post-attachment mime-application-vnd-openxmlformats-officedocument-wordprocessingml-document\"><a href=\"https:\/\/se.csbe.qc.ca\/universsocial\/files\/2014\/09\/Proc\u00e9dure-danalyse-du-DD_3QPOC.docx\">Proc\u00e9dure d'analyse du 3QPOC<\/a> <small>(164 kB)<\/small><\/li><li class=\"post-attachment mime-application-vnd-openxmlformats-officedocument-wordprocessingml-document\"><a href=\"https:\/\/se.csbe.qc.ca\/universsocial\/files\/2014\/09\/GRILLE-DOBSERVATION_STRAT\u00c9GIES-ANALYSE1.docx.1.docx\">GRILLE D'OBSERVATION_STRAT\u00c9GIES ANALYSE.docx.<\/a> <small>(74 kB)<\/small><\/li><\/ul><\/div><\/div>","protected":false},"excerpt":{"rendered":"<div class=\"page-restrict-output\"><p>Voici un ensemble d&rsquo;outils tr\u00e8s complets pour travailler l&rsquo;analyse de documents en classe. L&rsquo;exemple fourni est pour l&rsquo;expansion europ\u00e9enne dans le monde mais ce qui importe, c&rsquo;est la fa\u00e7on de faire, pour l&rsquo;appliquer \u00e0 n&rsquo;importe qul dossier documentaire. Un vrai bijou! Merci \u00e0 Madame Johanne Proulx, de la Commission scolaire Marie-Victorin, pour ce partage! Cliquer &hellip; <\/p>\n<p><a class=\"more-link btn\" href=\"https:\/\/se.csbe.qc.ca\/universsocial\/analyse-de-documents-technique-3qpoc\/\">Lire la suite<\/a><\/p>\n<\/div>","protected":false},"author":9,"featured_media":0,"parent":0,"menu_order":0,"comment_status":"open","ping_status":"open","template":"","meta":{"footnotes":""},"class_list":["post-2651","page","type-page","status-publish","hentry","nodate","item-wrap"],"_links":{"self":[{"href":"https:\/\/se.csbe.qc.ca\/universsocial\/wp-json\/wp\/v2\/pages\/2651","targetHints":{"allow":["GET"]}}],"collection":[{"href":"https:\/\/se.csbe.qc.ca\/universsocial\/wp-json\/wp\/v2\/pages"}],"about":[{"href":"https:\/\/se.csbe.qc.ca\/universsocial\/wp-json\/wp\/v2\/types\/page"}],"author":[{"embeddable":true,"href":"https:\/\/se.csbe.qc.ca\/universsocial\/wp-json\/wp\/v2\/users\/9"}],"replies":[{"embeddable":true,"href":"https:\/\/se.csbe.qc.ca\/universsocial\/wp-json\/wp\/v2\/comments?post=2651"}],"version-history":[{"count":5,"href":"https:\/\/se.csbe.qc.ca\/universsocial\/wp-json\/wp\/v2\/pages\/2651\/revisions"}],"predecessor-version":[{"id":6676,"href":"https:\/\/se.csbe.qc.ca\/universsocial\/wp-json\/wp\/v2\/pages\/2651\/revisions\/6676"}],"wp:attachment":[{"href":"https:\/\/se.csbe.qc.ca\/universsocial\/wp-json\/wp\/v2\/media?parent=2651"}],"curies":[{"name":"wp","href":"https:\/\/api.w.org\/{rel}","templated":true}]}}