{"id":2637,"date":"2014-09-09T14:22:47","date_gmt":"2014-09-09T18:22:47","guid":{"rendered":"https:\/\/se.csbe.qc.ca\/universsocial\/?page_id=2637"},"modified":"2014-09-10T09:29:05","modified_gmt":"2014-09-10T13:29:05","slug":"ligne-du-temps-prehistoire-a-aujourdhui","status":"publish","type":"page","link":"https:\/\/se.csbe.qc.ca\/universsocial\/ligne-du-temps-prehistoire-a-aujourdhui\/","title":{"rendered":"Ligne du temps &#8211; Pr\u00e9histoire \u00e0 aujourd&rsquo;hui"},"content":{"rendered":"<div class=\"page-restrict-output\"><h2><span style=\"color: #000000;\"><strong>Voici une ligne du temps qui couvre toutes les grandes p\u00e9riodes, du Pal\u00e9olithique \u00e0 aujourd&rsquo;hui, en plus d&rsquo;aborder les si\u00e8cles et les chiffres romains.<\/strong><\/span><\/h2>\n<h2><\/h2>\n<h2><span style=\"color: #000000;\"><strong>Merci \u00e0 Jerry Huet, de la CS. des Monts-et-mar\u00e9es, pour ce partage!<\/strong><\/span><\/h2>\n<h2><\/h2>\n<h2><span style=\"text-decoration: underline;\"><span style=\"color: #000000; text-decoration: underline;\"><strong>Cliquer pour t\u00e9l\u00e9charger chacune des deux versions:<\/strong><\/span><\/span><\/h2>\n<h2><span style=\"color: #0000ff;\"><strong><em><a href=\"https:\/\/se.csbe.qc.ca\/universsocial\/files\/2014\/09\/Tableau_historique_1er_cycle1.pdf\" target=\"_blank\"><span style=\"color: #0000ff;\">Tableau_historique_1er_cycle<\/span><\/a><\/em><\/strong><\/span><\/h2>\n<h2><span style=\"color: #0000ff;\"><strong><em><a href=\"https:\/\/se.csbe.qc.ca\/universsocial\/files\/2014\/09\/Tableau_p\u00e9riodes_historiques_2.pdf\" target=\"_blank\"><span style=\"color: #0000ff;\">Tableau_historique_1er_cycle_Version_2<\/span><\/a><\/em><\/strong><\/span><\/h2>\n<!-- WP Attachments -->\r\n        <div style=\"width:100%;margin:10px 0 10px 0;\">\r\n            <h3>Attachments<\/h3>\r\n        <ul class=\"post-attachments\"><li class=\"post-attachment mime-application-pdf\"><a href=\"https:\/\/se.csbe.qc.ca\/universsocial\/files\/2014\/09\/Tableau_historique_1er_cycle.pdf\">Tableau_historique_1er_cycle<\/a> <small>(52 kB)<\/small><\/li><li class=\"post-attachment mime-application-pdf\"><a href=\"https:\/\/se.csbe.qc.ca\/universsocial\/files\/2014\/09\/Tableau_historique_1er_cycle1.pdf\">Tableau_historique_1er_cycle<\/a> <small>(52 kB)<\/small><\/li><li class=\"post-attachment mime-application-pdf\"><a href=\"https:\/\/se.csbe.qc.ca\/universsocial\/files\/2014\/09\/Tableau_p\u00e9riodes_historiques_2.pdf\">Tableau_historique_1er_cycle_Version_2<\/a> <small>(30 kB)<\/small><\/li><\/ul><\/div><\/div>","protected":false},"excerpt":{"rendered":"<div class=\"page-restrict-output\"><p>Voici une ligne du temps qui couvre toutes les grandes p\u00e9riodes, du Pal\u00e9olithique \u00e0 aujourd&rsquo;hui, en plus d&rsquo;aborder les si\u00e8cles et les chiffres romains. Merci \u00e0 Jerry Huet, de la CS. des Monts-et-mar\u00e9es, pour ce partage! Cliquer pour t\u00e9l\u00e9charger chacune des deux versions: Tableau_historique_1er_cycle Tableau_historique_1er_cycle_Version_2 Attachments Tableau_historique_1er_cycle (52 kB)Tableau_historique_1er_cycle (52 kB)Tableau_historique_1er_cycle_Version_2 (30 kB)<\/p>\n<\/div>","protected":false},"author":9,"featured_media":0,"parent":0,"menu_order":0,"comment_status":"open","ping_status":"open","template":"","meta":{"footnotes":""},"class_list":["post-2637","page","type-page","status-publish","hentry","nodate","item-wrap"],"_links":{"self":[{"href":"https:\/\/se.csbe.qc.ca\/universsocial\/wp-json\/wp\/v2\/pages\/2637","targetHints":{"allow":["GET"]}}],"collection":[{"href":"https:\/\/se.csbe.qc.ca\/universsocial\/wp-json\/wp\/v2\/pages"}],"about":[{"href":"https:\/\/se.csbe.qc.ca\/universsocial\/wp-json\/wp\/v2\/types\/page"}],"author":[{"embeddable":true,"href":"https:\/\/se.csbe.qc.ca\/universsocial\/wp-json\/wp\/v2\/users\/9"}],"replies":[{"embeddable":true,"href":"https:\/\/se.csbe.qc.ca\/universsocial\/wp-json\/wp\/v2\/comments?post=2637"}],"version-history":[{"count":3,"href":"https:\/\/se.csbe.qc.ca\/universsocial\/wp-json\/wp\/v2\/pages\/2637\/revisions"}],"predecessor-version":[{"id":2725,"href":"https:\/\/se.csbe.qc.ca\/universsocial\/wp-json\/wp\/v2\/pages\/2637\/revisions\/2725"}],"wp:attachment":[{"href":"https:\/\/se.csbe.qc.ca\/universsocial\/wp-json\/wp\/v2\/media?parent=2637"}],"curies":[{"name":"wp","href":"https:\/\/api.w.org\/{rel}","templated":true}]}}