{"id":2627,"date":"2014-09-09T14:06:27","date_gmt":"2014-09-09T18:06:27","guid":{"rendered":"https:\/\/se.csbe.qc.ca\/universsocial\/?page_id=2627"},"modified":"2014-09-09T14:06:27","modified_gmt":"2014-09-09T18:06:27","slug":"question-a-reponse-elaboree-fiche-conseil","status":"publish","type":"page","link":"https:\/\/se.csbe.qc.ca\/universsocial\/question-a-reponse-elaboree-fiche-conseil\/","title":{"rendered":"Question \u00e0 r\u00e9ponse \u00e9labor\u00e9e &#8211; Fiche conseil"},"content":{"rendered":"<div class=\"page-restrict-output\"><h2><span style=\"color: #000000;\"><strong>Voici un outil qui peut \u00eatre int\u00e9ressant, soit tel quel, soit refait selon vos propres besoins.<\/strong><\/span><\/h2>\n<h2><\/h2>\n<h2><span style=\"color: #000000;\"><strong>Merci \u00e0 la commission scolaire des Premi\u00e8res seigneuries pour ce partage!<\/strong><\/span><\/h2>\n<h2><\/h2>\n<h2><span style=\"text-decoration: underline;\"><span style=\"color: #000000;\"><strong>Cliquer pour t\u00e9l\u00e9charger:<\/strong><\/span><\/span><\/h2>\n<h2><span style=\"color: #0000ff;\"><em><strong><a href=\"https:\/\/se.csbe.qc.ca\/universsocial\/files\/2014\/09\/Question-\u00e0-r\u00e9ponse-\u00e9labor\u00e9e-Fiche-conseil.pdf\" target=\"_blank\"><span style=\"color: #0000ff;\">Question \u00e0 r\u00e9ponse \u00e9labor\u00e9e &#8211; Fiche conseil<\/span><\/a><\/strong><\/em><\/span><\/h2>\n<!-- WP Attachments -->\r\n        <div style=\"width:100%;margin:10px 0 10px 0;\">\r\n            <h3>Attachments<\/h3>\r\n        <ul class=\"post-attachments\"><li class=\"post-attachment mime-application-pdf\"><a href=\"https:\/\/se.csbe.qc.ca\/universsocial\/files\/2014\/09\/Question-\u00e0-r\u00e9ponse-\u00e9labor\u00e9e-Fiche-conseil.pdf\">Question \u00e0 r\u00e9ponse \u00e9labor\u00e9e - Fiche conseil<\/a> <small>(246 kB)<\/small><\/li><\/ul><\/div><\/div>","protected":false},"excerpt":{"rendered":"<div class=\"page-restrict-output\"><p>Voici un outil qui peut \u00eatre int\u00e9ressant, soit tel quel, soit refait selon vos propres besoins. Merci \u00e0 la commission scolaire des Premi\u00e8res seigneuries pour ce partage! Cliquer pour t\u00e9l\u00e9charger: Question \u00e0 r\u00e9ponse \u00e9labor\u00e9e &#8211; Fiche conseil Attachments Question \u00e0 r\u00e9ponse \u00e9labor\u00e9e &#8211; Fiche conseil (246 kB)<\/p>\n<\/div>","protected":false},"author":9,"featured_media":0,"parent":0,"menu_order":0,"comment_status":"open","ping_status":"open","template":"","meta":{"footnotes":""},"class_list":["post-2627","page","type-page","status-publish","hentry","nodate","item-wrap"],"_links":{"self":[{"href":"https:\/\/se.csbe.qc.ca\/universsocial\/wp-json\/wp\/v2\/pages\/2627","targetHints":{"allow":["GET"]}}],"collection":[{"href":"https:\/\/se.csbe.qc.ca\/universsocial\/wp-json\/wp\/v2\/pages"}],"about":[{"href":"https:\/\/se.csbe.qc.ca\/universsocial\/wp-json\/wp\/v2\/types\/page"}],"author":[{"embeddable":true,"href":"https:\/\/se.csbe.qc.ca\/universsocial\/wp-json\/wp\/v2\/users\/9"}],"replies":[{"embeddable":true,"href":"https:\/\/se.csbe.qc.ca\/universsocial\/wp-json\/wp\/v2\/comments?post=2627"}],"version-history":[{"count":1,"href":"https:\/\/se.csbe.qc.ca\/universsocial\/wp-json\/wp\/v2\/pages\/2627\/revisions"}],"predecessor-version":[{"id":2629,"href":"https:\/\/se.csbe.qc.ca\/universsocial\/wp-json\/wp\/v2\/pages\/2627\/revisions\/2629"}],"wp:attachment":[{"href":"https:\/\/se.csbe.qc.ca\/universsocial\/wp-json\/wp\/v2\/media?parent=2627"}],"curies":[{"name":"wp","href":"https:\/\/api.w.org\/{rel}","templated":true}]}}