{"id":2616,"date":"2014-09-09T13:55:55","date_gmt":"2014-09-09T17:55:55","guid":{"rendered":"https:\/\/se.csbe.qc.ca\/universsocial\/?page_id=2616"},"modified":"2014-10-27T13:59:37","modified_gmt":"2014-10-27T17:59:37","slug":"operations-intellectuelles-affiches-et-activite","status":"publish","type":"page","link":"https:\/\/se.csbe.qc.ca\/universsocial\/operations-intellectuelles-affiches-et-activite\/","title":{"rendered":"Nouvelles affiches explicatives"},"content":{"rendered":"<div class=\"page-restrict-output\"><h2><span style=\"color: #000000;\"><strong>Voici de nouvelles affiches expliquant les diff\u00e9rentes op\u00e9rations intellectuelles.<\/strong><\/span><\/h2>\n<p>&nbsp;<\/p>\n<h2><em><span style=\"color: #000000;\"><strong>Merci \u00e0 Mme Josiane Plourde, de la Commission scolaire des Trois-Lacs, pour ce partage!<\/strong><\/span><\/em><\/h2>\n<h2><\/h2>\n<h2><span style=\"text-decoration: underline;\"><span style=\"color: #000000; text-decoration: underline;\"><strong>Cliquer pour t\u00e9l\u00e9charger:<\/strong><\/span><\/span><\/h2>\n<h2><span style=\"color: #0000ff;\"><em><strong><a href=\"https:\/\/se.csbe.qc.ca\/universsocial\/files\/2014\/10\/Affiches-des-OI.docx\" target=\"_blank\"><span style=\"color: #0000ff;\">Affiches des OI<\/span><\/a><\/strong><\/em><\/span><\/h2>\n<!-- WP Attachments -->\r\n        <div style=\"width:100%;margin:10px 0 10px 0;\">\r\n            <h3>Attachments<\/h3>\r\n        <ul class=\"post-attachments\"><li class=\"post-attachment mime-application-vnd-openxmlformats-officedocument-wordprocessingml-document\"><a href=\"https:\/\/se.csbe.qc.ca\/universsocial\/files\/2014\/09\/Josiane-Plourde-Affiches-OI.docx\">O.I. - Affiches<\/a> <small>(5 MB)<\/small><\/li><li class=\"post-attachment mime-application-x-smarttech-notebook\"><a href=\"https:\/\/se.csbe.qc.ca\/universsocial\/files\/2014\/09\/Josiane-Plourde-OI.notebook\">O.I. - Activit\u00e9<\/a> <small>(2 MB)<\/small><\/li><\/ul><\/div><\/div>","protected":false},"excerpt":{"rendered":"<div class=\"page-restrict-output\"><p>Voici de nouvelles affiches expliquant les diff\u00e9rentes op\u00e9rations intellectuelles. &nbsp; Merci \u00e0 Mme Josiane Plourde, de la Commission scolaire des Trois-Lacs, pour ce partage! Cliquer pour t\u00e9l\u00e9charger: Affiches des OI Attachments O.I. &#8211; Affiches (5 MB)O.I. &#8211; Activit\u00e9 (2 MB)<\/p>\n<\/div>","protected":false},"author":9,"featured_media":0,"parent":0,"menu_order":0,"comment_status":"open","ping_status":"open","template":"","meta":{"footnotes":""},"class_list":["post-2616","page","type-page","status-publish","hentry","nodate","item-wrap"],"_links":{"self":[{"href":"https:\/\/se.csbe.qc.ca\/universsocial\/wp-json\/wp\/v2\/pages\/2616","targetHints":{"allow":["GET"]}}],"collection":[{"href":"https:\/\/se.csbe.qc.ca\/universsocial\/wp-json\/wp\/v2\/pages"}],"about":[{"href":"https:\/\/se.csbe.qc.ca\/universsocial\/wp-json\/wp\/v2\/types\/page"}],"author":[{"embeddable":true,"href":"https:\/\/se.csbe.qc.ca\/universsocial\/wp-json\/wp\/v2\/users\/9"}],"replies":[{"embeddable":true,"href":"https:\/\/se.csbe.qc.ca\/universsocial\/wp-json\/wp\/v2\/comments?post=2616"}],"version-history":[{"count":6,"href":"https:\/\/se.csbe.qc.ca\/universsocial\/wp-json\/wp\/v2\/pages\/2616\/revisions"}],"predecessor-version":[{"id":3303,"href":"https:\/\/se.csbe.qc.ca\/universsocial\/wp-json\/wp\/v2\/pages\/2616\/revisions\/3303"}],"wp:attachment":[{"href":"https:\/\/se.csbe.qc.ca\/universsocial\/wp-json\/wp\/v2\/media?parent=2616"}],"curies":[{"name":"wp","href":"https:\/\/api.w.org\/{rel}","templated":true}]}}