{"id":2605,"date":"2014-09-09T13:48:21","date_gmt":"2014-09-09T17:48:21","guid":{"rendered":"https:\/\/se.csbe.qc.ca\/universsocial\/?page_id=2605"},"modified":"2015-08-25T11:28:18","modified_gmt":"2015-08-25T15:28:18","slug":"analyse-de-documents-technique-latic","status":"publish","type":"page","link":"https:\/\/se.csbe.qc.ca\/universsocial\/analyse-de-documents-technique-latic\/","title":{"rendered":"Analyse de documents &#8211; Technique LATIC"},"content":{"rendered":"<div class=\"page-restrict-output\"><h2><span style=\"color: #000000;\"><strong>Voici une affiche et un document d&rsquo;enseignement pour travailler les bases de l&rsquo;analyse de documents avec vos \u00e9l\u00e8ves.<\/strong><\/span><\/h2>\n<h2><\/h2>\n<h2><span style=\"color: #000000;\"><strong>Tr\u00e8s int\u00e9ressant!<\/strong><\/span><\/h2>\n<h2><\/h2>\n<h2><span style=\"color: #000000;\"><strong>Merci \u00e0 la commission scolaire Marguerite-Bourgeoys pour le partage!<\/strong><\/span><\/h2>\n<h2><\/h2>\n<h2><span style=\"text-decoration: underline;\"><span style=\"color: #000000; text-decoration: underline;\"><strong>Cliquer pour t\u00e9l\u00e9charger:<\/strong><\/span><\/span><\/h2>\n<h2><span style=\"color: #0000ff;\"><em><strong><a href=\"https:\/\/se.csbe.qc.ca\/universsocial\/files\/2014\/09\/Analyse-de-documents-Affiche.pdf\" target=\"_blank\"><span style=\"color: #0000ff;\">Analyse de documents &#8211; Affiche<\/span><\/a><\/strong><\/em><\/span><\/h2>\n<h2><span style=\"color: #0000ff;\"><em><strong><a href=\"https:\/\/se.csbe.qc.ca\/universsocial\/files\/2014\/09\/Analyse-de-documents-\u00c9l\u00e8ves.notebook\" target=\"_blank\"><span style=\"color: #0000ff;\">Analyse de documents &#8211; \u00c9l\u00e8ves<\/span><\/a><\/strong><\/em><\/span><\/h2>\n<!-- WP Attachments -->\r\n        <div style=\"width:100%;margin:10px 0 10px 0;\">\r\n            <h3>Attachments<\/h3>\r\n        <ul class=\"post-attachments\"><li class=\"post-attachment mime-application-pdf\"><a href=\"https:\/\/se.csbe.qc.ca\/universsocial\/files\/2014\/09\/Analyse-de-documents-Affiche.pdf\">Analyse de documents - Affiche<\/a> <small>(194 kB)<\/small><\/li><li class=\"post-attachment mime-application-x-smarttech-notebook\"><a href=\"https:\/\/se.csbe.qc.ca\/universsocial\/files\/2014\/09\/Analyse-de-documents-\u00c9l\u00e8ves.notebook\">Analyse de documents - \u00c9l\u00e8ves<\/a> <small>(2 MB)<\/small><\/li><\/ul><\/div><\/div>","protected":false},"excerpt":{"rendered":"<div class=\"page-restrict-output\"><p>Voici une affiche et un document d&rsquo;enseignement pour travailler les bases de l&rsquo;analyse de documents avec vos \u00e9l\u00e8ves. Tr\u00e8s int\u00e9ressant! Merci \u00e0 la commission scolaire Marguerite-Bourgeoys pour le partage! Cliquer pour t\u00e9l\u00e9charger: Analyse de documents &#8211; Affiche Analyse de documents &#8211; \u00c9l\u00e8ves Attachments Analyse de documents &#8211; Affiche (194 kB)Analyse de documents &#8211; \u00c9l\u00e8ves (2 &hellip; <\/p>\n<p><a class=\"more-link btn\" href=\"https:\/\/se.csbe.qc.ca\/universsocial\/analyse-de-documents-technique-latic\/\">Lire la suite<\/a><\/p>\n<\/div>","protected":false},"author":9,"featured_media":0,"parent":0,"menu_order":0,"comment_status":"open","ping_status":"open","template":"","meta":{"footnotes":""},"class_list":["post-2605","page","type-page","status-publish","hentry","nodate","item-wrap"],"_links":{"self":[{"href":"https:\/\/se.csbe.qc.ca\/universsocial\/wp-json\/wp\/v2\/pages\/2605","targetHints":{"allow":["GET"]}}],"collection":[{"href":"https:\/\/se.csbe.qc.ca\/universsocial\/wp-json\/wp\/v2\/pages"}],"about":[{"href":"https:\/\/se.csbe.qc.ca\/universsocial\/wp-json\/wp\/v2\/types\/page"}],"author":[{"embeddable":true,"href":"https:\/\/se.csbe.qc.ca\/universsocial\/wp-json\/wp\/v2\/users\/9"}],"replies":[{"embeddable":true,"href":"https:\/\/se.csbe.qc.ca\/universsocial\/wp-json\/wp\/v2\/comments?post=2605"}],"version-history":[{"count":2,"href":"https:\/\/se.csbe.qc.ca\/universsocial\/wp-json\/wp\/v2\/pages\/2605\/revisions"}],"predecessor-version":[{"id":3929,"href":"https:\/\/se.csbe.qc.ca\/universsocial\/wp-json\/wp\/v2\/pages\/2605\/revisions\/3929"}],"wp:attachment":[{"href":"https:\/\/se.csbe.qc.ca\/universsocial\/wp-json\/wp\/v2\/media?parent=2605"}],"curies":[{"name":"wp","href":"https:\/\/api.w.org\/{rel}","templated":true}]}}