{"id":2572,"date":"2014-08-28T09:03:58","date_gmt":"2014-08-28T13:03:58","guid":{"rendered":"https:\/\/se.csbe.qc.ca\/universsocial\/?page_id=2572"},"modified":"2015-08-24T14:05:47","modified_gmt":"2015-08-24T18:05:47","slug":"planification-globale-csbe-sec-3","status":"publish","type":"page","link":"https:\/\/se.csbe.qc.ca\/universsocial\/planification-globale-csbe-sec-3\/","title":{"rendered":"Planification globale CSBE (Sec.3)"},"content":{"rendered":"<div class=\"page-restrict-output\"><h2><span style=\"color: #000000;\"><strong>Voici le canevas vierge de la planification globale en histoire de 3e secondaire\u00a0que j&rsquo;ai mis sur pied pour vous.<\/strong><\/span><\/h2>\n<h2><\/h2>\n<h2><span style=\"color: #000000;\"><strong>J&rsquo;y joins un exemple compl\u00e9t\u00e9, \u00e0 titre d&rsquo;inspiration seulement!<\/strong><\/span><\/h2>\n<h2><\/h2>\n<h2><\/h2>\n<h2><span style=\"text-decoration: underline;\"><span><span style=\"color: #000000; text-decoration: underline;\"><strong>Cliquer sur chaque document pour le t\u00e9l\u00e9charger:<\/strong><\/span><\/span><\/span><\/h2>\n<h2><span style=\"color: #0000ff;\"><strong><em><a href=\"https:\/\/se.csbe.qc.ca\/universsocial\/files\/2014\/08\/CSBE_Planif_globale_HIST3_11X17.doc\" target=\"_blank\"><span style=\"color: #0000ff;\">CSBE_Planif_globale_HIST3_11X17<\/span><\/a><\/em><\/strong><\/span><\/h2>\n<h2><span style=\"color: #0000ff;\"><strong><em><a href=\"https:\/\/se.csbe.qc.ca\/universsocial\/files\/2014\/08\/CSBE_Planif_globale_HIST3_11X17-Complet2.doc\" target=\"_blank\"><span style=\"color: #0000ff;\">CSBE_Planif_globale_HIST3_11X17 &#8211; Complet<\/span><\/a><\/em><\/strong><\/span><\/h2>\n<!-- WP Attachments -->\r\n        <div style=\"width:100%;margin:10px 0 10px 0;\">\r\n            <h3>Attachments<\/h3>\r\n        <ul class=\"post-attachments\"><li class=\"post-attachment mime-application-msword\"><a href=\"https:\/\/se.csbe.qc.ca\/universsocial\/files\/2014\/08\/CSBE_Planif_globale_HIST3_11X17.doc\">CSBE_Planif_globale_HIST3_11X17<\/a> <small>(3 MB)<\/small><\/li><li class=\"post-attachment mime-application-msword\"><a href=\"https:\/\/se.csbe.qc.ca\/universsocial\/files\/2014\/08\/CSBE_Planif_globale_HIST3_11X17-Complet2.doc\">CSBE_Planif_globale_HIST3_11X17 - Complet<\/a> <small>(3 MB)<\/small><\/li><\/ul><\/div><\/div>","protected":false},"excerpt":{"rendered":"<div class=\"page-restrict-output\"><p>Voici le canevas vierge de la planification globale en histoire de 3e secondaire\u00a0que j&rsquo;ai mis sur pied pour vous. J&rsquo;y joins un exemple compl\u00e9t\u00e9, \u00e0 titre d&rsquo;inspiration seulement! Cliquer sur chaque document pour le t\u00e9l\u00e9charger: CSBE_Planif_globale_HIST3_11X17 CSBE_Planif_globale_HIST3_11X17 &#8211; Complet Attachments CSBE_Planif_globale_HIST3_11X17 (3 MB)CSBE_Planif_globale_HIST3_11X17 &#8211; Complet (3 MB)<\/p>\n<\/div>","protected":false},"author":9,"featured_media":0,"parent":0,"menu_order":0,"comment_status":"open","ping_status":"open","template":"","meta":{"footnotes":""},"class_list":["post-2572","page","type-page","status-publish","hentry","nodate","item-wrap"],"_links":{"self":[{"href":"https:\/\/se.csbe.qc.ca\/universsocial\/wp-json\/wp\/v2\/pages\/2572","targetHints":{"allow":["GET"]}}],"collection":[{"href":"https:\/\/se.csbe.qc.ca\/universsocial\/wp-json\/wp\/v2\/pages"}],"about":[{"href":"https:\/\/se.csbe.qc.ca\/universsocial\/wp-json\/wp\/v2\/types\/page"}],"author":[{"embeddable":true,"href":"https:\/\/se.csbe.qc.ca\/universsocial\/wp-json\/wp\/v2\/users\/9"}],"replies":[{"embeddable":true,"href":"https:\/\/se.csbe.qc.ca\/universsocial\/wp-json\/wp\/v2\/comments?post=2572"}],"version-history":[{"count":2,"href":"https:\/\/se.csbe.qc.ca\/universsocial\/wp-json\/wp\/v2\/pages\/2572\/revisions"}],"predecessor-version":[{"id":3919,"href":"https:\/\/se.csbe.qc.ca\/universsocial\/wp-json\/wp\/v2\/pages\/2572\/revisions\/3919"}],"wp:attachment":[{"href":"https:\/\/se.csbe.qc.ca\/universsocial\/wp-json\/wp\/v2\/media?parent=2572"}],"curies":[{"name":"wp","href":"https:\/\/api.w.org\/{rel}","templated":true}]}}