{"id":254,"date":"2012-10-26T20:59:21","date_gmt":"2012-10-26T19:59:21","guid":{"rendered":"https:\/\/se.csbe.qc.ca\/universsocial\/?page_id=254"},"modified":"2013-01-11T12:48:22","modified_gmt":"2013-01-11T17:48:22","slug":"histoire-1er-cycle-romanisation-americanisation-citoyennete","status":"publish","type":"page","link":"https:\/\/se.csbe.qc.ca\/universsocial\/histoire-1er-cycle-romanisation-americanisation-citoyennete\/","title":{"rendered":"Romanisation, Am\u00e9ricanisation, Citoyennet\u00e9 (1er cycle)"},"content":{"rendered":"<div class=\"page-restrict-output\"><h2>Voici une activit\u00e9 pour le 1er cycle en histoire&#8230;<\/h2>\n<h2><\/h2>\n<h2><span style=\"text-decoration: underline; color: #000000;\">Pour y acc\u00e9der, cliquer sur le lien ci-dessous:<\/span><\/h2>\n<h2><em><a href=\"https:\/\/se.csbe.qc.ca\/universsocial\/files\/2012\/10\/Romanisation-Am\u00e9ricanisation-Citoyennet\u00e9.ppt\">Romanisation, Am\u00e9ricanisation, Citoyennet\u00e9<\/a><\/em><\/h2>\n<!-- WP Attachments -->\r\n        <div style=\"width:100%;margin:10px 0 10px 0;\">\r\n            <h3>Attachments<\/h3>\r\n        <ul class=\"post-attachments\"><li class=\"post-attachment mime-application-vnd-ms-powerpoint\"><a href=\"https:\/\/se.csbe.qc.ca\/universsocial\/files\/2012\/10\/Romanisation-Am\u00e9ricanisation-Citoyennet\u00e9.ppt\">Romanisation, Am\u00e9ricanisation, Citoyennet\u00e9<\/a> <small>(2 MB)<\/small><\/li><\/ul><\/div><\/div>","protected":false},"excerpt":{"rendered":"<div class=\"page-restrict-output\"><p>Voici une activit\u00e9 pour le 1er cycle en histoire&#8230; Pour y acc\u00e9der, cliquer sur le lien ci-dessous: Romanisation, Am\u00e9ricanisation, Citoyennet\u00e9 Attachments Romanisation, Am\u00e9ricanisation, Citoyennet\u00e9 (2 MB)<\/p>\n<\/div>","protected":false},"author":9,"featured_media":0,"parent":0,"menu_order":0,"comment_status":"open","ping_status":"closed","template":"","meta":{"footnotes":""},"class_list":["post-254","page","type-page","status-publish","hentry","nodate","item-wrap"],"_links":{"self":[{"href":"https:\/\/se.csbe.qc.ca\/universsocial\/wp-json\/wp\/v2\/pages\/254","targetHints":{"allow":["GET"]}}],"collection":[{"href":"https:\/\/se.csbe.qc.ca\/universsocial\/wp-json\/wp\/v2\/pages"}],"about":[{"href":"https:\/\/se.csbe.qc.ca\/universsocial\/wp-json\/wp\/v2\/types\/page"}],"author":[{"embeddable":true,"href":"https:\/\/se.csbe.qc.ca\/universsocial\/wp-json\/wp\/v2\/users\/9"}],"replies":[{"embeddable":true,"href":"https:\/\/se.csbe.qc.ca\/universsocial\/wp-json\/wp\/v2\/comments?post=254"}],"version-history":[{"count":6,"href":"https:\/\/se.csbe.qc.ca\/universsocial\/wp-json\/wp\/v2\/pages\/254\/revisions"}],"predecessor-version":[{"id":1223,"href":"https:\/\/se.csbe.qc.ca\/universsocial\/wp-json\/wp\/v2\/pages\/254\/revisions\/1223"}],"wp:attachment":[{"href":"https:\/\/se.csbe.qc.ca\/universsocial\/wp-json\/wp\/v2\/media?parent=254"}],"curies":[{"name":"wp","href":"https:\/\/api.w.org\/{rel}","templated":true}]}}