{"id":2530,"date":"2014-05-14T14:35:16","date_gmt":"2014-05-14T18:35:16","guid":{"rendered":"https:\/\/se.csbe.qc.ca\/universsocial\/?page_id=2530"},"modified":"2015-01-28T16:03:11","modified_gmt":"2015-01-28T21:03:11","slug":"dossiers-documentaires-sec-1","status":"publish","type":"page","link":"https:\/\/se.csbe.qc.ca\/universsocial\/dossiers-documentaires-sec-1\/","title":{"rendered":"Dossiers documentaires (Sec.1)"},"content":{"rendered":"<div class=\"page-restrict-output\"><h2><span style=\"color: #000000;\"><strong>Voici une s\u00e9rie de dossiers documentaires\u00a0qui pourront vous \u00eatre tr\u00e8s utiles pour faire de l&rsquo;analyse de documents, pour \u00e9laborer des exercices, pour cr\u00e9er des examens, etc.<\/strong><\/span><\/h2>\n<h2><span style=\"color: #000000;\"><strong>\u00a0<\/strong><\/span><\/h2>\n<h2><span style=\"color: #000000; text-decoration: underline;\"><strong>Pour y acc\u00e9der, cliquer sur chacun des liens ci-dessous:<\/strong><\/span><\/h2>\n<h2><span style=\"color: #0000ff;\"><em><strong><a style=\"color: #0000ff;\" href=\"https:\/\/se.csbe.qc.ca\/universsocial\/files\/2014\/05\/1-Sedentarisation2.docx\" target=\"_blank\">1- Sedentarisation<\/a><\/strong><\/em><\/span><\/h2>\n<h2><span style=\"color: #0000ff;\"><em><strong><a href=\"https:\/\/se.csbe.qc.ca\/universsocial\/files\/2014\/05\/2-Emergence_civilisation.docx\" target=\"_blank\"><span style=\"color: #0000ff;\">2- Emergence_civilisation<\/span><\/a><\/strong><\/em><\/span><\/h2>\n<h2><span style=\"color: #0000ff;\"><em><strong><a href=\"https:\/\/se.csbe.qc.ca\/universsocial\/files\/2014\/05\/3-Democratie1.docx\" target=\"_blank\"><span style=\"color: #0000ff;\">3- Democratie<\/span><\/a><\/strong><\/em><\/span><\/h2>\n<h2><span style=\"color: #0000ff;\"><em><strong><a href=\"https:\/\/se.csbe.qc.ca\/universsocial\/files\/2014\/05\/4-Romanisation1.docx\" target=\"_blank\"><span style=\"color: #0000ff;\">4- Romanisation<\/span><\/a><\/strong><\/em><\/span><\/h2>\n<h2><span style=\"color: #0000ff;\"><em><strong><a href=\"https:\/\/se.csbe.qc.ca\/universsocial\/files\/2014\/05\/5-Christianisation_Occident.docx\" target=\"_blank\"><span style=\"color: #0000ff;\">5- Christianisation_Occident<\/span><\/a><\/strong><\/em><\/span><\/h2>\n<h2><span style=\"color: #0000ff;\"><em><strong><a href=\"https:\/\/se.csbe.qc.ca\/universsocial\/files\/2014\/05\/6-Essor_urbain_commercial.docx\" target=\"_blank\"><span style=\"color: #0000ff;\">6- Essor_urbain_commercial<\/span><\/a><\/strong><\/em><\/span><\/h2>\n<!-- WP Attachments -->\r\n        <div style=\"width:100%;margin:10px 0 10px 0;\">\r\n            <h3>Attachments<\/h3>\r\n        <ul class=\"post-attachments\"><li class=\"post-attachment mime-application-vnd-openxmlformats-officedocument-wordprocessingml-document\"><a href=\"https:\/\/se.csbe.qc.ca\/universsocial\/files\/2014\/05\/2-Emergence-dune-civilisation.docx\">2- L'\u00e9mergence d'une civilisation<\/a> <small>(4 MB)<\/small><\/li><li class=\"post-attachment mime-application-vnd-openxmlformats-officedocument-wordprocessingml-document\"><a href=\"https:\/\/se.csbe.qc.ca\/universsocial\/files\/2014\/05\/3-Democratie.docx\">3- Une premi\u00e8re exp\u00e9rience de d\u00e9mocratie<\/a> <small>(3 MB)<\/small><\/li><li class=\"post-attachment mime-application-vnd-openxmlformats-officedocument-wordprocessingml-document\"><a href=\"https:\/\/se.csbe.qc.ca\/universsocial\/files\/2014\/05\/4-Romanisation.docx\">4- La romanisation<\/a> <small>(3 MB)<\/small><\/li><li class=\"post-attachment mime-application-vnd-openxmlformats-officedocument-wordprocessingml-document\"><a href=\"https:\/\/se.csbe.qc.ca\/universsocial\/files\/2014\/05\/1-Sedentarisation.docx\">1- La s\u00e9dentarisation<\/a> <small>(4 MB)<\/small><\/li><li class=\"post-attachment mime-application-vnd-openxmlformats-officedocument-wordprocessingml-document\"><a href=\"https:\/\/se.csbe.qc.ca\/universsocial\/files\/2014\/05\/6-Essor_urbain_commercial.docx\">6- Essor_urbain_commercial<\/a> <small>(951 kB)<\/small><\/li><li class=\"post-attachment mime-application-vnd-openxmlformats-officedocument-wordprocessingml-document\"><a href=\"https:\/\/se.csbe.qc.ca\/universsocial\/files\/2014\/05\/Supervision-p\u00e9dagogique-La-planification-globale.docx\">Supervision p\u00e9dagogique - La planification globale<\/a> <small>(84 kB)<\/small><\/li><li class=\"post-attachment mime-application-vnd-openxmlformats-officedocument-wordprocessingml-document\"><a href=\"https:\/\/se.csbe.qc.ca\/universsocial\/files\/2014\/05\/3-Democratie1.docx\">3- Democratie<\/a> <small>(3 MB)<\/small><\/li><li class=\"post-attachment mime-application-vnd-openxmlformats-officedocument-wordprocessingml-document\"><a href=\"https:\/\/se.csbe.qc.ca\/universsocial\/files\/2014\/05\/4-Romanisation1.docx\">4- Romanisation<\/a> <small>(3 MB)<\/small><\/li><li class=\"post-attachment mime-application-vnd-openxmlformats-officedocument-wordprocessingml-document\"><a href=\"https:\/\/se.csbe.qc.ca\/universsocial\/files\/2014\/05\/5-Christianisation_Occident.docx\">5- Christianisation_Occident<\/a> <small>(2 MB)<\/small><\/li><li class=\"post-attachment mime-application-vnd-openxmlformats-officedocument-wordprocessingml-document\"><a href=\"https:\/\/se.csbe.qc.ca\/universsocial\/files\/2014\/05\/1-Sedentarisation1.docx\">1- Sedentarisation<\/a> <small>(3 MB)<\/small><\/li><li class=\"post-attachment mime-application-vnd-openxmlformats-officedocument-wordprocessingml-document\"><a href=\"https:\/\/se.csbe.qc.ca\/universsocial\/files\/2014\/05\/2-Emergence_civilisation.docx\">2- Emergence_civilisation<\/a> <small>(4 MB)<\/small><\/li><li class=\"post-attachment mime-application-vnd-openxmlformats-officedocument-wordprocessingml-document\"><a href=\"https:\/\/se.csbe.qc.ca\/universsocial\/files\/2014\/05\/1-La-S\u00e9dentarisation.docx\">1- La S\u00e9dentarisation<\/a> <small>(3 MB)<\/small><\/li><li class=\"post-attachment mime-application-vnd-openxmlformats-officedocument-wordprocessingml-document\"><a href=\"https:\/\/se.csbe.qc.ca\/universsocial\/files\/2014\/05\/2-L\u00c9mergence-dUne-Civilisation.docx\">2- L'\u00c9mergence d'Une Civilisation<\/a> <small>(4 MB)<\/small><\/li><li class=\"post-attachment mime-application-vnd-openxmlformats-officedocument-wordprocessingml-document\"><a href=\"https:\/\/se.csbe.qc.ca\/universsocial\/files\/2014\/05\/3-Une-Premi\u00e8re-Exp\u00e9rience-De-D\u00e9mocratie.docx\">3- Une Premi\u00e8re Exp\u00e9rience De D\u00e9mocratie<\/a> <small>(3 MB)<\/small><\/li><li class=\"post-attachment mime-application-vnd-openxmlformats-officedocument-wordprocessingml-document\"><a href=\"https:\/\/se.csbe.qc.ca\/universsocial\/files\/2014\/05\/4-La-Romanisation.docx\">4- La Romanisation<\/a> <small>(3 MB)<\/small><\/li><li class=\"post-attachment mime-application-vnd-openxmlformats-officedocument-wordprocessingml-document\"><a href=\"https:\/\/se.csbe.qc.ca\/universsocial\/files\/2014\/05\/5-La-Christianisation-De-lOccident.docx\">5- La Christianisation De l'Occident<\/a> <small>(2 MB)<\/small><\/li><li class=\"post-attachment mime-application-vnd-openxmlformats-officedocument-wordprocessingml-document\"><a href=\"https:\/\/se.csbe.qc.ca\/universsocial\/files\/2014\/05\/6-LEssor-Urbain-Et-Commercial.docx\">6- L'Essor Urbain Et Commercial<\/a> <small>(951 kB)<\/small><\/li><li class=\"post-attachment mime-application-vnd-openxmlformats-officedocument-wordprocessingml-document\"><a href=\"https:\/\/se.csbe.qc.ca\/universsocial\/files\/2014\/05\/1-Sedentarisation2.docx\">1- Sedentarisation<\/a> <small>(3 MB)<\/small><\/li><\/ul><\/div><\/div>","protected":false},"excerpt":{"rendered":"<div class=\"page-restrict-output\"><p>Voici une s\u00e9rie de dossiers documentaires\u00a0qui pourront vous \u00eatre tr\u00e8s utiles pour faire de l&rsquo;analyse de documents, pour \u00e9laborer des exercices, pour cr\u00e9er des examens, etc. \u00a0 Pour y acc\u00e9der, cliquer sur chacun des liens ci-dessous: 1- Sedentarisation 2- Emergence_civilisation 3- Democratie 4- Romanisation 5- Christianisation_Occident 6- Essor_urbain_commercial Attachments 2- L&rsquo;\u00e9mergence d&rsquo;une civilisation (4 MB)3- &hellip; <\/p>\n<p><a class=\"more-link btn\" href=\"https:\/\/se.csbe.qc.ca\/universsocial\/dossiers-documentaires-sec-1\/\">Lire la suite<\/a><\/p>\n<\/div>","protected":false},"author":9,"featured_media":0,"parent":0,"menu_order":0,"comment_status":"open","ping_status":"open","template":"","meta":{"footnotes":""},"class_list":["post-2530","page","type-page","status-publish","hentry","nodate","item-wrap"],"_links":{"self":[{"href":"https:\/\/se.csbe.qc.ca\/universsocial\/wp-json\/wp\/v2\/pages\/2530","targetHints":{"allow":["GET"]}}],"collection":[{"href":"https:\/\/se.csbe.qc.ca\/universsocial\/wp-json\/wp\/v2\/pages"}],"about":[{"href":"https:\/\/se.csbe.qc.ca\/universsocial\/wp-json\/wp\/v2\/types\/page"}],"author":[{"embeddable":true,"href":"https:\/\/se.csbe.qc.ca\/universsocial\/wp-json\/wp\/v2\/users\/9"}],"replies":[{"embeddable":true,"href":"https:\/\/se.csbe.qc.ca\/universsocial\/wp-json\/wp\/v2\/comments?post=2530"}],"version-history":[{"count":6,"href":"https:\/\/se.csbe.qc.ca\/universsocial\/wp-json\/wp\/v2\/pages\/2530\/revisions"}],"predecessor-version":[{"id":3596,"href":"https:\/\/se.csbe.qc.ca\/universsocial\/wp-json\/wp\/v2\/pages\/2530\/revisions\/3596"}],"wp:attachment":[{"href":"https:\/\/se.csbe.qc.ca\/universsocial\/wp-json\/wp\/v2\/media?parent=2530"}],"curies":[{"name":"wp","href":"https:\/\/api.w.org\/{rel}","templated":true}]}}