{"id":249,"date":"2012-10-26T20:57:48","date_gmt":"2012-10-26T19:57:48","guid":{"rendered":"https:\/\/se.csbe.qc.ca\/universsocial\/?page_id=249"},"modified":"2013-01-11T12:48:54","modified_gmt":"2013-01-11T17:48:54","slug":"histoire-1er-cycle-3-societes-non-democratiques","status":"publish","type":"page","link":"https:\/\/se.csbe.qc.ca\/universsocial\/histoire-1er-cycle-3-societes-non-democratiques\/","title":{"rendered":"SA\u00c9 &#8211; 3 soci\u00e9t\u00e9s non d\u00e9mocratiques (1er cycle)"},"content":{"rendered":"<div class=\"page-restrict-output\"><h2><span style=\"text-decoration: underline; color: #000000;\">3 soci\u00e9t\u00e9s non d\u00e9mocratiques:\u00a0<\/span><\/h2>\n<ul>\n<li>\n<h3><em><span style=\"color: #000000;\">Cuba<\/span><\/em><\/h3>\n<\/li>\n<li>\n<h3><em><span style=\"color: #000000;\">Ha\u00efti<\/span><\/em><\/h3>\n<\/li>\n<li>\n<h3><em><span style=\"color: #000000;\">Pologne<\/span><\/em><\/h3>\n<\/li>\n<\/ul>\n<div><\/div>\n<div><\/div>\n<div>\n<h2><span style=\"text-decoration: underline; color: #000000;\">Pour y acc\u00e9der, cliquer sur le lien ci-dessous:<\/span><\/h2>\n<\/div>\n<h2><em><a href=\"https:\/\/se.csbe.qc.ca\/universsocial\/files\/2012\/10\/3-soci\u00e9t\u00e9s-non-d\u00e9mocratiques.zip\">3 soci\u00e9t\u00e9s non d\u00e9mocratiques<\/a><\/em><\/h2>\n<!-- WP Attachments -->\r\n        <div style=\"width:100%;margin:10px 0 10px 0;\">\r\n            <h3>Attachments<\/h3>\r\n        <ul class=\"post-attachments\"><li class=\"post-attachment mime-application-zip\"><a href=\"https:\/\/se.csbe.qc.ca\/universsocial\/files\/2012\/10\/3-soci\u00e9t\u00e9s-non-d\u00e9mocratiques.zip\">3 soci\u00e9t\u00e9s non d\u00e9mocratiques<\/a> <small>(6 MB)<\/small><\/li><\/ul><\/div><\/div>","protected":false},"excerpt":{"rendered":"<div class=\"page-restrict-output\"><p>3 soci\u00e9t\u00e9s non d\u00e9mocratiques:\u00a0 Cuba Ha\u00efti Pologne Pour y acc\u00e9der, cliquer sur le lien ci-dessous: 3 soci\u00e9t\u00e9s non d\u00e9mocratiques Attachments 3 soci\u00e9t\u00e9s non d\u00e9mocratiques (6 MB)<\/p>\n<\/div>","protected":false},"author":9,"featured_media":0,"parent":0,"menu_order":0,"comment_status":"open","ping_status":"closed","template":"","meta":{"footnotes":""},"class_list":["post-249","page","type-page","status-publish","hentry","nodate","item-wrap"],"_links":{"self":[{"href":"https:\/\/se.csbe.qc.ca\/universsocial\/wp-json\/wp\/v2\/pages\/249","targetHints":{"allow":["GET"]}}],"collection":[{"href":"https:\/\/se.csbe.qc.ca\/universsocial\/wp-json\/wp\/v2\/pages"}],"about":[{"href":"https:\/\/se.csbe.qc.ca\/universsocial\/wp-json\/wp\/v2\/types\/page"}],"author":[{"embeddable":true,"href":"https:\/\/se.csbe.qc.ca\/universsocial\/wp-json\/wp\/v2\/users\/9"}],"replies":[{"embeddable":true,"href":"https:\/\/se.csbe.qc.ca\/universsocial\/wp-json\/wp\/v2\/comments?post=249"}],"version-history":[{"count":8,"href":"https:\/\/se.csbe.qc.ca\/universsocial\/wp-json\/wp\/v2\/pages\/249\/revisions"}],"predecessor-version":[{"id":1224,"href":"https:\/\/se.csbe.qc.ca\/universsocial\/wp-json\/wp\/v2\/pages\/249\/revisions\/1224"}],"wp:attachment":[{"href":"https:\/\/se.csbe.qc.ca\/universsocial\/wp-json\/wp\/v2\/media?parent=249"}],"curies":[{"name":"wp","href":"https:\/\/api.w.org\/{rel}","templated":true}]}}