{"id":247,"date":"2012-10-26T20:55:58","date_gmt":"2012-10-26T19:55:58","guid":{"rendered":"https:\/\/se.csbe.qc.ca\/universsocial\/?page_id=247"},"modified":"2013-01-11T12:50:41","modified_gmt":"2013-01-11T17:50:41","slug":"histoire-1er-cycle-sae-liberte-droits-civils-local","status":"publish","type":"page","link":"https:\/\/se.csbe.qc.ca\/universsocial\/histoire-1er-cycle-sae-liberte-droits-civils-local\/","title":{"rendered":"SA\u00c9 &#8211; Libert\u00e9, droits civils (1er cycle)"},"content":{"rendered":"<div class=\"page-restrict-output\"><h2>Voici une SA\u00c9 sur les droits civils<\/h2>\n<p>&nbsp;<\/p>\n<h2><span style=\"text-decoration: underline; color: #000000;\">Pour y acc\u00e9der, cliquer sur le lien ci-dessous:<\/span><\/h2>\n<h2><em><a href=\"https:\/\/se.csbe.qc.ca\/universsocial\/files\/2012\/10\/SA\u00c9-Libert\u00e9-droits-civils-local.zip\">SA\u00c9 &#8211; Libert\u00e9, droits civils, local<\/a><\/em><\/h2>\n<!-- WP Attachments -->\r\n        <div style=\"width:100%;margin:10px 0 10px 0;\">\r\n            <h3>Attachments<\/h3>\r\n        <ul class=\"post-attachments\"><li class=\"post-attachment mime-application-zip\"><a href=\"https:\/\/se.csbe.qc.ca\/universsocial\/files\/2012\/10\/SA\u00c9-Libert\u00e9-droits-civils-local.zip\">SA\u00c9 - Libert\u00e9, droits civils, local<\/a> <small>(9 MB)<\/small><\/li><\/ul><\/div><\/div>","protected":false},"excerpt":{"rendered":"<div class=\"page-restrict-output\"><p>Voici une SA\u00c9 sur les droits civils &nbsp; Pour y acc\u00e9der, cliquer sur le lien ci-dessous: SA\u00c9 &#8211; Libert\u00e9, droits civils, local Attachments SA\u00c9 &#8211; Libert\u00e9, droits civils, local (9 MB)<\/p>\n<\/div>","protected":false},"author":9,"featured_media":0,"parent":0,"menu_order":0,"comment_status":"open","ping_status":"closed","template":"","meta":{"footnotes":""},"class_list":["post-247","page","type-page","status-publish","hentry","nodate","item-wrap"],"_links":{"self":[{"href":"https:\/\/se.csbe.qc.ca\/universsocial\/wp-json\/wp\/v2\/pages\/247","targetHints":{"allow":["GET"]}}],"collection":[{"href":"https:\/\/se.csbe.qc.ca\/universsocial\/wp-json\/wp\/v2\/pages"}],"about":[{"href":"https:\/\/se.csbe.qc.ca\/universsocial\/wp-json\/wp\/v2\/types\/page"}],"author":[{"embeddable":true,"href":"https:\/\/se.csbe.qc.ca\/universsocial\/wp-json\/wp\/v2\/users\/9"}],"replies":[{"embeddable":true,"href":"https:\/\/se.csbe.qc.ca\/universsocial\/wp-json\/wp\/v2\/comments?post=247"}],"version-history":[{"count":6,"href":"https:\/\/se.csbe.qc.ca\/universsocial\/wp-json\/wp\/v2\/pages\/247\/revisions"}],"predecessor-version":[{"id":1226,"href":"https:\/\/se.csbe.qc.ca\/universsocial\/wp-json\/wp\/v2\/pages\/247\/revisions\/1226"}],"wp:attachment":[{"href":"https:\/\/se.csbe.qc.ca\/universsocial\/wp-json\/wp\/v2\/media?parent=247"}],"curies":[{"name":"wp","href":"https:\/\/api.w.org\/{rel}","templated":true}]}}