{"id":2458,"date":"2014-03-19T14:19:51","date_gmt":"2014-03-19T18:19:51","guid":{"rendered":"https:\/\/se.csbe.qc.ca\/universsocial\/?page_id=2458"},"modified":"2014-03-19T14:19:51","modified_gmt":"2014-03-19T18:19:51","slug":"economie-et-developpement-projet-les-regions-administratives-du-quebec-sec-4","status":"publish","type":"page","link":"https:\/\/se.csbe.qc.ca\/universsocial\/economie-et-developpement-projet-les-regions-administratives-du-quebec-sec-4\/","title":{"rendered":"\u00c9conomie et d\u00e9veloppement &#8211; Projet \u00ab\u00a0Les r\u00e9gions administratives du Qu\u00e9bec\u00a0\u00bb (Sec.4)"},"content":{"rendered":"<div class=\"page-restrict-output\"><h2><span style=\"color: #000000;\"><strong>Voici un projet \u00e9labor\u00e9 par Mme Dominique Boulet, avec la collaboration de M. Vincent Lemieux.<\/strong><\/span><\/h2>\n<h2><\/h2>\n<h2><span style=\"color: #000000;\"><strong>Il s&rsquo;agit de la r\u00e9alisation d&rsquo;une affiche interactive gr\u00e2ce \u00e0 Glogster o\u00f9 les \u00e9l\u00e8ves doivent s&rsquo;informer sur les caract\u00e9ristiques, l&rsquo;histoire et l&rsquo;\u00e9volution d&rsquo;une r\u00e9gion administrative du Qu\u00e9bec.<\/strong><\/span><\/h2>\n<h2><\/h2>\n<h2><span style=\"color: #0000ff;\"><em><strong><a href=\"https:\/\/se.csbe.qc.ca\/universsocial\/files\/2014\/03\/Projet-Economie-Eleve.docx\"><span style=\"color: #0000ff;\">Projet Economie &#8211; Eleve<\/span><\/a><\/strong><\/em><\/span><\/h2>\n<h2><span style=\"color: #0000ff;\"><em><strong><a href=\"https:\/\/se.csbe.qc.ca\/universsocial\/files\/2014\/03\/Projet-Economie-Ressources.docx\"><span style=\"color: #0000ff;\">Projet Economie &#8211; Ressources<\/span><\/a><\/strong><\/em><\/span><\/h2>\n<!-- WP Attachments -->\r\n        <div style=\"width:100%;margin:10px 0 10px 0;\">\r\n            <h3>Attachments<\/h3>\r\n        <ul class=\"post-attachments\"><li class=\"post-attachment mime-application-vnd-openxmlformats-officedocument-wordprocessingml-document\"><a href=\"https:\/\/se.csbe.qc.ca\/universsocial\/files\/2014\/03\/Projet-Economie-Eleve.docx\">Projet Economie - Eleve<\/a> <small>(19 kB)<\/small><\/li><li class=\"post-attachment mime-application-vnd-openxmlformats-officedocument-wordprocessingml-document\"><a href=\"https:\/\/se.csbe.qc.ca\/universsocial\/files\/2014\/03\/Projet-Economie-Ressources.docx\">Projet Economie - Ressources<\/a> <small>(78 kB)<\/small><\/li><\/ul><\/div><\/div>","protected":false},"excerpt":{"rendered":"<div class=\"page-restrict-output\"><p>Voici un projet \u00e9labor\u00e9 par Mme Dominique Boulet, avec la collaboration de M. Vincent Lemieux. Il s&rsquo;agit de la r\u00e9alisation d&rsquo;une affiche interactive gr\u00e2ce \u00e0 Glogster o\u00f9 les \u00e9l\u00e8ves doivent s&rsquo;informer sur les caract\u00e9ristiques, l&rsquo;histoire et l&rsquo;\u00e9volution d&rsquo;une r\u00e9gion administrative du Qu\u00e9bec. Projet Economie &#8211; Eleve Projet Economie &#8211; Ressources Attachments Projet Economie &#8211; Eleve &hellip; <\/p>\n<p><a class=\"more-link btn\" href=\"https:\/\/se.csbe.qc.ca\/universsocial\/economie-et-developpement-projet-les-regions-administratives-du-quebec-sec-4\/\">Lire la suite<\/a><\/p>\n<\/div>","protected":false},"author":9,"featured_media":0,"parent":0,"menu_order":0,"comment_status":"open","ping_status":"open","template":"","meta":{"footnotes":""},"class_list":["post-2458","page","type-page","status-publish","hentry","nodate","item-wrap"],"_links":{"self":[{"href":"https:\/\/se.csbe.qc.ca\/universsocial\/wp-json\/wp\/v2\/pages\/2458","targetHints":{"allow":["GET"]}}],"collection":[{"href":"https:\/\/se.csbe.qc.ca\/universsocial\/wp-json\/wp\/v2\/pages"}],"about":[{"href":"https:\/\/se.csbe.qc.ca\/universsocial\/wp-json\/wp\/v2\/types\/page"}],"author":[{"embeddable":true,"href":"https:\/\/se.csbe.qc.ca\/universsocial\/wp-json\/wp\/v2\/users\/9"}],"replies":[{"embeddable":true,"href":"https:\/\/se.csbe.qc.ca\/universsocial\/wp-json\/wp\/v2\/comments?post=2458"}],"version-history":[{"count":1,"href":"https:\/\/se.csbe.qc.ca\/universsocial\/wp-json\/wp\/v2\/pages\/2458\/revisions"}],"predecessor-version":[{"id":2461,"href":"https:\/\/se.csbe.qc.ca\/universsocial\/wp-json\/wp\/v2\/pages\/2458\/revisions\/2461"}],"wp:attachment":[{"href":"https:\/\/se.csbe.qc.ca\/universsocial\/wp-json\/wp\/v2\/media?parent=2458"}],"curies":[{"name":"wp","href":"https:\/\/api.w.org\/{rel}","templated":true}]}}