{"id":2451,"date":"2014-03-19T13:53:52","date_gmt":"2014-03-19T17:53:52","guid":{"rendered":"https:\/\/se.csbe.qc.ca\/universsocial\/?page_id=2451"},"modified":"2014-03-19T14:49:11","modified_gmt":"2014-03-19T18:49:11","slug":"population-et-peuplement-chronologie-et-concepts-sec-4","status":"publish","type":"page","link":"https:\/\/se.csbe.qc.ca\/universsocial\/population-et-peuplement-chronologie-et-concepts-sec-4\/","title":{"rendered":"Population et peuplement &#8211; Chronologie et concepts (Sec.4)"},"content":{"rendered":"<div class=\"page-restrict-output\"><h2><span style=\"color: #000000;\"><strong>Voici deux activit\u00e9s tr\u00e8s int\u00e9ressantes!<\/strong><\/span><\/h2>\n<h2><\/h2>\n<h2><span style=\"color: #000000;\"><strong>Une premi\u00e8re sur la chronologie de l&rsquo;ensemble de la r\u00e9alit\u00e9 \u00ab\u00a0Population et peuplement\u00a0\u00bb.<\/strong><\/span><\/h2>\n<h2><span style=\"color: #000000;\"><strong>Une seconde sur les termes et concepts importants de cette r\u00e9alit\u00e9<\/strong><\/span><\/h2>\n<h2><\/h2>\n<h2><span style=\"color: #000000;\"><strong>Ce partage est une gracieuset\u00e9 de la Commission scolaire des Affluents. Merci beaucoup!<\/strong><\/span><\/h2>\n<h2><\/h2>\n<h2><strong><span style=\"color: #0000ff;\"><em><a href=\"https:\/\/se.csbe.qc.ca\/universsocial\/files\/2014\/03\/Chronologie-Corrig\u00e9.pdf\" target=\"_blank\"><span style=\"color: #0000ff;\">Chronologie &#8211; Corrig\u00e9<\/span><\/a> <\/em><\/span><\/strong><\/h2>\n<h2><strong><span style=\"color: #0000ff;\"><em><a href=\"https:\/\/se.csbe.qc.ca\/universsocial\/files\/2014\/03\/Chronologie.pdf\" target=\"_blank\"><span style=\"color: #0000ff;\">Chronologie<\/span><\/a> <\/em><\/span><\/strong><\/h2>\n<h2><strong><span style=\"color: #0000ff;\"><em><a href=\"https:\/\/se.csbe.qc.ca\/universsocial\/files\/2014\/03\/Concepts-et-question.pdf\" target=\"_blank\"><span style=\"color: #0000ff;\">Concepts et question<\/span><\/a><\/em><\/span><\/strong><\/h2>\n<!-- WP Attachments -->\r\n        <div style=\"width:100%;margin:10px 0 10px 0;\">\r\n            <h3>Attachments<\/h3>\r\n        <ul class=\"post-attachments\"><li class=\"post-attachment mime-application-pdf\"><a href=\"https:\/\/se.csbe.qc.ca\/universsocial\/files\/2014\/03\/Chronologie-Corrig\u00e9.pdf\">Chronologie - Corrig\u00e9<\/a> <small>(48 kB)<\/small><\/li><li class=\"post-attachment mime-application-pdf\"><a href=\"https:\/\/se.csbe.qc.ca\/universsocial\/files\/2014\/03\/Chronologie.pdf\">Chronologie<\/a> <small>(47 kB)<\/small><\/li><li class=\"post-attachment mime-application-pdf\"><a href=\"https:\/\/se.csbe.qc.ca\/universsocial\/files\/2014\/03\/Concepts-et-question.pdf\">Concepts et question<\/a> <small>(63 kB)<\/small><\/li><\/ul><\/div><\/div>","protected":false},"excerpt":{"rendered":"<div class=\"page-restrict-output\"><p>Voici deux activit\u00e9s tr\u00e8s int\u00e9ressantes! Une premi\u00e8re sur la chronologie de l&rsquo;ensemble de la r\u00e9alit\u00e9 \u00ab\u00a0Population et peuplement\u00a0\u00bb. Une seconde sur les termes et concepts importants de cette r\u00e9alit\u00e9 Ce partage est une gracieuset\u00e9 de la Commission scolaire des Affluents. Merci beaucoup! Chronologie &#8211; Corrig\u00e9 Chronologie Concepts et question Attachments Chronologie &#8211; Corrig\u00e9 (48 kB)Chronologie &hellip; <\/p>\n<p><a class=\"more-link btn\" href=\"https:\/\/se.csbe.qc.ca\/universsocial\/population-et-peuplement-chronologie-et-concepts-sec-4\/\">Lire la suite<\/a><\/p>\n<\/div>","protected":false},"author":9,"featured_media":0,"parent":0,"menu_order":0,"comment_status":"open","ping_status":"open","template":"","meta":{"footnotes":""},"class_list":["post-2451","page","type-page","status-publish","hentry","nodate","item-wrap"],"_links":{"self":[{"href":"https:\/\/se.csbe.qc.ca\/universsocial\/wp-json\/wp\/v2\/pages\/2451","targetHints":{"allow":["GET"]}}],"collection":[{"href":"https:\/\/se.csbe.qc.ca\/universsocial\/wp-json\/wp\/v2\/pages"}],"about":[{"href":"https:\/\/se.csbe.qc.ca\/universsocial\/wp-json\/wp\/v2\/types\/page"}],"author":[{"embeddable":true,"href":"https:\/\/se.csbe.qc.ca\/universsocial\/wp-json\/wp\/v2\/users\/9"}],"replies":[{"embeddable":true,"href":"https:\/\/se.csbe.qc.ca\/universsocial\/wp-json\/wp\/v2\/comments?post=2451"}],"version-history":[{"count":2,"href":"https:\/\/se.csbe.qc.ca\/universsocial\/wp-json\/wp\/v2\/pages\/2451\/revisions"}],"predecessor-version":[{"id":2469,"href":"https:\/\/se.csbe.qc.ca\/universsocial\/wp-json\/wp\/v2\/pages\/2451\/revisions\/2469"}],"wp:attachment":[{"href":"https:\/\/se.csbe.qc.ca\/universsocial\/wp-json\/wp\/v2\/media?parent=2451"}],"curies":[{"name":"wp","href":"https:\/\/api.w.org\/{rel}","templated":true}]}}