{"id":2448,"date":"2014-03-19T13:48:33","date_gmt":"2014-03-19T17:48:33","guid":{"rendered":"https:\/\/se.csbe.qc.ca\/universsocial\/?page_id=2448"},"modified":"2014-03-20T09:11:00","modified_gmt":"2014-03-20T13:11:00","slug":"economie-regime-britannique-revision-sec-4","status":"publish","type":"page","link":"https:\/\/se.csbe.qc.ca\/universsocial\/economie-regime-britannique-revision-sec-4\/","title":{"rendered":"\u00c9conomie &#8211; R\u00e9gime britannique (r\u00e9vision) (Sec.4)"},"content":{"rendered":"<div class=\"page-restrict-output\"><h2><strong><span style=\"color: #000000;\">Voici un Power Point qui r\u00e9sume la section du r\u00e9gime britannique pour la r\u00e9alit\u00e9 \u00ab\u00a0\u00c9conomie et d\u00e9veloppement\u00a0\u00bb<\/span><\/strong><\/h2>\n<h2><\/h2>\n<h2><span style=\"color: #000000;\"><strong>Ce partage est une gracieuset\u00e9 de la Commission scolaire des Affluents. Merci beaucoup!<\/strong><\/span><\/h2>\n<p>&nbsp;<\/p>\n<h2><span style=\"color: #0000ff;\"><em><strong><a href=\"https:\/\/se.csbe.qc.ca\/universsocial\/files\/2014\/03\/r\u00e9gime-britannique.ppt\" target=\"_blank\"><span style=\"color: #0000ff;\">r\u00e9gime britannique<\/span><\/a><\/strong><\/em><\/span><\/h2>\n<!-- WP Attachments -->\r\n        <div style=\"width:100%;margin:10px 0 10px 0;\">\r\n            <h3>Attachments<\/h3>\r\n        <ul class=\"post-attachments\"><li class=\"post-attachment mime-application-vnd-ms-powerpoint\"><a href=\"https:\/\/se.csbe.qc.ca\/universsocial\/files\/2014\/03\/r\u00e9gime-anglais.ppt\">r\u00e9gime anglais<\/a> <small>(736 kB)<\/small><\/li><li class=\"post-attachment mime-application-vnd-ms-powerpoint\"><a href=\"https:\/\/se.csbe.qc.ca\/universsocial\/files\/2014\/03\/r\u00e9gime-britannique.ppt\">r\u00e9gime britannique<\/a> <small>(2 MB)<\/small><\/li><\/ul><\/div><\/div>","protected":false},"excerpt":{"rendered":"<div class=\"page-restrict-output\"><p>Voici un Power Point qui r\u00e9sume la section du r\u00e9gime britannique pour la r\u00e9alit\u00e9 \u00ab\u00a0\u00c9conomie et d\u00e9veloppement\u00a0\u00bb Ce partage est une gracieuset\u00e9 de la Commission scolaire des Affluents. Merci beaucoup! &nbsp; r\u00e9gime britannique Attachments r\u00e9gime anglais (736 kB)r\u00e9gime britannique (2 MB)<\/p>\n<\/div>","protected":false},"author":9,"featured_media":0,"parent":0,"menu_order":0,"comment_status":"open","ping_status":"open","template":"","meta":{"footnotes":""},"class_list":["post-2448","page","type-page","status-publish","hentry","nodate","item-wrap"],"_links":{"self":[{"href":"https:\/\/se.csbe.qc.ca\/universsocial\/wp-json\/wp\/v2\/pages\/2448","targetHints":{"allow":["GET"]}}],"collection":[{"href":"https:\/\/se.csbe.qc.ca\/universsocial\/wp-json\/wp\/v2\/pages"}],"about":[{"href":"https:\/\/se.csbe.qc.ca\/universsocial\/wp-json\/wp\/v2\/types\/page"}],"author":[{"embeddable":true,"href":"https:\/\/se.csbe.qc.ca\/universsocial\/wp-json\/wp\/v2\/users\/9"}],"replies":[{"embeddable":true,"href":"https:\/\/se.csbe.qc.ca\/universsocial\/wp-json\/wp\/v2\/comments?post=2448"}],"version-history":[{"count":3,"href":"https:\/\/se.csbe.qc.ca\/universsocial\/wp-json\/wp\/v2\/pages\/2448\/revisions"}],"predecessor-version":[{"id":2483,"href":"https:\/\/se.csbe.qc.ca\/universsocial\/wp-json\/wp\/v2\/pages\/2448\/revisions\/2483"}],"wp:attachment":[{"href":"https:\/\/se.csbe.qc.ca\/universsocial\/wp-json\/wp\/v2\/media?parent=2448"}],"curies":[{"name":"wp","href":"https:\/\/api.w.org\/{rel}","templated":true}]}}