{"id":238,"date":"2012-10-26T20:43:40","date_gmt":"2012-10-26T19:43:40","guid":{"rendered":"https:\/\/se.csbe.qc.ca\/universsocial\/?page_id=238"},"modified":"2013-01-11T10:45:13","modified_gmt":"2013-01-11T15:45:13","slug":"geographie-analyse-de-lorganisation-dune-societe","status":"publish","type":"page","link":"https:\/\/se.csbe.qc.ca\/universsocial\/geographie-analyse-de-lorganisation-dune-societe\/","title":{"rendered":"Analyse de l&rsquo;organisation d&rsquo;une soci\u00e9t\u00e9 (G\u00e9ographie)"},"content":{"rendered":"<div class=\"page-restrict-output\"><h2><span style=\"color: #000000;\">Un exemple d&rsquo;analyse de l&rsquo;organisation d&rsquo;une soci\u00e9t\u00e9 sur son territoire qui prend comme sujet les Iroquoiens et les Incas<\/span><\/h2>\n<h2><\/h2>\n<h2><span style=\"text-decoration: underline; color: #000000;\">Pour y acc\u00e9der, cliquer sur le lien ci-dessous:<\/span><\/h2>\n<h2><em><a href=\"https:\/\/se.csbe.qc.ca\/universsocial\/files\/2012\/10\/Analyse-de-lorganisation-dune-soci\u00e9t\u00e9.zip\" target=\"_blank\">Analyse de l&rsquo;organisation d&rsquo;une soci\u00e9t\u00e9<\/a><\/em><\/h2>\n<p><a href=\"https:\/\/se.csbe.qc.ca\/universsocial\/grille-devaluation-question-a-reponse-elaboree-2e-cycle\/grille-devaluation-question-a-reponse-elaboree\/\" rel=\"attachment wp-att-746\">\u00a0<\/a><\/p>\n<!-- WP Attachments -->\r\n        <div style=\"width:100%;margin:10px 0 10px 0;\">\r\n            <h3>Attachments<\/h3>\r\n        <ul class=\"post-attachments\"><li class=\"post-attachment mime-application-zip\"><a href=\"https:\/\/se.csbe.qc.ca\/universsocial\/files\/2012\/10\/Analyse-de-lorganisation-dune-soci\u00e9t\u00e9.zip\">Analyse de l'organisation d'une soci\u00e9t\u00e9<\/a> <small>(3 MB)<\/small><\/li><\/ul><\/div><\/div>","protected":false},"excerpt":{"rendered":"<div class=\"page-restrict-output\"><p>Un exemple d&rsquo;analyse de l&rsquo;organisation d&rsquo;une soci\u00e9t\u00e9 sur son territoire qui prend comme sujet les Iroquoiens et les Incas Pour y acc\u00e9der, cliquer sur le lien ci-dessous: Analyse de l&rsquo;organisation d&rsquo;une soci\u00e9t\u00e9 \u00a0 Attachments Analyse de l&rsquo;organisation d&rsquo;une soci\u00e9t\u00e9 (3 MB)<\/p>\n<\/div>","protected":false},"author":9,"featured_media":0,"parent":0,"menu_order":0,"comment_status":"open","ping_status":"closed","template":"","meta":{"footnotes":""},"class_list":["post-238","page","type-page","status-publish","hentry","nodate","item-wrap"],"_links":{"self":[{"href":"https:\/\/se.csbe.qc.ca\/universsocial\/wp-json\/wp\/v2\/pages\/238","targetHints":{"allow":["GET"]}}],"collection":[{"href":"https:\/\/se.csbe.qc.ca\/universsocial\/wp-json\/wp\/v2\/pages"}],"about":[{"href":"https:\/\/se.csbe.qc.ca\/universsocial\/wp-json\/wp\/v2\/types\/page"}],"author":[{"embeddable":true,"href":"https:\/\/se.csbe.qc.ca\/universsocial\/wp-json\/wp\/v2\/users\/9"}],"replies":[{"embeddable":true,"href":"https:\/\/se.csbe.qc.ca\/universsocial\/wp-json\/wp\/v2\/comments?post=238"}],"version-history":[{"count":12,"href":"https:\/\/se.csbe.qc.ca\/universsocial\/wp-json\/wp\/v2\/pages\/238\/revisions"}],"predecessor-version":[{"id":798,"href":"https:\/\/se.csbe.qc.ca\/universsocial\/wp-json\/wp\/v2\/pages\/238\/revisions\/798"}],"wp:attachment":[{"href":"https:\/\/se.csbe.qc.ca\/universsocial\/wp-json\/wp\/v2\/media?parent=238"}],"curies":[{"name":"wp","href":"https:\/\/api.w.org\/{rel}","templated":true}]}}