{"id":2359,"date":"2014-01-14T13:56:10","date_gmt":"2014-01-14T18:56:10","guid":{"rendered":"https:\/\/se.csbe.qc.ca\/universsocial\/?page_id=2359"},"modified":"2014-01-14T20:23:04","modified_gmt":"2014-01-15T01:23:04","slug":"tests-eclair-sec-4","status":"publish","type":"page","link":"https:\/\/se.csbe.qc.ca\/universsocial\/tests-eclair-sec-4\/","title":{"rendered":"Tests-\u00c9clairs (Sec.4)"},"content":{"rendered":"<div class=\"page-restrict-output\"><h2><span style=\"color: #000000;\"><strong>J&rsquo;ai \u00e9labor\u00e9 une s\u00e9rie de 80 tests-\u00e9clairs qui viennent travailler l&rsquo;analyse de documents et les op\u00e9rations intellectuelles, en passant par certaines notions essentielles et \u00e9galement par les concepts.<\/strong><\/span><\/h2>\n<h2><\/h2>\n<h2><span style=\"color: #000000;\"><strong>Ils sont con\u00e7us pour une dur\u00e9e de 5 \u00e0 8 minutes chacun, donc parfaits pour un d\u00e9but de p\u00e9riode, pour une r\u00e9vision, etc.<\/strong><\/span><\/h2>\n<h2><\/h2>\n<h2><span style=\"color: #000000;\"><strong>Ils sont class\u00e9s selon chaque r\u00e9alit\u00e9, avec un 5e dossier comprenant des tests qui couvrent plusieurs r\u00e9alit\u00e9s \u00e0 la fois.<\/strong><\/span><\/h2>\n<h2><\/h2>\n<h2><span style=\"text-decoration: underline;\"><span style=\"color: #000000; text-decoration: underline;\"><strong>Pour les t\u00e9l\u00e9charger, cliquer sur chacun des liens ci-dessous:<\/strong><\/span><\/span><\/h2>\n<h2><span style=\"color: #0000ff;\"><em><strong><a href=\"https:\/\/se.csbe.qc.ca\/universsocial\/files\/2014\/01\/1-Tests-Eclairs-General.notebook\" target=\"_blank\"><span style=\"color: #0000ff;\">1) Tests Eclairs &#8211; General<\/span><\/a><\/strong><\/em><\/span><\/h2>\n<h2><span style=\"color: #0000ff;\"><em><strong><a href=\"https:\/\/se.csbe.qc.ca\/universsocial\/files\/2014\/01\/2-Tests-Eclairs-Population.notebook\" target=\"_blank\"><span style=\"color: #0000ff;\">2) Tests Eclairs &#8211; Population<\/span><\/a><\/strong><\/em><\/span><\/h2>\n<h2><span style=\"color: #0000ff;\"><em><strong><a href=\"https:\/\/se.csbe.qc.ca\/universsocial\/files\/2014\/01\/3-Tests-Eclairs-Economie.notebook\" target=\"_blank\"><span style=\"color: #0000ff;\">3) Tests Eclairs &#8211; Economie<\/span><\/a><\/strong><\/em><\/span><\/h2>\n<h2><span style=\"color: #0000ff;\"><em><strong><a href=\"https:\/\/se.csbe.qc.ca\/universsocial\/files\/2014\/01\/4-Tests-Eclairs-Culture.notebook\" target=\"_blank\"><span style=\"color: #0000ff;\">4) Tests Eclairs &#8211; Culture<\/span><\/a><\/strong><\/em><\/span><\/h2>\n<h2><span style=\"color: #0000ff;\"><em><strong><a href=\"https:\/\/se.csbe.qc.ca\/universsocial\/files\/2014\/01\/5-Tests-Eclairs-Pouvoir.notebook\" target=\"_blank\"><span style=\"color: #0000ff;\">5) Tests Eclairs &#8211; Pouvoir<\/span><\/a><\/strong><\/em><\/span><\/h2>\n<!-- WP Attachments -->\r\n        <div style=\"width:100%;margin:10px 0 10px 0;\">\r\n            <h3>Attachments<\/h3>\r\n        <ul class=\"post-attachments\"><li class=\"post-attachment mime-application-x-smarttech-notebook\"><a href=\"https:\/\/se.csbe.qc.ca\/universsocial\/files\/2014\/01\/1-Tests-Eclairs-General.notebook\">1) Tests Eclairs - General<\/a> <small>(8 MB)<\/small><\/li><li class=\"post-attachment mime-application-x-smarttech-notebook\"><a href=\"https:\/\/se.csbe.qc.ca\/universsocial\/files\/2014\/01\/2-Tests-Eclairs-Population.notebook\">2) Tests Eclairs - Population<\/a> <small>(6 MB)<\/small><\/li><li class=\"post-attachment mime-application-x-smarttech-notebook\"><a href=\"https:\/\/se.csbe.qc.ca\/universsocial\/files\/2014\/01\/3-Tests-Eclairs-Economie.notebook\">3) Tests Eclairs - Economie<\/a> <small>(4 MB)<\/small><\/li><li class=\"post-attachment mime-application-x-smarttech-notebook\"><a href=\"https:\/\/se.csbe.qc.ca\/universsocial\/files\/2014\/01\/4-Tests-Eclairs-Culture.notebook\">4) Tests Eclairs - Culture<\/a> <small>(9 MB)<\/small><\/li><li class=\"post-attachment mime-application-x-smarttech-notebook\"><a href=\"https:\/\/se.csbe.qc.ca\/universsocial\/files\/2014\/01\/5-Tests-Eclairs-Pouvoir.notebook\">5) Tests Eclairs - Pouvoir<\/a> <small>(7 MB)<\/small><\/li><\/ul><\/div><\/div>","protected":false},"excerpt":{"rendered":"<div class=\"page-restrict-output\"><p>J&rsquo;ai \u00e9labor\u00e9 une s\u00e9rie de 80 tests-\u00e9clairs qui viennent travailler l&rsquo;analyse de documents et les op\u00e9rations intellectuelles, en passant par certaines notions essentielles et \u00e9galement par les concepts. Ils sont con\u00e7us pour une dur\u00e9e de 5 \u00e0 8 minutes chacun, donc parfaits pour un d\u00e9but de p\u00e9riode, pour une r\u00e9vision, etc. Ils sont class\u00e9s selon &hellip; <\/p>\n<p><a class=\"more-link btn\" href=\"https:\/\/se.csbe.qc.ca\/universsocial\/tests-eclair-sec-4\/\">Lire la suite<\/a><\/p>\n<\/div>","protected":false},"author":9,"featured_media":0,"parent":0,"menu_order":0,"comment_status":"open","ping_status":"open","template":"","meta":{"footnotes":""},"class_list":["post-2359","page","type-page","status-publish","hentry","nodate","item-wrap"],"_links":{"self":[{"href":"https:\/\/se.csbe.qc.ca\/universsocial\/wp-json\/wp\/v2\/pages\/2359","targetHints":{"allow":["GET"]}}],"collection":[{"href":"https:\/\/se.csbe.qc.ca\/universsocial\/wp-json\/wp\/v2\/pages"}],"about":[{"href":"https:\/\/se.csbe.qc.ca\/universsocial\/wp-json\/wp\/v2\/types\/page"}],"author":[{"embeddable":true,"href":"https:\/\/se.csbe.qc.ca\/universsocial\/wp-json\/wp\/v2\/users\/9"}],"replies":[{"embeddable":true,"href":"https:\/\/se.csbe.qc.ca\/universsocial\/wp-json\/wp\/v2\/comments?post=2359"}],"version-history":[{"count":2,"href":"https:\/\/se.csbe.qc.ca\/universsocial\/wp-json\/wp\/v2\/pages\/2359\/revisions"}],"predecessor-version":[{"id":2369,"href":"https:\/\/se.csbe.qc.ca\/universsocial\/wp-json\/wp\/v2\/pages\/2359\/revisions\/2369"}],"wp:attachment":[{"href":"https:\/\/se.csbe.qc.ca\/universsocial\/wp-json\/wp\/v2\/media?parent=2359"}],"curies":[{"name":"wp","href":"https:\/\/api.w.org\/{rel}","templated":true}]}}