{"id":2308,"date":"2013-12-10T11:10:52","date_gmt":"2013-12-10T16:10:52","guid":{"rendered":"https:\/\/se.csbe.qc.ca\/universsocial\/?page_id=2308"},"modified":"2013-12-11T09:19:31","modified_gmt":"2013-12-11T14:19:31","slug":"document-dinformation-2014-2015","status":"publish","type":"page","link":"https:\/\/se.csbe.qc.ca\/universsocial\/document-dinformation-2014-2015\/","title":{"rendered":"Document d&rsquo;information 2014-2015 &#8211; \u00c9preuve unique"},"content":{"rendered":"<div class=\"page-restrict-output\"><h2><span style=\"color: #000000;\"><strong>Voici le document d&rsquo;information pour la pr\u00e9paration \u00e0 l&rsquo;\u00e9preuve unique de juin 2014, d&rsquo;ao\u00fbt 2014 et de janvier 2015.<\/strong><\/span><\/h2>\n<h2><span style=\"color: #000000;\"><strong>\u00a0<\/strong><\/span><\/h2>\n<h2><span style=\"text-decoration: underline;\"><span style=\"color: #000000;\"><strong>Cliquer pour t\u00e9l\u00e9charger<\/strong><\/span><\/span><\/h2>\n<h2><strong><em><a href=\"https:\/\/se.csbe.qc.ca\/universsocial\/files\/2013\/12\/Document-dinformation-2014-2015.pdf\" target=\"_blank\">Document d&rsquo;information (2014-2015)<\/a><\/em><\/strong><\/h2>\n<!-- WP Attachments -->\r\n        <div style=\"width:100%;margin:10px 0 10px 0;\">\r\n            <h3>Attachments<\/h3>\r\n        <ul class=\"post-attachments\"><li class=\"post-attachment mime-application-pdf\"><a href=\"https:\/\/se.csbe.qc.ca\/universsocial\/files\/2013\/12\/Document-dinformation-2014-2015.pdf\">Document d'information (2014-2015)<\/a> <small>(322 kB)<\/small><\/li><\/ul><\/div><\/div>","protected":false},"excerpt":{"rendered":"<div class=\"page-restrict-output\"><p>Voici le document d&rsquo;information pour la pr\u00e9paration \u00e0 l&rsquo;\u00e9preuve unique de juin 2014, d&rsquo;ao\u00fbt 2014 et de janvier 2015. \u00a0 Cliquer pour t\u00e9l\u00e9charger Document d&rsquo;information (2014-2015) Attachments Document d&rsquo;information (2014-2015) (322 kB)<\/p>\n<\/div>","protected":false},"author":9,"featured_media":0,"parent":0,"menu_order":0,"comment_status":"open","ping_status":"open","template":"","meta":{"footnotes":""},"class_list":["post-2308","page","type-page","status-publish","hentry","nodate","item-wrap"],"_links":{"self":[{"href":"https:\/\/se.csbe.qc.ca\/universsocial\/wp-json\/wp\/v2\/pages\/2308","targetHints":{"allow":["GET"]}}],"collection":[{"href":"https:\/\/se.csbe.qc.ca\/universsocial\/wp-json\/wp\/v2\/pages"}],"about":[{"href":"https:\/\/se.csbe.qc.ca\/universsocial\/wp-json\/wp\/v2\/types\/page"}],"author":[{"embeddable":true,"href":"https:\/\/se.csbe.qc.ca\/universsocial\/wp-json\/wp\/v2\/users\/9"}],"replies":[{"embeddable":true,"href":"https:\/\/se.csbe.qc.ca\/universsocial\/wp-json\/wp\/v2\/comments?post=2308"}],"version-history":[{"count":3,"href":"https:\/\/se.csbe.qc.ca\/universsocial\/wp-json\/wp\/v2\/pages\/2308\/revisions"}],"predecessor-version":[{"id":2316,"href":"https:\/\/se.csbe.qc.ca\/universsocial\/wp-json\/wp\/v2\/pages\/2308\/revisions\/2316"}],"wp:attachment":[{"href":"https:\/\/se.csbe.qc.ca\/universsocial\/wp-json\/wp\/v2\/media?parent=2308"}],"curies":[{"name":"wp","href":"https:\/\/api.w.org\/{rel}","templated":true}]}}