{"id":2266,"date":"2013-11-15T15:27:05","date_gmt":"2013-11-15T20:27:05","guid":{"rendered":"https:\/\/se.csbe.qc.ca\/universsocial\/?page_id=2266"},"modified":"2013-11-15T15:27:05","modified_gmt":"2013-11-15T20:27:05","slug":"strategies-de-lecture-marqueurs-de-relation","status":"publish","type":"page","link":"https:\/\/se.csbe.qc.ca\/universsocial\/strategies-de-lecture-marqueurs-de-relation\/","title":{"rendered":"Strat\u00e9gies de lecture &#8211; Marqueurs de relation"},"content":{"rendered":"<div class=\"page-restrict-output\"><h2><span style=\"color: #000000;\"><strong>Mme Johanne Rodrigue, en collaboration avec une coll\u00e8gue de fran\u00e7ais, a mis sur pied cet outil simple, concis et clair au sujet des marqueurs de relation en G\u00e9ographie et en Histoire.<\/strong><\/span><\/h2>\n<h2><span style=\"color: #000000;\">\u00a0<\/span><\/h2>\n<h2><span style=\"text-decoration: underline;\"><span style=\"color: #000000;\"><b>Pour le t\u00e9l\u00e9charger, cliquer sur chacun des liens ci-dessous:<\/b><\/span><\/span><\/h2>\n<h2><strong><span style=\"color: #0000ff;\"><em><a href=\"https:\/\/se.csbe.qc.ca\/universsocial\/files\/2013\/11\/Marqueurs-de-relation-Tableau.docx\" target=\"_blank\"><span style=\"color: #0000ff;\">Marqueurs de relation &#8211; Tableau<\/span><\/a><\/em><\/span><\/strong><\/h2>\n<h2><strong><span style=\"color: #0000ff;\"><em><a href=\"https:\/\/se.csbe.qc.ca\/universsocial\/files\/2013\/11\/Marqueurs-de-relation-Exercices.docx\" target=\"_blank\"><span style=\"color: #0000ff;\">Marqueurs de relation &#8211; Exercices<\/span><\/a><\/em><\/span><\/strong><\/h2>\n<h2><\/h2>\n<!-- WP Attachments -->\r\n        <div style=\"width:100%;margin:10px 0 10px 0;\">\r\n            <h3>Attachments<\/h3>\r\n        <ul class=\"post-attachments\"><li class=\"post-attachment mime-application-vnd-openxmlformats-officedocument-wordprocessingml-document\"><a href=\"https:\/\/se.csbe.qc.ca\/universsocial\/files\/2013\/11\/Marqueurs-de-relation-Tableau.docx\">Marqueurs de relation - Tableau<\/a> <small>(14 kB)<\/small><\/li><li class=\"post-attachment mime-application-vnd-openxmlformats-officedocument-wordprocessingml-document\"><a href=\"https:\/\/se.csbe.qc.ca\/universsocial\/files\/2013\/11\/Marqueurs-de-relation-Exercices.docx\">Marqueurs de relation - Exercices<\/a> <small>(18 kB)<\/small><\/li><\/ul><\/div><\/div>","protected":false},"excerpt":{"rendered":"<div class=\"page-restrict-output\"><p>Mme Johanne Rodrigue, en collaboration avec une coll\u00e8gue de fran\u00e7ais, a mis sur pied cet outil simple, concis et clair au sujet des marqueurs de relation en G\u00e9ographie et en Histoire. \u00a0 Pour le t\u00e9l\u00e9charger, cliquer sur chacun des liens ci-dessous: Marqueurs de relation &#8211; Tableau Marqueurs de relation &#8211; Exercices Attachments Marqueurs de relation &hellip; <\/p>\n<p><a class=\"more-link btn\" href=\"https:\/\/se.csbe.qc.ca\/universsocial\/strategies-de-lecture-marqueurs-de-relation\/\">Lire la suite<\/a><\/p>\n<\/div>","protected":false},"author":9,"featured_media":0,"parent":0,"menu_order":0,"comment_status":"open","ping_status":"open","template":"","meta":{"footnotes":""},"class_list":["post-2266","page","type-page","status-publish","hentry","nodate","item-wrap"],"_links":{"self":[{"href":"https:\/\/se.csbe.qc.ca\/universsocial\/wp-json\/wp\/v2\/pages\/2266","targetHints":{"allow":["GET"]}}],"collection":[{"href":"https:\/\/se.csbe.qc.ca\/universsocial\/wp-json\/wp\/v2\/pages"}],"about":[{"href":"https:\/\/se.csbe.qc.ca\/universsocial\/wp-json\/wp\/v2\/types\/page"}],"author":[{"embeddable":true,"href":"https:\/\/se.csbe.qc.ca\/universsocial\/wp-json\/wp\/v2\/users\/9"}],"replies":[{"embeddable":true,"href":"https:\/\/se.csbe.qc.ca\/universsocial\/wp-json\/wp\/v2\/comments?post=2266"}],"version-history":[{"count":1,"href":"https:\/\/se.csbe.qc.ca\/universsocial\/wp-json\/wp\/v2\/pages\/2266\/revisions"}],"predecessor-version":[{"id":2269,"href":"https:\/\/se.csbe.qc.ca\/universsocial\/wp-json\/wp\/v2\/pages\/2266\/revisions\/2269"}],"wp:attachment":[{"href":"https:\/\/se.csbe.qc.ca\/universsocial\/wp-json\/wp\/v2\/media?parent=2266"}],"curies":[{"name":"wp","href":"https:\/\/api.w.org\/{rel}","templated":true}]}}