{"id":2240,"date":"2013-11-05T11:28:39","date_gmt":"2013-11-05T16:28:39","guid":{"rendered":"https:\/\/se.csbe.qc.ca\/universsocial\/?page_id=2240"},"modified":"2019-11-26T08:51:55","modified_gmt":"2019-11-26T13:51:55","slug":"debattre-en-classe-de-monde-contemporain","status":"publish","type":"page","link":"https:\/\/se.csbe.qc.ca\/universsocial\/debattre-en-classe-de-monde-contemporain\/","title":{"rendered":"D\u00e9battre en classe de monde contemporain"},"content":{"rendered":"<div class=\"page-restrict-output\"><h2><span style=\"color: #000000\"><strong>Voici des documents utiles pour pr\u00e9parer un d\u00e9bat VRAIMENT efficace et \u00c9VALUABLE pour la classe de monde contemporain. On y trouve des pistes d&rsquo;\u00e9laboration, de m\u00eame que plusieurs tableaux et grilles de pr\u00e9paration, de suivi, de m\u00e9tacognition et d&rsquo;\u00e9valuation.<\/strong><\/span><\/h2>\n<h2><\/h2>\n<h2><span style=\"color: #000000\"><strong><span style=\"text-decoration: underline\">Remarquez:<\/span><\/strong><\/span><\/h2>\n<ul>\n<li>\n<h2><span style=\"color: #800000\"><strong><em>On ne pose pas de question ferm\u00e9e aux \u00e9l\u00e8ves du type \u00ab\u00a0Pour ou Contre\u00a0\u00bb ou \u00ab\u00a0Oui ou Non\u00a0\u00bb. On demande plut\u00f4t aux \u00e9l\u00e8ves de trouver une ou des solutions \u00e0 un probl\u00e8me pr\u00e9sent\u00e9.<\/em><\/strong><\/span><\/h2>\n<\/li>\n<li>\n<h2><span style=\"color: #800000\"><strong><em>Dans les mises en situation, on campe d\u00e9j\u00e0 tr\u00e8s efficacement les \u00e9l\u00e8ves dans leurs r\u00f4les respectifs avec une pr\u00e9sentation et un choix de texte centr\u00e9 uniquement sur leur position.<\/em><\/strong><\/span><\/h2>\n<\/li>\n<\/ul>\n<h2><\/h2>\n<h2><\/h2>\n<h2><span style=\"text-decoration: underline\"><span style=\"color: #000000\"><strong>Pour t\u00e9l\u00e9charger les documents, cliquer sur les liens ci-dessous:<\/strong><\/span><\/span><\/h2>\n<h3><span style=\"color: #0000ff\"><strong><em><a href=\"https:\/\/se.csbe.qc.ca\/universsocial\/files\/2013\/11\/cahier-participants-atelier.pdf\" target=\"_blank\" rel=\"noopener noreferrer\"><span style=\"color: #0000ff\">Cahier du participant<\/span><\/a><\/em><\/strong><\/span><\/h3>\n<h3><span style=\"color: #0000ff\"><strong><em><a href=\"https:\/\/se.csbe.qc.ca\/universsocial\/files\/2013\/11\/D\u00e9bat-en-classe-de-monde-Extrait.pptx\" target=\"_blank\" rel=\"noopener noreferrer\"><span style=\"color: #0000ff\">D\u00e9bat en classe de monde &#8211; Extrait<\/span><\/a><\/em><\/strong><\/span><\/h3>\n<!-- WP Attachments -->\r\n        <div style=\"width:100%;margin:10px 0 10px 0;\">\r\n            <h3>Attachments<\/h3>\r\n        <ul class=\"post-attachments\"><li class=\"post-attachment mime-application-pdf\"><a href=\"https:\/\/se.csbe.qc.ca\/universsocial\/files\/2013\/11\/cahier-participants-atelier.pdf\">Cahier du participant<\/a> <small>(414 kB)<\/small><\/li><li class=\"post-attachment mime-application-vnd-openxmlformats-officedocument-presentationml-presentation\"><a href=\"https:\/\/se.csbe.qc.ca\/universsocial\/files\/2013\/11\/D\u00e9bat-en-classe-de-monde-Extrait.pptx\">D\u00e9bat en classe de monde - Extrait<\/a> <small>(3 MB)<\/small><\/li><\/ul><\/div><\/div>","protected":false},"excerpt":{"rendered":"<div class=\"page-restrict-output\"><p>Voici des documents utiles pour pr\u00e9parer un d\u00e9bat VRAIMENT efficace et \u00c9VALUABLE pour la classe de monde contemporain. On y trouve des pistes d&rsquo;\u00e9laboration, de m\u00eame que plusieurs tableaux et grilles de pr\u00e9paration, de suivi, de m\u00e9tacognition et d&rsquo;\u00e9valuation. Remarquez: On ne pose pas de question ferm\u00e9e aux \u00e9l\u00e8ves du type \u00ab\u00a0Pour ou Contre\u00a0\u00bb ou &hellip; <\/p>\n<p><a class=\"more-link btn\" href=\"https:\/\/se.csbe.qc.ca\/universsocial\/debattre-en-classe-de-monde-contemporain\/\">Lire la suite<\/a><\/p>\n<\/div>","protected":false},"author":9,"featured_media":0,"parent":0,"menu_order":0,"comment_status":"closed","ping_status":"open","template":"","meta":{"footnotes":""},"class_list":["post-2240","page","type-page","status-publish","hentry","nodate","item-wrap"],"_links":{"self":[{"href":"https:\/\/se.csbe.qc.ca\/universsocial\/wp-json\/wp\/v2\/pages\/2240","targetHints":{"allow":["GET"]}}],"collection":[{"href":"https:\/\/se.csbe.qc.ca\/universsocial\/wp-json\/wp\/v2\/pages"}],"about":[{"href":"https:\/\/se.csbe.qc.ca\/universsocial\/wp-json\/wp\/v2\/types\/page"}],"author":[{"embeddable":true,"href":"https:\/\/se.csbe.qc.ca\/universsocial\/wp-json\/wp\/v2\/users\/9"}],"replies":[{"embeddable":true,"href":"https:\/\/se.csbe.qc.ca\/universsocial\/wp-json\/wp\/v2\/comments?post=2240"}],"version-history":[{"count":2,"href":"https:\/\/se.csbe.qc.ca\/universsocial\/wp-json\/wp\/v2\/pages\/2240\/revisions"}],"predecessor-version":[{"id":6902,"href":"https:\/\/se.csbe.qc.ca\/universsocial\/wp-json\/wp\/v2\/pages\/2240\/revisions\/6902"}],"wp:attachment":[{"href":"https:\/\/se.csbe.qc.ca\/universsocial\/wp-json\/wp\/v2\/media?parent=2240"}],"curies":[{"name":"wp","href":"https:\/\/api.w.org\/{rel}","templated":true}]}}