{"id":2213,"date":"2013-11-05T10:42:24","date_gmt":"2013-11-05T15:42:24","guid":{"rendered":"https:\/\/se.csbe.qc.ca\/universsocial\/?page_id=2213"},"modified":"2014-10-21T13:41:58","modified_gmt":"2014-10-21T17:41:58","slug":"activites-de-revision-lll-sec-4","status":"publish","type":"page","link":"https:\/\/se.csbe.qc.ca\/universsocial\/activites-de-revision-lll-sec-4\/","title":{"rendered":"Activit\u00e9s de synth\u00e8se (LLL) (Sec.4)"},"content":{"rendered":"<div class=\"page-restrict-output\"><h2><span style=\"color: #000000;\"><strong>Voici une s\u00e9rie tr\u00e8s compl\u00e8te d&rsquo;activit\u00e9s de r\u00e9vision pour l&rsquo;ensemble du cours de 4e secondaire.\u00a0<\/strong><\/span><\/h2>\n<h2><span style=\"color: #000000;\">\u00a0<\/span><\/h2>\n<h2><span style=\"color: #000000;\"><strong>On y retrouve le cahier de l&rsquo;\u00e9l\u00e8ve et le cahier de l&rsquo;enseignant (corrig\u00e9) pour chacune des r\u00e9alit\u00e9s, le tout construit en fonction de la\u00a0<em>Progression des apprentissages<\/em>.<\/strong><\/span><\/h2>\n<p><span style=\"color: #000000;\">\u00a0<\/span><\/p>\n<h2><span style=\"color: #000000;\"><strong>Ces activit\u00e9s ont \u00e9t\u00e9 construites par les membres de la Table LLL d&rsquo;univers social et nous leur en sommes TR\u00c8S reconnaissants!<\/strong><\/span><\/h2>\n<h2><span style=\"color: #000000;\">\u00a0<\/span><\/h2>\n<h2><span style=\"text-decoration: underline;\"><span style=\"color: #000000;\"><strong>Pour t\u00e9l\u00e9charger chacun des documents, cliquer sur les liens ci-dessous:<\/strong><\/span><\/span><\/h2>\n<h3><span style=\"color: #0000ff;\"><em><strong><a href=\"https:\/\/se.csbe.qc.ca\/universsocial\/files\/2013\/11\/Culture-Corrige.doc\" target=\"_blank\"><span style=\"color: #0000ff;\">Culture &#8211; Corrige<\/span><\/a><\/strong><\/em><\/span><\/h3>\n<h3><span style=\"color: #0000ff;\"><em><strong><a href=\"https:\/\/se.csbe.qc.ca\/universsocial\/files\/2013\/11\/Culture-Eleve.doc\" target=\"_blank\"><span style=\"color: #0000ff;\">Culture &#8211; Eleve<\/span><\/a><\/strong><\/em><\/span><\/h3>\n<h3><span style=\"color: #0000ff;\"><em><strong><a href=\"https:\/\/se.csbe.qc.ca\/universsocial\/files\/2013\/11\/Economie-Corrige.doc\" target=\"_blank\"><span style=\"color: #0000ff;\">Economie &#8211; Corrige<\/span><\/a><\/strong><\/em><\/span><\/h3>\n<h3><span style=\"color: #0000ff;\"><em><strong><a href=\"https:\/\/se.csbe.qc.ca\/universsocial\/files\/2013\/11\/Economie-Eleve.doc\" target=\"_blank\"><span style=\"color: #0000ff;\">Economie &#8211; Eleve<\/span><\/a><\/strong><\/em><\/span><\/h3>\n<h3><span style=\"color: #0000ff;\"><em><strong><a href=\"https:\/\/se.csbe.qc.ca\/universsocial\/files\/2013\/11\/Population-Corrige.doc\" target=\"_blank\"><span style=\"color: #0000ff;\">Population &#8211; Corrige<\/span><\/a><\/strong><\/em><\/span><\/h3>\n<h3><span style=\"color: #0000ff;\"><em><strong><a href=\"https:\/\/se.csbe.qc.ca\/universsocial\/files\/2013\/11\/Population-Eleve.doc\" target=\"_blank\"><span style=\"color: #0000ff;\">Population &#8211; Eleve<\/span><\/a><\/strong><\/em><\/span><\/h3>\n<h3><span style=\"color: #0000ff;\"><em><strong><a href=\"https:\/\/se.csbe.qc.ca\/universsocial\/files\/2013\/11\/Pouvoir-Corrige.doc\" target=\"_blank\"><span style=\"color: #0000ff;\">Pouvoir &#8211; Corrige<\/span><\/a><\/strong><\/em><\/span><\/h3>\n<h3><span style=\"color: #0000ff;\"><em><strong><a href=\"https:\/\/se.csbe.qc.ca\/universsocial\/files\/2013\/11\/Pouvoir-Eleve.doc\" target=\"_blank\"><span style=\"color: #0000ff;\">Pouvoir &#8211; Eleve<\/span><\/a><\/strong><\/em><\/span><\/h3>\n<p>&nbsp;<\/p>\n<!-- WP Attachments -->\r\n        <div style=\"width:100%;margin:10px 0 10px 0;\">\r\n            <h3>Attachments<\/h3>\r\n        <ul class=\"post-attachments\"><li class=\"post-attachment mime-application-msword\"><a href=\"https:\/\/se.csbe.qc.ca\/universsocial\/files\/2013\/11\/Culture-Corrige.doc\">Culture - Corrige<\/a> <small>(2 MB)<\/small><\/li><li class=\"post-attachment mime-application-msword\"><a href=\"https:\/\/se.csbe.qc.ca\/universsocial\/files\/2013\/11\/Culture-Eleve.doc\">Culture - Eleve<\/a> <small>(2 MB)<\/small><\/li><li class=\"post-attachment mime-application-msword\"><a href=\"https:\/\/se.csbe.qc.ca\/universsocial\/files\/2013\/11\/Economie-Corrige.doc\">Economie - Corrige<\/a> <small>(3 MB)<\/small><\/li><li class=\"post-attachment mime-application-msword\"><a href=\"https:\/\/se.csbe.qc.ca\/universsocial\/files\/2013\/11\/Economie-Eleve.doc\">Economie - Eleve<\/a> <small>(3 MB)<\/small><\/li><li class=\"post-attachment mime-application-msword\"><a href=\"https:\/\/se.csbe.qc.ca\/universsocial\/files\/2013\/11\/Population-Corrige.doc\">Population - Corrige<\/a> <small>(2 MB)<\/small><\/li><li class=\"post-attachment mime-application-msword\"><a href=\"https:\/\/se.csbe.qc.ca\/universsocial\/files\/2013\/11\/Population-Eleve.doc\">Population - Eleve<\/a> <small>(2 MB)<\/small><\/li><li class=\"post-attachment mime-application-msword\"><a href=\"https:\/\/se.csbe.qc.ca\/universsocial\/files\/2013\/11\/Pouvoir-Corrige.doc\">Pouvoir - Corrige<\/a> <small>(789 kB)<\/small><\/li><li class=\"post-attachment mime-application-msword\"><a href=\"https:\/\/se.csbe.qc.ca\/universsocial\/files\/2013\/11\/Pouvoir-Eleve.doc\">Pouvoir - Eleve<\/a> <small>(812 kB)<\/small><\/li><\/ul><\/div><\/div>","protected":false},"excerpt":{"rendered":"<div class=\"page-restrict-output\"><p>Voici une s\u00e9rie tr\u00e8s compl\u00e8te d&rsquo;activit\u00e9s de r\u00e9vision pour l&rsquo;ensemble du cours de 4e secondaire.\u00a0 \u00a0 On y retrouve le cahier de l&rsquo;\u00e9l\u00e8ve et le cahier de l&rsquo;enseignant (corrig\u00e9) pour chacune des r\u00e9alit\u00e9s, le tout construit en fonction de la\u00a0Progression des apprentissages. \u00a0 Ces activit\u00e9s ont \u00e9t\u00e9 construites par les membres de la Table LLL &hellip; <\/p>\n<p><a class=\"more-link btn\" href=\"https:\/\/se.csbe.qc.ca\/universsocial\/activites-de-revision-lll-sec-4\/\">Lire la suite<\/a><\/p>\n<\/div>","protected":false},"author":9,"featured_media":0,"parent":0,"menu_order":0,"comment_status":"open","ping_status":"closed","template":"","meta":{"footnotes":""},"class_list":["post-2213","page","type-page","status-publish","hentry","nodate","item-wrap"],"_links":{"self":[{"href":"https:\/\/se.csbe.qc.ca\/universsocial\/wp-json\/wp\/v2\/pages\/2213","targetHints":{"allow":["GET"]}}],"collection":[{"href":"https:\/\/se.csbe.qc.ca\/universsocial\/wp-json\/wp\/v2\/pages"}],"about":[{"href":"https:\/\/se.csbe.qc.ca\/universsocial\/wp-json\/wp\/v2\/types\/page"}],"author":[{"embeddable":true,"href":"https:\/\/se.csbe.qc.ca\/universsocial\/wp-json\/wp\/v2\/users\/9"}],"replies":[{"embeddable":true,"href":"https:\/\/se.csbe.qc.ca\/universsocial\/wp-json\/wp\/v2\/comments?post=2213"}],"version-history":[{"count":3,"href":"https:\/\/se.csbe.qc.ca\/universsocial\/wp-json\/wp\/v2\/pages\/2213\/revisions"}],"predecessor-version":[{"id":2962,"href":"https:\/\/se.csbe.qc.ca\/universsocial\/wp-json\/wp\/v2\/pages\/2213\/revisions\/2962"}],"wp:attachment":[{"href":"https:\/\/se.csbe.qc.ca\/universsocial\/wp-json\/wp\/v2\/media?parent=2213"}],"curies":[{"name":"wp","href":"https:\/\/api.w.org\/{rel}","templated":true}]}}