{"id":2197,"date":"2013-11-05T10:37:29","date_gmt":"2013-11-05T15:37:29","guid":{"rendered":"https:\/\/se.csbe.qc.ca\/universsocial\/?page_id=2197"},"modified":"2014-10-21T13:41:49","modified_gmt":"2014-10-21T17:41:49","slug":"activites-de-revision-lll-sec-3","status":"publish","type":"page","link":"https:\/\/se.csbe.qc.ca\/universsocial\/activites-de-revision-lll-sec-3\/","title":{"rendered":"Activit\u00e9s de synth\u00e8se (LLL) (Sec.3)"},"content":{"rendered":"<div class=\"page-restrict-output\"><h2><strong><span style=\"color: #000000;\">Voici une s\u00e9rie tr\u00e8s compl\u00e8te d&rsquo;activit\u00e9s de r\u00e9vision pour l&rsquo;ensemble du cours de 3e secondaire.\u00a0<\/span><\/strong><\/h2>\n<h2><\/h2>\n<h2><strong><span style=\"color: #000000;\">On y retrouve le cahier de l&rsquo;\u00e9l\u00e8ve et le cahier de l&rsquo;enseignant (corrig\u00e9) pour chacun des modules, le tout construit en fonction de la\u00a0<em>Progression des apprentissages<\/em>.<\/span><\/strong><\/h2>\n<p>&nbsp;<\/p>\n<h2><span style=\"color: #000000;\"><strong>Ces activit\u00e9s ont \u00e9t\u00e9 construites par les membres de la Table LLL d&rsquo;univers social et nous leur en sommes TR\u00c8S reconnaissants!<\/strong><\/span><\/h2>\n<h2><\/h2>\n<h2><span style=\"text-decoration: underline;\"><strong><span style=\"color: #000000; text-decoration: underline;\">Pour t\u00e9l\u00e9charger chacun des documents, cliquer sur les liens ci-dessous:<\/span><\/strong><\/span><\/h2>\n<h3><span style=\"color: #0000ff;\"><em><strong><a href=\"https:\/\/se.csbe.qc.ca\/universsocial\/files\/2013\/11\/1-Premiers-Occupants-Corrige.doc\" target=\"_blank\"><span style=\"color: #0000ff;\">1- Premiers Occupants &#8211; Corrige<\/span><\/a><\/strong><\/em><\/span><\/h3>\n<h3><span style=\"color: #0000ff;\"><em><strong><a href=\"https:\/\/se.csbe.qc.ca\/universsocial\/files\/2013\/11\/1-Premiers-Occupants-Eleve.doc\" target=\"_blank\"><span style=\"color: #0000ff;\">1- Premiers Occupants &#8211; Eleve<\/span><\/a><\/strong><\/em><\/span><\/h3>\n<h3><span style=\"color: #0000ff;\"><em><strong><a href=\"https:\/\/se.csbe.qc.ca\/universsocial\/files\/2013\/11\/2-Nouvelle-France-Corrige.doc\" target=\"_blank\"><span style=\"color: #0000ff;\">2- Nouvelle-France &#8211; Corrige<\/span><\/a><\/strong><\/em><\/span><\/h3>\n<h3><span style=\"color: #0000ff;\"><em><strong><a href=\"https:\/\/se.csbe.qc.ca\/universsocial\/files\/2013\/11\/2-Nouvelle-France-Eleve.doc\" target=\"_blank\"><span style=\"color: #0000ff;\">2- Nouvelle-France &#8211; Eleve<\/span><\/a><\/strong><\/em><\/span><\/h3>\n<h3><span style=\"color: #0000ff;\"><em><strong><a href=\"https:\/\/se.csbe.qc.ca\/universsocial\/files\/2013\/11\/3-Changement-Empire-Corrige.doc\" target=\"_blank\"><span style=\"color: #0000ff;\">3- Changement Empire &#8211; Corrige<\/span><\/a><\/strong><\/em><\/span><\/h3>\n<h3><span style=\"color: #0000ff;\"><em><strong><a href=\"https:\/\/se.csbe.qc.ca\/universsocial\/files\/2013\/11\/3-Changement-Empire-Eleve.doc\" target=\"_blank\"><span style=\"color: #0000ff;\">3- Changement Empire &#8211; Eleve<\/span><\/a><\/strong><\/em><\/span><\/h3>\n<h3><span style=\"color: #0000ff;\"><em><strong><a href=\"https:\/\/se.csbe.qc.ca\/universsocial\/files\/2013\/11\/4-Revendications-Luttes-Corrige.doc\" target=\"_blank\"><span style=\"color: #0000ff;\">4- Revendications Luttes &#8211; Corrige<\/span><\/a><\/strong><\/em><\/span><\/h3>\n<h3><span style=\"color: #0000ff;\"><em><strong><a href=\"https:\/\/se.csbe.qc.ca\/universsocial\/files\/2013\/11\/4-Revendications-Luttes-Eleve.doc\" target=\"_blank\"><span style=\"color: #0000ff;\">4- Revendications Luttes &#8211; Eleve<\/span><\/a><\/strong><\/em><\/span><\/h3>\n<h3><span style=\"color: #0000ff;\"><em><strong><a href=\"https:\/\/se.csbe.qc.ca\/universsocial\/files\/2013\/11\/5-Federation-Corrige.doc\" target=\"_blank\"><span style=\"color: #0000ff;\">5- Federation &#8211; Corrige<\/span><\/a><\/strong><\/em><\/span><\/h3>\n<h3><span style=\"color: #0000ff;\"><em><strong><a href=\"https:\/\/se.csbe.qc.ca\/universsocial\/files\/2013\/11\/5-Federation-Eleve.doc\" target=\"_blank\"><span style=\"color: #0000ff;\">5- Federation &#8211; Eleve<\/span><\/a><\/strong><\/em><\/span><\/h3>\n<h3><span style=\"color: #0000ff;\"><em><strong><a href=\"https:\/\/se.csbe.qc.ca\/universsocial\/files\/2013\/11\/6-Modernisation-Corrige.doc\" target=\"_blank\"><span style=\"color: #0000ff;\">6- Modernisation &#8211; Corrige<\/span><\/a><\/strong><\/em><\/span><\/h3>\n<h3><span style=\"color: #0000ff;\"><em><strong><a href=\"https:\/\/se.csbe.qc.ca\/universsocial\/files\/2013\/11\/6-Modernisation-Eleve.doc\" target=\"_blank\"><span style=\"color: #0000ff;\">6- Modernisation &#8211; Eleve<\/span><\/a><\/strong><\/em><\/span><\/h3>\n<h3><span style=\"color: #0000ff;\"><em><strong><a href=\"https:\/\/se.csbe.qc.ca\/universsocial\/files\/2013\/11\/7-Enjeux-Corrige.doc\" target=\"_blank\"><span style=\"color: #0000ff;\">7- Enjeux &#8211; Corrige<\/span><\/a><\/strong><\/em><\/span><\/h3>\n<h3><span style=\"color: #0000ff;\"><em><strong><a href=\"https:\/\/se.csbe.qc.ca\/universsocial\/files\/2013\/11\/7-Enjeux-Eleve.doc\" target=\"_blank\"><span style=\"color: #0000ff;\">7- Enjeux &#8211; Eleve<\/span><\/a><\/strong><\/em><\/span><\/h3>\n<!-- WP Attachments -->\r\n        <div style=\"width:100%;margin:10px 0 10px 0;\">\r\n            <h3>Attachments<\/h3>\r\n        <ul class=\"post-attachments\"><li class=\"post-attachment mime-application-msword\"><a href=\"https:\/\/se.csbe.qc.ca\/universsocial\/files\/2013\/11\/1-Premiers-Occupants-Corrige.doc\">1- Premiers Occupants - Corrige<\/a> <small>(1023 kB)<\/small><\/li><li class=\"post-attachment mime-application-msword\"><a href=\"https:\/\/se.csbe.qc.ca\/universsocial\/files\/2013\/11\/1-Premiers-Occupants-Eleve.doc\">1- Premiers Occupants - Eleve<\/a> <small>(1021 kB)<\/small><\/li><li class=\"post-attachment mime-application-msword\"><a href=\"https:\/\/se.csbe.qc.ca\/universsocial\/files\/2013\/11\/2-Nouvelle-France-Corrige.doc\">2- Nouvelle-France - Corrige<\/a> <small>(2 MB)<\/small><\/li><li class=\"post-attachment mime-application-msword\"><a href=\"https:\/\/se.csbe.qc.ca\/universsocial\/files\/2013\/11\/2-Nouvelle-France-Eleve.doc\">2- Nouvelle-France - Eleve<\/a> <small>(2 MB)<\/small><\/li><li class=\"post-attachment mime-application-msword\"><a href=\"https:\/\/se.csbe.qc.ca\/universsocial\/files\/2013\/11\/3-Changement-Empire-Corrige.doc\">3- Changement Empire - Corrige<\/a> <small>(3 MB)<\/small><\/li><li class=\"post-attachment mime-application-msword\"><a href=\"https:\/\/se.csbe.qc.ca\/universsocial\/files\/2013\/11\/3-Changement-Empire-Eleve.doc\">3- Changement Empire - Eleve<\/a> <small>(3 MB)<\/small><\/li><li class=\"post-attachment mime-application-msword\"><a href=\"https:\/\/se.csbe.qc.ca\/universsocial\/files\/2013\/11\/4-Revendications-Luttes-Corrige.doc\">4- Revendications Luttes - Corrige<\/a> <small>(2 MB)<\/small><\/li><li class=\"post-attachment mime-application-msword\"><a href=\"https:\/\/se.csbe.qc.ca\/universsocial\/files\/2013\/11\/4-Revendications-Luttes-Eleve.doc\">4- Revendications Luttes - Eleve<\/a> <small>(2 MB)<\/small><\/li><li class=\"post-attachment mime-application-msword\"><a href=\"https:\/\/se.csbe.qc.ca\/universsocial\/files\/2013\/11\/5-Federation-Corrige.doc\">5- Federation - Corrige<\/a> <small>(2 MB)<\/small><\/li><li class=\"post-attachment mime-application-msword\"><a href=\"https:\/\/se.csbe.qc.ca\/universsocial\/files\/2013\/11\/5-Federation-Eleve.doc\">5- Federation - Eleve<\/a> <small>(2 MB)<\/small><\/li><li class=\"post-attachment mime-application-msword\"><a href=\"https:\/\/se.csbe.qc.ca\/universsocial\/files\/2013\/11\/6-Modernisation-Corrige.doc\">6- Modernisation - Corrige<\/a> <small>(4 MB)<\/small><\/li><li class=\"post-attachment mime-application-msword\"><a href=\"https:\/\/se.csbe.qc.ca\/universsocial\/files\/2013\/11\/6-Modernisation-Eleve.doc\">6- Modernisation - Eleve<\/a> <small>(4 MB)<\/small><\/li><li class=\"post-attachment mime-application-msword\"><a href=\"https:\/\/se.csbe.qc.ca\/universsocial\/files\/2013\/11\/7-Enjeux-Corrige.doc\">7- Enjeux - Corrige<\/a> <small>(2 MB)<\/small><\/li><li class=\"post-attachment mime-application-msword\"><a href=\"https:\/\/se.csbe.qc.ca\/universsocial\/files\/2013\/11\/7-Enjeux-Eleve.doc\">7- Enjeux - Eleve<\/a> <small>(2 MB)<\/small><\/li><\/ul><\/div><\/div>","protected":false},"excerpt":{"rendered":"<div class=\"page-restrict-output\"><p>Voici une s\u00e9rie tr\u00e8s compl\u00e8te d&rsquo;activit\u00e9s de r\u00e9vision pour l&rsquo;ensemble du cours de 3e secondaire.\u00a0 On y retrouve le cahier de l&rsquo;\u00e9l\u00e8ve et le cahier de l&rsquo;enseignant (corrig\u00e9) pour chacun des modules, le tout construit en fonction de la\u00a0Progression des apprentissages. &nbsp; Ces activit\u00e9s ont \u00e9t\u00e9 construites par les membres de la Table LLL d&rsquo;univers &hellip; <\/p>\n<p><a class=\"more-link btn\" href=\"https:\/\/se.csbe.qc.ca\/universsocial\/activites-de-revision-lll-sec-3\/\">Lire la suite<\/a><\/p>\n<\/div>","protected":false},"author":9,"featured_media":0,"parent":0,"menu_order":0,"comment_status":"open","ping_status":"closed","template":"","meta":{"footnotes":""},"class_list":["post-2197","page","type-page","status-publish","hentry","nodate","item-wrap"],"_links":{"self":[{"href":"https:\/\/se.csbe.qc.ca\/universsocial\/wp-json\/wp\/v2\/pages\/2197","targetHints":{"allow":["GET"]}}],"collection":[{"href":"https:\/\/se.csbe.qc.ca\/universsocial\/wp-json\/wp\/v2\/pages"}],"about":[{"href":"https:\/\/se.csbe.qc.ca\/universsocial\/wp-json\/wp\/v2\/types\/page"}],"author":[{"embeddable":true,"href":"https:\/\/se.csbe.qc.ca\/universsocial\/wp-json\/wp\/v2\/users\/9"}],"replies":[{"embeddable":true,"href":"https:\/\/se.csbe.qc.ca\/universsocial\/wp-json\/wp\/v2\/comments?post=2197"}],"version-history":[{"count":3,"href":"https:\/\/se.csbe.qc.ca\/universsocial\/wp-json\/wp\/v2\/pages\/2197\/revisions"}],"predecessor-version":[{"id":2961,"href":"https:\/\/se.csbe.qc.ca\/universsocial\/wp-json\/wp\/v2\/pages\/2197\/revisions\/2961"}],"wp:attachment":[{"href":"https:\/\/se.csbe.qc.ca\/universsocial\/wp-json\/wp\/v2\/media?parent=2197"}],"curies":[{"name":"wp","href":"https:\/\/api.w.org\/{rel}","templated":true}]}}