{"id":2183,"date":"2013-10-31T14:29:00","date_gmt":"2013-10-31T18:29:00","guid":{"rendered":"https:\/\/se.csbe.qc.ca\/universsocial\/?page_id=2183"},"modified":"2013-11-05T11:00:11","modified_gmt":"2013-11-05T16:00:11","slug":"population-projet-dapprentissage-mixte","status":"publish","type":"page","link":"https:\/\/se.csbe.qc.ca\/universsocial\/population-projet-dapprentissage-mixte\/","title":{"rendered":"Population &#8211; Projet d&rsquo;apprentissage hybride"},"content":{"rendered":"<div class=\"page-restrict-output\"><h2><span style=\"color: #000000;\"><strong>Voici une s\u00e9rie de documents qui ont \u00e9t\u00e9 \u00e9labor\u00e9s durant l&rsquo;ann\u00e9e scolaire 2013-2014 par M. Marco Lagueux et M. Vincent Lemieux.<\/strong><\/span><\/h2>\n<h2><\/h2>\n<h2><span style=\"color: #000000;\"><strong>Il s&rsquo;agit du module\u00a0<em>\u00ab\u00a0Population\u00a0\u00bb<\/em>\u00a0au complet,<em>\u00a0<\/em>avec tous les documents n\u00e9cessaires \u00e0 sa r\u00e9alisation.<\/strong><\/span><\/h2>\n<h2><\/h2>\n<h2><span style=\"color: #000000;\"><strong>Il a \u00e9t\u00e9 construit dans une optique d&rsquo;incursion dans l&rsquo;apprentissage mixte. Il fait donc appel \u00e0 diverses approches p\u00e9dagogiques \u00e0 la fois: l&rsquo;accompagnement de l&rsquo;enseignant, le d\u00e9veloppement de l&rsquo;autonomie de l&rsquo;\u00e9l\u00e8ve, la classe invers\u00e9e et l&rsquo;utilisation des TIC.<\/strong><\/span><\/h2>\n<h2><\/h2>\n<h2><span style=\"text-decoration: underline;\"><span style=\"color: #000000; text-decoration: underline;\"><strong>Pour t\u00e9l\u00e9charger chacun des documents, cliquer sur les liens ci-dessous:<\/strong><\/span><\/span><\/h2>\n<h3><span style=\"color: #0000ff;\"><strong><em><a href=\"https:\/\/se.csbe.qc.ca\/universsocial\/files\/2013\/10\/Population-Document-enseignant.docx\"><span style=\"color: #0000ff;\">Population &#8211; Document enseignant<\/span><\/a><\/em><\/strong><\/span><\/h3>\n<h3><span style=\"color: #0000ff;\"><strong><em><a href=\"https:\/\/se.csbe.qc.ca\/universsocial\/files\/2013\/10\/Population-Amorce.docx\"><span style=\"color: #0000ff;\">Population &#8211; Amorce<\/span><\/a><\/em><\/strong><\/span><span style=\"color: #0000ff;\"><strong><em><span style=\"color: #0000ff;\"><br \/>\n<\/span><\/em><\/strong><\/span><\/h3>\n<h3><span style=\"color: #0000ff;\"><strong><em><a href=\"https:\/\/se.csbe.qc.ca\/universsocial\/files\/2013\/10\/Population-Notes-de-cours.docx\"><span style=\"color: #0000ff;\">Population &#8211; Notes de cours<\/span><\/a><\/em><\/strong><\/span><\/h3>\n<h3><span style=\"color: #0000ff;\"><strong><em><a href=\"https:\/\/se.csbe.qc.ca\/universsocial\/files\/2013\/10\/Population-Exercices.docx\"><span style=\"color: #0000ff;\">Population &#8211; Exercices<\/span><\/a><\/em><\/strong><\/span><\/h3>\n<h3><span style=\"color: #0000ff;\"><strong><em><a href=\"https:\/\/se.csbe.qc.ca\/universsocial\/files\/2013\/10\/Population-Accommodements-Raisonnables1.docx\"><span style=\"color: #0000ff;\">Population &#8211; Accommodements Raisonnables<\/span><\/a><\/em><\/strong><\/span><\/h3>\n<h3><span style=\"color: #0000ff;\"><strong><em><a href=\"https:\/\/se.csbe.qc.ca\/universsocial\/files\/2013\/10\/Population-Immigration-Clandestine1.docx\"><span style=\"color: #0000ff;\">Population &#8211; Immigration Clandestine<\/span><\/a><\/em><\/strong><\/span><\/h3>\n<!-- WP Attachments -->\r\n        <div style=\"width:100%;margin:10px 0 10px 0;\">\r\n            <h3>Attachments<\/h3>\r\n        <ul class=\"post-attachments\"><li class=\"post-attachment mime-application-vnd-openxmlformats-officedocument-wordprocessingml-document\"><a href=\"https:\/\/se.csbe.qc.ca\/universsocial\/files\/2013\/10\/Population-Document-enseignant.docx\">Population - Document enseignant<\/a> <small>(21 kB)<\/small><\/li><li class=\"post-attachment mime-application-vnd-openxmlformats-officedocument-wordprocessingml-document\"><a href=\"https:\/\/se.csbe.qc.ca\/universsocial\/files\/2013\/10\/Population-Amorce-Videos-+-Textes.docx\">Population - Amorce (Videos + Textes)<\/a> <small>(17 MB)<\/small><\/li><li class=\"post-attachment mime-application-vnd-openxmlformats-officedocument-wordprocessingml-document\"><a href=\"https:\/\/se.csbe.qc.ca\/universsocial\/files\/2013\/10\/Population-Notes-de-cours.docx\">Population - Notes de cours<\/a> <small>(3 MB)<\/small><\/li><li class=\"post-attachment mime-application-vnd-openxmlformats-officedocument-wordprocessingml-document\"><a href=\"https:\/\/se.csbe.qc.ca\/universsocial\/files\/2013\/10\/Population-Exercices.docx\">Population - Exercices<\/a> <small>(313 kB)<\/small><\/li><li class=\"post-attachment mime-application-vnd-openxmlformats-officedocument-wordprocessingml-document\"><a href=\"https:\/\/se.csbe.qc.ca\/universsocial\/files\/2013\/10\/Population-Accommodements-Raisonnables1.docx\">Population - Accommodements Raisonnables<\/a> <small>(60 kB)<\/small><\/li><li class=\"post-attachment mime-application-vnd-openxmlformats-officedocument-wordprocessingml-document\"><a href=\"https:\/\/se.csbe.qc.ca\/universsocial\/files\/2013\/10\/Population-Immigration-Clandestine1.docx\">Population - Immigration Clandestine<\/a> <small>(105 kB)<\/small><\/li><li class=\"post-attachment mime-application-vnd-openxmlformats-officedocument-wordprocessingml-document\"><a href=\"https:\/\/se.csbe.qc.ca\/universsocial\/files\/2013\/10\/Population-Amorce.docx\">Population - Amorce<\/a> <small>(17 MB)<\/small><\/li><\/ul><\/div><\/div>","protected":false},"excerpt":{"rendered":"<div class=\"page-restrict-output\"><p>Voici une s\u00e9rie de documents qui ont \u00e9t\u00e9 \u00e9labor\u00e9s durant l&rsquo;ann\u00e9e scolaire 2013-2014 par M. Marco Lagueux et M. Vincent Lemieux. Il s&rsquo;agit du module\u00a0\u00ab\u00a0Population\u00a0\u00bb\u00a0au complet,\u00a0avec tous les documents n\u00e9cessaires \u00e0 sa r\u00e9alisation. Il a \u00e9t\u00e9 construit dans une optique d&rsquo;incursion dans l&rsquo;apprentissage mixte. Il fait donc appel \u00e0 diverses approches p\u00e9dagogiques \u00e0 la fois: &hellip; <\/p>\n<p><a class=\"more-link btn\" href=\"https:\/\/se.csbe.qc.ca\/universsocial\/population-projet-dapprentissage-mixte\/\">Lire la suite<\/a><\/p>\n<\/div>","protected":false},"author":9,"featured_media":0,"parent":0,"menu_order":0,"comment_status":"open","ping_status":"open","template":"","meta":{"footnotes":""},"class_list":["post-2183","page","type-page","status-publish","hentry","nodate","item-wrap"],"_links":{"self":[{"href":"https:\/\/se.csbe.qc.ca\/universsocial\/wp-json\/wp\/v2\/pages\/2183","targetHints":{"allow":["GET"]}}],"collection":[{"href":"https:\/\/se.csbe.qc.ca\/universsocial\/wp-json\/wp\/v2\/pages"}],"about":[{"href":"https:\/\/se.csbe.qc.ca\/universsocial\/wp-json\/wp\/v2\/types\/page"}],"author":[{"embeddable":true,"href":"https:\/\/se.csbe.qc.ca\/universsocial\/wp-json\/wp\/v2\/users\/9"}],"replies":[{"embeddable":true,"href":"https:\/\/se.csbe.qc.ca\/universsocial\/wp-json\/wp\/v2\/comments?post=2183"}],"version-history":[{"count":5,"href":"https:\/\/se.csbe.qc.ca\/universsocial\/wp-json\/wp\/v2\/pages\/2183\/revisions"}],"predecessor-version":[{"id":2235,"href":"https:\/\/se.csbe.qc.ca\/universsocial\/wp-json\/wp\/v2\/pages\/2183\/revisions\/2235"}],"wp:attachment":[{"href":"https:\/\/se.csbe.qc.ca\/universsocial\/wp-json\/wp\/v2\/media?parent=2183"}],"curies":[{"name":"wp","href":"https:\/\/api.w.org\/{rel}","templated":true}]}}