{"id":2178,"date":"2013-10-31T14:21:45","date_gmt":"2013-10-31T18:21:45","guid":{"rendered":"https:\/\/se.csbe.qc.ca\/universsocial\/?page_id=2178"},"modified":"2013-10-31T14:22:07","modified_gmt":"2013-10-31T18:22:07","slug":"sae-population-monde-contemporain","status":"publish","type":"page","link":"https:\/\/se.csbe.qc.ca\/universsocial\/sae-population-monde-contemporain\/","title":{"rendered":"SA\u00c9 &#8211; Population (Monde contemporain)"},"content":{"rendered":"<div class=\"page-restrict-output\"><h2><span style=\"color: #000000;\"><strong>Voici une SA\u00c9 qui s&rsquo;apparente davantage \u00e0 une S\u00c9, donc \u00e0 une \u00e9valuation. Elle a \u00e9t\u00e9 produite durant l&rsquo;ann\u00e9e scolaire 2012-2013.<\/strong><\/span><\/h2>\n<h2><\/h2>\n<h2><span style=\"color: #000000;\"><strong>Il s&rsquo;agit d&rsquo;un partage de M. Denis Gagn\u00e9, enseignant.<\/strong><\/span><\/h2>\n<h2><\/h2>\n<h2><span style=\"text-decoration: underline;\"><span style=\"color: #000000;\"><strong>Pour la t\u00e9l\u00e9charger, cliquer sur le lien ci-dessous:<\/strong><\/span><\/span><\/h2>\n<h3><strong><span style=\"color: #0000ff;\"><em><a href=\"https:\/\/se.csbe.qc.ca\/universsocial\/files\/2013\/10\/SAE-Population-immigration.docx\"><span style=\"color: #0000ff;\">SAE Population (immigration)<\/span><\/a><\/em><\/span><\/strong><\/h3>\n<!-- WP Attachments -->\r\n        <div style=\"width:100%;margin:10px 0 10px 0;\">\r\n            <h3>Attachments<\/h3>\r\n        <ul class=\"post-attachments\"><li class=\"post-attachment mime-application-vnd-openxmlformats-officedocument-wordprocessingml-document\"><a href=\"https:\/\/se.csbe.qc.ca\/universsocial\/files\/2013\/10\/SAE-Population-immigration.docx\">SAE Population (immigration)<\/a> <small>(2 MB)<\/small><\/li><\/ul><\/div><\/div>","protected":false},"excerpt":{"rendered":"<div class=\"page-restrict-output\"><p>Voici une SA\u00c9 qui s&rsquo;apparente davantage \u00e0 une S\u00c9, donc \u00e0 une \u00e9valuation. Elle a \u00e9t\u00e9 produite durant l&rsquo;ann\u00e9e scolaire 2012-2013. Il s&rsquo;agit d&rsquo;un partage de M. Denis Gagn\u00e9, enseignant. Pour la t\u00e9l\u00e9charger, cliquer sur le lien ci-dessous: SAE Population (immigration) Attachments SAE Population (immigration) (2 MB)<\/p>\n<\/div>","protected":false},"author":9,"featured_media":0,"parent":0,"menu_order":0,"comment_status":"open","ping_status":"open","template":"","meta":{"footnotes":""},"class_list":["post-2178","page","type-page","status-publish","hentry","nodate","item-wrap"],"_links":{"self":[{"href":"https:\/\/se.csbe.qc.ca\/universsocial\/wp-json\/wp\/v2\/pages\/2178","targetHints":{"allow":["GET"]}}],"collection":[{"href":"https:\/\/se.csbe.qc.ca\/universsocial\/wp-json\/wp\/v2\/pages"}],"about":[{"href":"https:\/\/se.csbe.qc.ca\/universsocial\/wp-json\/wp\/v2\/types\/page"}],"author":[{"embeddable":true,"href":"https:\/\/se.csbe.qc.ca\/universsocial\/wp-json\/wp\/v2\/users\/9"}],"replies":[{"embeddable":true,"href":"https:\/\/se.csbe.qc.ca\/universsocial\/wp-json\/wp\/v2\/comments?post=2178"}],"version-history":[{"count":2,"href":"https:\/\/se.csbe.qc.ca\/universsocial\/wp-json\/wp\/v2\/pages\/2178\/revisions"}],"predecessor-version":[{"id":2181,"href":"https:\/\/se.csbe.qc.ca\/universsocial\/wp-json\/wp\/v2\/pages\/2178\/revisions\/2181"}],"wp:attachment":[{"href":"https:\/\/se.csbe.qc.ca\/universsocial\/wp-json\/wp\/v2\/media?parent=2178"}],"curies":[{"name":"wp","href":"https:\/\/api.w.org\/{rel}","templated":true}]}}