{"id":2161,"date":"2013-10-31T14:03:58","date_gmt":"2013-10-31T18:03:58","guid":{"rendered":"https:\/\/se.csbe.qc.ca\/universsocial\/?page_id=2161"},"modified":"2013-11-08T09:38:29","modified_gmt":"2013-11-08T14:38:29","slug":"questions-a-reponses-elaborees-monde-contemporain","status":"publish","type":"page","link":"https:\/\/se.csbe.qc.ca\/universsocial\/questions-a-reponses-elaborees-monde-contemporain\/","title":{"rendered":"Questions \u00e0 r\u00e9ponse \u00e9labor\u00e9e (Monde contemporain)"},"content":{"rendered":"<div class=\"page-restrict-output\"><h2><span style=\"color: #000000;\"><strong>Voici une s\u00e9rie de 10 questions \u00e0 r\u00e9ponses \u00e9labor\u00e9es construites durant l&rsquo;ann\u00e9e scolaire 2013-2014.<\/strong><\/span><\/h2>\n<h2><\/h2>\n<h2><span style=\"color: #000000;\"><strong>Elles portent sur chacun des 10 objets de prise de position qui sont sugg\u00e9r\u00e9s dans le\u00a0<em>Programme de formation de l&rsquo;\u00e9cole qu\u00e9b\u00e9coise<\/em> et bas\u00e9es sur les contenus de la\u00a0<em>Pr\u00e9cision des apprentissages<\/em>.<\/strong><\/span><\/h2>\n<h2><\/h2>\n<h2><span style=\"color: #000000;\"><strong>Un bel outil \u00e0 utiliser en cours d&rsquo;ann\u00e9e scolaire, lors d&rsquo;examens ou encore en r\u00e9vision de fin d&rsquo;ann\u00e9e!<\/strong><\/span><\/h2>\n<h2><span style=\"color: #000000;\"><strong>Merci \u00e0 Mme Sophie Cliche pour sa participation \u00e0 l&rsquo;\u00e9laboration de ces questions!<\/strong><\/span><\/h2>\n<h2><\/h2>\n<h2><span style=\"text-decoration: underline;\"><span style=\"color: #000000; text-decoration: underline;\"><strong>Pour les t\u00e9l\u00e9charger, cliquer sur chacun des liens ci-dessous:<\/strong><\/span><\/span><\/h2>\n<h3><span style=\"color: #0000ff;\"><em><strong><a href=\"https:\/\/se.csbe.qc.ca\/universsocial\/files\/2013\/10\/Environnement-Energies-Renouvelables.docx\"><span style=\"color: #0000ff;\">Environnement &#8211; Energies Renouvelables<\/span><\/a><\/strong><\/em><\/span><\/h3>\n<h3><span style=\"color: #0000ff;\"><em><strong><a href=\"https:\/\/se.csbe.qc.ca\/universsocial\/files\/2013\/10\/Environnement-Harmonisation-Kyoto.docx\"><span style=\"color: #0000ff;\">Environnement &#8211; Harmonisation (Kyoto)<\/span><\/a><\/strong><\/em><\/span><\/h3>\n<h3><span style=\"color: #0000ff;\"><em><strong><a href=\"https:\/\/se.csbe.qc.ca\/universsocial\/files\/2013\/10\/Population-Accommodements-Raisonnables.docx\"><span style=\"color: #0000ff;\">Population &#8211; Accommodements Raisonnables<\/span><\/a><\/strong><\/em><\/span><\/h3>\n<h3><span style=\"color: #0000ff;\"><em><strong><a href=\"https:\/\/se.csbe.qc.ca\/universsocial\/files\/2013\/10\/Population-Immigration-Clandestine.docx\"><span style=\"color: #0000ff;\">Population &#8211; Immigration Clandestine<\/span><\/a><\/strong><\/em><\/span><\/h3>\n<h3><span style=\"color: #0000ff;\"><em><strong><a href=\"https:\/\/se.csbe.qc.ca\/universsocial\/files\/2013\/10\/Pouvoir-Droit-Action-Des-Etats1.docx\" target=\"_blank\"><span style=\"color: #0000ff;\">Pouvoir &#8211; Droit Action Des Etats<\/span><\/a><\/strong><\/em><\/span><\/h3>\n<h3><span style=\"color: #0000ff;\"><em><strong><a href=\"https:\/\/se.csbe.qc.ca\/universsocial\/files\/2013\/10\/Pouvoir-Regroupements-Economiques1.docx\" target=\"_blank\"><span style=\"color: #0000ff;\">Pouvoir &#8211; Regroupements Economiques<\/span><\/a><\/strong><\/em><\/span><\/h3>\n<h3><span style=\"color: #0000ff;\"><em><strong><a href=\"https:\/\/se.csbe.qc.ca\/universsocial\/files\/2013\/10\/Richesse-Multinationales-vs-Ressources1.docx\" target=\"_blank\"><span style=\"color: #0000ff;\">Richesse &#8211; Multinationales vs Ressources<\/span><\/a><\/strong><\/em><\/span><\/h3>\n<h3><span style=\"color: #0000ff;\"><em><strong><a href=\"https:\/\/se.csbe.qc.ca\/universsocial\/files\/2013\/10\/Richesse-Travail-Des-Enfants1.docx\" target=\"_blank\"><span style=\"color: #0000ff;\">Richesse &#8211; Travail Des Enfants<\/span><\/a><\/strong><\/em><\/span><\/h3>\n<h3><span style=\"color: #0000ff;\"><em><strong><a href=\"https:\/\/se.csbe.qc.ca\/universsocial\/files\/2013\/10\/Tensions-et-conflits-Intervention-Legitime.docx\"><span style=\"color: #0000ff;\">Tensions et conflits &#8211; Intervention Legitime<\/span><\/a><\/strong><\/em><\/span><\/h3>\n<h3><span style=\"color: #0000ff;\"><em><strong><a href=\"https:\/\/se.csbe.qc.ca\/universsocial\/files\/2013\/10\/Tensions-et-conflits-Population-vs-Intervention1.docx\" target=\"_blank\"><span style=\"color: #0000ff;\">Tensions et conflits &#8211; Population vs Intervention<\/span><\/a><\/strong><\/em><\/span><\/h3>\n<!-- WP Attachments -->\r\n        <div style=\"width:100%;margin:10px 0 10px 0;\">\r\n            <h3>Attachments<\/h3>\r\n        <ul class=\"post-attachments\"><li class=\"post-attachment mime-application-vnd-openxmlformats-officedocument-wordprocessingml-document\"><a href=\"https:\/\/se.csbe.qc.ca\/universsocial\/files\/2013\/10\/Environnement-Energies-Renouvelables.docx\">Environnement - Energies Renouvelables<\/a> <small>(453 kB)<\/small><\/li><li class=\"post-attachment mime-application-vnd-openxmlformats-officedocument-wordprocessingml-document\"><a href=\"https:\/\/se.csbe.qc.ca\/universsocial\/files\/2013\/10\/Environnement-Harmonisation-Kyoto.docx\">Environnement - Harmonisation (Kyoto)<\/a> <small>(157 kB)<\/small><\/li><li class=\"post-attachment mime-application-vnd-openxmlformats-officedocument-wordprocessingml-document\"><a href=\"https:\/\/se.csbe.qc.ca\/universsocial\/files\/2013\/10\/Population-Accommodements-Raisonnables.docx\">Population - Accommodements Raisonnables<\/a> <small>(60 kB)<\/small><\/li><li class=\"post-attachment mime-application-vnd-openxmlformats-officedocument-wordprocessingml-document\"><a href=\"https:\/\/se.csbe.qc.ca\/universsocial\/files\/2013\/10\/Population-Immigration-Clandestine.docx\">Population - Immigration Clandestine<\/a> <small>(105 kB)<\/small><\/li><li class=\"post-attachment mime-application-vnd-openxmlformats-officedocument-wordprocessingml-document\"><a href=\"https:\/\/se.csbe.qc.ca\/universsocial\/files\/2013\/10\/Pouvoir-Droit-Action-Des-Etats.docx\">Pouvoir - Droit Action Des Etats<\/a> <small>(32 kB)<\/small><\/li><li class=\"post-attachment mime-application-vnd-openxmlformats-officedocument-wordprocessingml-document\"><a href=\"https:\/\/se.csbe.qc.ca\/universsocial\/files\/2013\/10\/Pouvoir-Regroupements-Economiques.docx\">Pouvoir - Regroupements Economiques<\/a> <small>(31 kB)<\/small><\/li><li class=\"post-attachment mime-application-vnd-openxmlformats-officedocument-wordprocessingml-document\"><a href=\"https:\/\/se.csbe.qc.ca\/universsocial\/files\/2013\/10\/Richesse-Multinationales-vs-Ressources.docx\">Richesse - Multinationales vs Ressources<\/a> <small>(31 kB)<\/small><\/li><li class=\"post-attachment mime-application-vnd-openxmlformats-officedocument-wordprocessingml-document\"><a href=\"https:\/\/se.csbe.qc.ca\/universsocial\/files\/2013\/10\/Richesse-Travail-Des-Enfants.docx\">Richesse - Travail Des Enfants<\/a> <small>(28 kB)<\/small><\/li><li class=\"post-attachment mime-application-vnd-openxmlformats-officedocument-wordprocessingml-document\"><a href=\"https:\/\/se.csbe.qc.ca\/universsocial\/files\/2013\/10\/Tensions-et-conflits-Intervention-Legitime.docx\">Tensions et conflits - Intervention Legitime<\/a> <small>(33 kB)<\/small><\/li><li class=\"post-attachment mime-application-vnd-openxmlformats-officedocument-wordprocessingml-document\"><a href=\"https:\/\/se.csbe.qc.ca\/universsocial\/files\/2013\/10\/Tensions-et-conflits-Population-vs-Intervention.docx\">Tensions et conflits - Population vs Intervention<\/a> <small>(48 kB)<\/small><\/li><li class=\"post-attachment mime-application-vnd-openxmlformats-officedocument-wordprocessingml-document\"><a href=\"https:\/\/se.csbe.qc.ca\/universsocial\/files\/2013\/10\/Richesse-Multinationales-vs-Ressources1.docx\">Richesse - Multinationales vs Ressources<\/a> <small>(31 kB)<\/small><\/li><li class=\"post-attachment mime-application-vnd-openxmlformats-officedocument-wordprocessingml-document\"><a href=\"https:\/\/se.csbe.qc.ca\/universsocial\/files\/2013\/10\/Richesse-Travail-Des-Enfants1.docx\">Richesse - Travail Des Enfants<\/a> <small>(28 kB)<\/small><\/li><li class=\"post-attachment mime-application-vnd-openxmlformats-officedocument-wordprocessingml-document\"><a href=\"https:\/\/se.csbe.qc.ca\/universsocial\/files\/2013\/10\/Pouvoir-Droit-Action-Des-Etats1.docx\">Pouvoir - Droit Action Des Etats<\/a> <small>(32 kB)<\/small><\/li><li class=\"post-attachment mime-application-vnd-openxmlformats-officedocument-wordprocessingml-document\"><a href=\"https:\/\/se.csbe.qc.ca\/universsocial\/files\/2013\/10\/Pouvoir-Regroupements-Economiques1.docx\">Pouvoir - Regroupements Economiques<\/a> <small>(32 kB)<\/small><\/li><li class=\"post-attachment mime-application-vnd-openxmlformats-officedocument-wordprocessingml-document\"><a href=\"https:\/\/se.csbe.qc.ca\/universsocial\/files\/2013\/10\/Tensions-et-conflits-Population-vs-Intervention1.docx\">Tensions et conflits - Population vs Intervention<\/a> <small>(49 kB)<\/small><\/li><\/ul><\/div><\/div>","protected":false},"excerpt":{"rendered":"<div class=\"page-restrict-output\"><p>Voici une s\u00e9rie de 10 questions \u00e0 r\u00e9ponses \u00e9labor\u00e9es construites durant l&rsquo;ann\u00e9e scolaire 2013-2014. Elles portent sur chacun des 10 objets de prise de position qui sont sugg\u00e9r\u00e9s dans le\u00a0Programme de formation de l&rsquo;\u00e9cole qu\u00e9b\u00e9coise et bas\u00e9es sur les contenus de la\u00a0Pr\u00e9cision des apprentissages. Un bel outil \u00e0 utiliser en cours d&rsquo;ann\u00e9e scolaire, lors d&rsquo;examens &hellip; <\/p>\n<p><a class=\"more-link btn\" href=\"https:\/\/se.csbe.qc.ca\/universsocial\/questions-a-reponses-elaborees-monde-contemporain\/\">Lire la suite<\/a><\/p>\n<\/div>","protected":false},"author":9,"featured_media":0,"parent":0,"menu_order":0,"comment_status":"open","ping_status":"open","template":"","meta":{"footnotes":""},"class_list":["post-2161","page","type-page","status-publish","hentry","nodate","item-wrap"],"_links":{"self":[{"href":"https:\/\/se.csbe.qc.ca\/universsocial\/wp-json\/wp\/v2\/pages\/2161","targetHints":{"allow":["GET"]}}],"collection":[{"href":"https:\/\/se.csbe.qc.ca\/universsocial\/wp-json\/wp\/v2\/pages"}],"about":[{"href":"https:\/\/se.csbe.qc.ca\/universsocial\/wp-json\/wp\/v2\/types\/page"}],"author":[{"embeddable":true,"href":"https:\/\/se.csbe.qc.ca\/universsocial\/wp-json\/wp\/v2\/users\/9"}],"replies":[{"embeddable":true,"href":"https:\/\/se.csbe.qc.ca\/universsocial\/wp-json\/wp\/v2\/comments?post=2161"}],"version-history":[{"count":3,"href":"https:\/\/se.csbe.qc.ca\/universsocial\/wp-json\/wp\/v2\/pages\/2161\/revisions"}],"predecessor-version":[{"id":2256,"href":"https:\/\/se.csbe.qc.ca\/universsocial\/wp-json\/wp\/v2\/pages\/2161\/revisions\/2256"}],"wp:attachment":[{"href":"https:\/\/se.csbe.qc.ca\/universsocial\/wp-json\/wp\/v2\/media?parent=2161"}],"curies":[{"name":"wp","href":"https:\/\/api.w.org\/{rel}","templated":true}]}}