{"id":2154,"date":"2013-10-31T13:47:43","date_gmt":"2013-10-31T17:47:43","guid":{"rendered":"https:\/\/se.csbe.qc.ca\/universsocial\/?page_id=2154"},"modified":"2013-10-31T13:47:43","modified_gmt":"2013-10-31T17:47:43","slug":"activites-analyse-de-documents-sec-4","status":"publish","type":"page","link":"https:\/\/se.csbe.qc.ca\/universsocial\/activites-analyse-de-documents-sec-4\/","title":{"rendered":"Activit\u00e9s &#8211; Analyse de documents (Sec.4)"},"content":{"rendered":"<div class=\"page-restrict-output\"><h2><strong><span style=\"color: #000000;\">Voici une s\u00e9rie de documents qui servent \u00e0 faire pratique l&rsquo;analyse de documents \u00e0 nos \u00e9l\u00e8ves, que ce soit en cours d&rsquo;ann\u00e9e ou en contexte de r\u00e9vision.<\/span><\/strong><\/h2>\n<h2><\/h2>\n<h2><strong><span style=\"color: #000000;\">Il y a des activit\u00e9s d\u00e9j\u00e0 pr\u00eates (mais que chacun peut adapter) pour toutes les r\u00e9alit\u00e9s de Sec.4:<\/span><\/strong><\/h2>\n<ul>\n<li>\n<h3><strong><span style=\"color: #800000;\"><em>Population et peuplement<\/em><\/span><\/strong><\/h3>\n<\/li>\n<li>\n<h3><strong><span style=\"color: #800000;\"><em>\u00c9conomie et d\u00e9veloppement<\/em><\/span><\/strong><\/h3>\n<\/li>\n<li>\n<h3><strong><span style=\"color: #800000;\"><em>Culture et mouvements de pens\u00e9e<\/em><\/span><\/strong><\/h3>\n<\/li>\n<li>\n<h3><strong><span style=\"color: #800000;\"><em>Pouvoir et pouvoirs<\/em><\/span><\/strong><\/h3>\n<\/li>\n<\/ul>\n<h3><\/h3>\n<h2><strong><span style=\"color: #000000;\">Ce partage est une gracieuset\u00e9 de Mme Johanne Proulx, de la commission scolaire Marie-Victorin, qui a travaill\u00e9 en collaboration avec M. Mario Fillion et\u00a0des enseignants de la commission scolaire des Grandes-Seigneuries. Un gros merci \u00e0 eux!<\/span><\/strong><\/h2>\n<p>&nbsp;<\/p>\n<h2><span style=\"text-decoration: underline; color: #000000;\"><strong>Pour t\u00e9l\u00e9charger l&rsquo;ensemble des documents, cliquer sur le lien ci-dessous:<\/strong><\/span><\/h2>\n<h2><a href=\"https:\/\/se.csbe.qc.ca\/universsocial\/files\/2013\/10\/Analyse-de-documents-CSMV.zip\">Analyse de documents (CSMV)<\/a><\/h2>\n<!-- WP Attachments -->\r\n        <div style=\"width:100%;margin:10px 0 10px 0;\">\r\n            <h3>Attachments<\/h3>\r\n        <ul class=\"post-attachments\"><li class=\"post-attachment mime-application-zip\"><a href=\"https:\/\/se.csbe.qc.ca\/universsocial\/files\/2013\/10\/Analyse-de-documents-CSMV.zip\">Analyse de documents (CSMV)<\/a> <small>(12 MB)<\/small><\/li><\/ul><\/div><\/div>","protected":false},"excerpt":{"rendered":"<div class=\"page-restrict-output\"><p>Voici une s\u00e9rie de documents qui servent \u00e0 faire pratique l&rsquo;analyse de documents \u00e0 nos \u00e9l\u00e8ves, que ce soit en cours d&rsquo;ann\u00e9e ou en contexte de r\u00e9vision. Il y a des activit\u00e9s d\u00e9j\u00e0 pr\u00eates (mais que chacun peut adapter) pour toutes les r\u00e9alit\u00e9s de Sec.4: Population et peuplement \u00c9conomie et d\u00e9veloppement Culture et mouvements de &hellip; <\/p>\n<p><a class=\"more-link btn\" href=\"https:\/\/se.csbe.qc.ca\/universsocial\/activites-analyse-de-documents-sec-4\/\">Lire la suite<\/a><\/p>\n<\/div>","protected":false},"author":9,"featured_media":0,"parent":0,"menu_order":0,"comment_status":"open","ping_status":"open","template":"","meta":{"footnotes":""},"class_list":["post-2154","page","type-page","status-publish","hentry","nodate","item-wrap"],"_links":{"self":[{"href":"https:\/\/se.csbe.qc.ca\/universsocial\/wp-json\/wp\/v2\/pages\/2154","targetHints":{"allow":["GET"]}}],"collection":[{"href":"https:\/\/se.csbe.qc.ca\/universsocial\/wp-json\/wp\/v2\/pages"}],"about":[{"href":"https:\/\/se.csbe.qc.ca\/universsocial\/wp-json\/wp\/v2\/types\/page"}],"author":[{"embeddable":true,"href":"https:\/\/se.csbe.qc.ca\/universsocial\/wp-json\/wp\/v2\/users\/9"}],"replies":[{"embeddable":true,"href":"https:\/\/se.csbe.qc.ca\/universsocial\/wp-json\/wp\/v2\/comments?post=2154"}],"version-history":[{"count":1,"href":"https:\/\/se.csbe.qc.ca\/universsocial\/wp-json\/wp\/v2\/pages\/2154\/revisions"}],"predecessor-version":[{"id":2156,"href":"https:\/\/se.csbe.qc.ca\/universsocial\/wp-json\/wp\/v2\/pages\/2154\/revisions\/2156"}],"wp:attachment":[{"href":"https:\/\/se.csbe.qc.ca\/universsocial\/wp-json\/wp\/v2\/media?parent=2154"}],"curies":[{"name":"wp","href":"https:\/\/api.w.org\/{rel}","templated":true}]}}