{"id":2143,"date":"2013-10-30T15:11:39","date_gmt":"2013-10-30T19:11:39","guid":{"rendered":"https:\/\/se.csbe.qc.ca\/universsocial\/?page_id=2143"},"modified":"2013-10-30T15:11:39","modified_gmt":"2013-10-30T19:11:39","slug":"operations-intellectuelles-petit-guide-de-survie","status":"publish","type":"page","link":"https:\/\/se.csbe.qc.ca\/universsocial\/operations-intellectuelles-petit-guide-de-survie\/","title":{"rendered":"Op\u00e9rations intellectuelles &#8211; Petit guide de survie!"},"content":{"rendered":"<div class=\"page-restrict-output\"><h2><span style=\"color: #000000;\"><strong>Voici un document pr\u00e9par\u00e9 par la Commission scolaire des Hauts-Cantons et qui vise \u00e0 faciliter la diff\u00e9renciation et la compr\u00e9hension des op\u00e9rations intellectuelles en histoire et \u00e9ducations \u00e0 la citoyennet\u00e9 au secondaire.<\/strong><\/span><\/h2>\n<h2><span style=\"color: #000000;\">\u00a0<\/span><\/h2>\n<h2><span style=\"text-decoration: underline;\"><span style=\"color: #000000;\"><strong>Pour le t\u00e9l\u00e9charger, cliquer sur le lien ci-dessous:<\/strong><\/span><\/span><\/h2>\n<h2><a href=\"https:\/\/se.csbe.qc.ca\/universsocial\/files\/2013\/10\/Op\u00e9rations_intellectuelles_guide.docx\" target=\"_blank\">Les op\u00e9rations intellectuelles et la question \u00e0 r\u00e9ponse \u00e9labor\u00e9e en Histoire et \u00e9ducation \u00e0 la citoyennet\u00e9 au secondaire<\/a><\/h2>\n<!-- WP Attachments -->\r\n        <div style=\"width:100%;margin:10px 0 10px 0;\">\r\n            <h3>Attachments<\/h3>\r\n        <ul class=\"post-attachments\"><li class=\"post-attachment mime-application-vnd-openxmlformats-officedocument-wordprocessingml-document\"><a href=\"https:\/\/se.csbe.qc.ca\/universsocial\/files\/2013\/10\/Op\u00e9rations_intellectuelles_guide.docx\">Les op\u00e9rations intellectuelles et la question \u00e0 r\u00e9ponse \u00e9labor\u00e9e en Histoire et \u00e9ducation \u00e0 la citoyennet\u00e9 au secondaire<\/a> <small>(528 kB)<\/small><\/li><\/ul><\/div><\/div>","protected":false},"excerpt":{"rendered":"<div class=\"page-restrict-output\"><p>Voici un document pr\u00e9par\u00e9 par la Commission scolaire des Hauts-Cantons et qui vise \u00e0 faciliter la diff\u00e9renciation et la compr\u00e9hension des op\u00e9rations intellectuelles en histoire et \u00e9ducations \u00e0 la citoyennet\u00e9 au secondaire. \u00a0 Pour le t\u00e9l\u00e9charger, cliquer sur le lien ci-dessous: Les op\u00e9rations intellectuelles et la question \u00e0 r\u00e9ponse \u00e9labor\u00e9e en Histoire et \u00e9ducation \u00e0 &hellip; <\/p>\n<p><a class=\"more-link btn\" href=\"https:\/\/se.csbe.qc.ca\/universsocial\/operations-intellectuelles-petit-guide-de-survie\/\">Lire la suite<\/a><\/p>\n<\/div>","protected":false},"author":9,"featured_media":0,"parent":0,"menu_order":0,"comment_status":"open","ping_status":"open","template":"","meta":{"footnotes":""},"class_list":["post-2143","page","type-page","status-publish","hentry","nodate","item-wrap"],"_links":{"self":[{"href":"https:\/\/se.csbe.qc.ca\/universsocial\/wp-json\/wp\/v2\/pages\/2143","targetHints":{"allow":["GET"]}}],"collection":[{"href":"https:\/\/se.csbe.qc.ca\/universsocial\/wp-json\/wp\/v2\/pages"}],"about":[{"href":"https:\/\/se.csbe.qc.ca\/universsocial\/wp-json\/wp\/v2\/types\/page"}],"author":[{"embeddable":true,"href":"https:\/\/se.csbe.qc.ca\/universsocial\/wp-json\/wp\/v2\/users\/9"}],"replies":[{"embeddable":true,"href":"https:\/\/se.csbe.qc.ca\/universsocial\/wp-json\/wp\/v2\/comments?post=2143"}],"version-history":[{"count":1,"href":"https:\/\/se.csbe.qc.ca\/universsocial\/wp-json\/wp\/v2\/pages\/2143\/revisions"}],"predecessor-version":[{"id":2145,"href":"https:\/\/se.csbe.qc.ca\/universsocial\/wp-json\/wp\/v2\/pages\/2143\/revisions\/2145"}],"wp:attachment":[{"href":"https:\/\/se.csbe.qc.ca\/universsocial\/wp-json\/wp\/v2\/media?parent=2143"}],"curies":[{"name":"wp","href":"https:\/\/api.w.org\/{rel}","templated":true}]}}