{"id":2140,"date":"2013-10-30T15:08:59","date_gmt":"2013-10-30T19:08:59","guid":{"rendered":"https:\/\/se.csbe.qc.ca\/universsocial\/?page_id=2140"},"modified":"2014-06-23T14:19:39","modified_gmt":"2014-06-23T18:19:39","slug":"operations-intellectuelles-explications-et-exemples-de-questions","status":"publish","type":"page","link":"https:\/\/se.csbe.qc.ca\/universsocial\/operations-intellectuelles-explications-et-exemples-de-questions\/","title":{"rendered":"Op\u00e9rations intellectuelles &#8211; Explications et exemples de questions"},"content":{"rendered":"<div class=\"page-restrict-output\"><h2><span style=\"color: #000000;\"><strong>Voici un document pr\u00e9par\u00e9 par la Commission scolaire de l&rsquo;\u00c9nergie dans le but d&rsquo;apporter des pr\u00e9cisions et des exemples relativement aux op\u00e9rations intellectuelles, pour tous les niveaux.<\/strong><\/span><\/h2>\n<h2><\/h2>\n<h2><span style=\"text-decoration: underline;\"><span style=\"color: #000000;\"><strong>Pour le t\u00e9l\u00e9charger, cliquer sur le lien ci-dessous:<\/strong><\/span><\/span><\/h2>\n<h2><a href=\"https:\/\/se.csbe.qc.ca\/universsocial\/files\/2013\/10\/Op\u00e9rations-intellectuelles-Explicitations-et-exemples-de-taches.docx\" target=\"_blank\">Op\u00e9rations intellectuelles &#8211; Explicitations et exemples de taches<\/a><\/h2>\n<!-- WP Attachments -->\r\n        <div style=\"width:100%;margin:10px 0 10px 0;\">\r\n            <h3>Attachments<\/h3>\r\n        <ul class=\"post-attachments\"><li class=\"post-attachment mime-application-vnd-openxmlformats-officedocument-wordprocessingml-document\"><a href=\"https:\/\/se.csbe.qc.ca\/universsocial\/files\/2013\/10\/Op\u00e9rations-intellectuelles-Explicitations-et-exemples-de-taches.docx\">Op\u00e9rations intellectuelles - Explicitations et exemples de taches<\/a> <small>(38 kB)<\/small><\/li><li class=\"post-attachment mime-application-vnd-openxmlformats-officedocument-wordprocessingml-document\"><a href=\"https:\/\/se.csbe.qc.ca\/universsocial\/files\/2013\/10\/Chalets-du-versant.docx\">Chalets du versant<\/a> <small>(31 kB)<\/small><\/li><\/ul><\/div><\/div>","protected":false},"excerpt":{"rendered":"<div class=\"page-restrict-output\"><p>Voici un document pr\u00e9par\u00e9 par la Commission scolaire de l&rsquo;\u00c9nergie dans le but d&rsquo;apporter des pr\u00e9cisions et des exemples relativement aux op\u00e9rations intellectuelles, pour tous les niveaux. Pour le t\u00e9l\u00e9charger, cliquer sur le lien ci-dessous: Op\u00e9rations intellectuelles &#8211; Explicitations et exemples de taches Attachments Op\u00e9rations intellectuelles &#8211; Explicitations et exemples de taches (38 kB)Chalets du &hellip; <\/p>\n<p><a class=\"more-link btn\" href=\"https:\/\/se.csbe.qc.ca\/universsocial\/operations-intellectuelles-explications-et-exemples-de-questions\/\">Lire la suite<\/a><\/p>\n<\/div>","protected":false},"author":9,"featured_media":0,"parent":0,"menu_order":0,"comment_status":"open","ping_status":"open","template":"","meta":{"footnotes":""},"class_list":["post-2140","page","type-page","status-publish","hentry","nodate","item-wrap"],"_links":{"self":[{"href":"https:\/\/se.csbe.qc.ca\/universsocial\/wp-json\/wp\/v2\/pages\/2140","targetHints":{"allow":["GET"]}}],"collection":[{"href":"https:\/\/se.csbe.qc.ca\/universsocial\/wp-json\/wp\/v2\/pages"}],"about":[{"href":"https:\/\/se.csbe.qc.ca\/universsocial\/wp-json\/wp\/v2\/types\/page"}],"author":[{"embeddable":true,"href":"https:\/\/se.csbe.qc.ca\/universsocial\/wp-json\/wp\/v2\/users\/9"}],"replies":[{"embeddable":true,"href":"https:\/\/se.csbe.qc.ca\/universsocial\/wp-json\/wp\/v2\/comments?post=2140"}],"version-history":[{"count":1,"href":"https:\/\/se.csbe.qc.ca\/universsocial\/wp-json\/wp\/v2\/pages\/2140\/revisions"}],"predecessor-version":[{"id":2142,"href":"https:\/\/se.csbe.qc.ca\/universsocial\/wp-json\/wp\/v2\/pages\/2140\/revisions\/2142"}],"wp:attachment":[{"href":"https:\/\/se.csbe.qc.ca\/universsocial\/wp-json\/wp\/v2\/media?parent=2140"}],"curies":[{"name":"wp","href":"https:\/\/api.w.org\/{rel}","templated":true}]}}