{"id":2136,"date":"2013-10-30T14:58:30","date_gmt":"2013-10-30T18:58:30","guid":{"rendered":"https:\/\/se.csbe.qc.ca\/universsocial\/?page_id=2136"},"modified":"2013-10-30T14:58:30","modified_gmt":"2013-10-30T18:58:30","slug":"aqeus-2013-resume-de-certains-ateliers","status":"publish","type":"page","link":"https:\/\/se.csbe.qc.ca\/universsocial\/aqeus-2013-resume-de-certains-ateliers\/","title":{"rendered":"AQEUS 2013 &#8211; R\u00e9sum\u00e9 de certains ateliers"},"content":{"rendered":"<div class=\"page-restrict-output\"><h2><strong><span style=\"color: #000000;\">Voici un r\u00e9sum\u00e9 des ateliers auxquels Vincent Lemieux a assist\u00e9 lors du congr\u00e8s de l&rsquo;AQEUS 2013.<\/span><\/strong><\/h2>\n<h2><\/h2>\n<h2><a href=\"https:\/\/se.csbe.qc.ca\/universsocial\/files\/2013\/10\/R\u00e9sum\u00e9-AQEUS-2013-Vincent-Lemieux.pdf\" target=\"_blank\">R\u00e9sum\u00e9 AQEUS 2013 &#8211; Vincent Lemieux<\/a><\/h2>\n<!-- WP Attachments -->\r\n        <div style=\"width:100%;margin:10px 0 10px 0;\">\r\n            <h3>Attachments<\/h3>\r\n        <ul class=\"post-attachments\"><li class=\"post-attachment mime-application-pdf\"><a href=\"https:\/\/se.csbe.qc.ca\/universsocial\/files\/2013\/10\/R\u00e9sum\u00e9-AQEUS-2013-Vincent-Lemieux.pdf\">R\u00e9sum\u00e9 AQEUS 2013 - Vincent Lemieux<\/a> <small>(264 kB)<\/small><\/li><\/ul><\/div><\/div>","protected":false},"excerpt":{"rendered":"<div class=\"page-restrict-output\"><p>Voici un r\u00e9sum\u00e9 des ateliers auxquels Vincent Lemieux a assist\u00e9 lors du congr\u00e8s de l&rsquo;AQEUS 2013. R\u00e9sum\u00e9 AQEUS 2013 &#8211; Vincent Lemieux Attachments R\u00e9sum\u00e9 AQEUS 2013 &#8211; Vincent Lemieux (264 kB)<\/p>\n<\/div>","protected":false},"author":9,"featured_media":0,"parent":0,"menu_order":0,"comment_status":"open","ping_status":"open","template":"","meta":{"footnotes":""},"class_list":["post-2136","page","type-page","status-publish","hentry","nodate","item-wrap"],"_links":{"self":[{"href":"https:\/\/se.csbe.qc.ca\/universsocial\/wp-json\/wp\/v2\/pages\/2136","targetHints":{"allow":["GET"]}}],"collection":[{"href":"https:\/\/se.csbe.qc.ca\/universsocial\/wp-json\/wp\/v2\/pages"}],"about":[{"href":"https:\/\/se.csbe.qc.ca\/universsocial\/wp-json\/wp\/v2\/types\/page"}],"author":[{"embeddable":true,"href":"https:\/\/se.csbe.qc.ca\/universsocial\/wp-json\/wp\/v2\/users\/9"}],"replies":[{"embeddable":true,"href":"https:\/\/se.csbe.qc.ca\/universsocial\/wp-json\/wp\/v2\/comments?post=2136"}],"version-history":[{"count":1,"href":"https:\/\/se.csbe.qc.ca\/universsocial\/wp-json\/wp\/v2\/pages\/2136\/revisions"}],"predecessor-version":[{"id":2138,"href":"https:\/\/se.csbe.qc.ca\/universsocial\/wp-json\/wp\/v2\/pages\/2136\/revisions\/2138"}],"wp:attachment":[{"href":"https:\/\/se.csbe.qc.ca\/universsocial\/wp-json\/wp\/v2\/media?parent=2136"}],"curies":[{"name":"wp","href":"https:\/\/api.w.org\/{rel}","templated":true}]}}