{"id":210,"date":"2012-10-26T19:07:33","date_gmt":"2012-10-26T18:07:33","guid":{"rendered":"https:\/\/se.csbe.qc.ca\/universsocial\/?page_id=210"},"modified":"2013-01-14T08:55:06","modified_gmt":"2013-01-14T13:55:06","slug":"dossiers-documentaires","status":"publish","type":"page","link":"https:\/\/se.csbe.qc.ca\/universsocial\/dossiers-documentaires\/","title":{"rendered":"Dossiers documentaires (Sec.4)"},"content":{"rendered":"<div class=\"page-restrict-output\"><h2><span style=\"color: #000000;\">Voici les dossiers documentaires qui ont \u00e9t\u00e9 mont\u00e9s pour vous pour les 4 r\u00e9alit\u00e9s suivantes: <\/span><\/h2>\n<ul>\n<li>\n<h3><span style=\"color: #000000;\"><em>Population et peuplement<\/em><\/span><\/h3>\n<\/li>\n<li>\n<h3><span style=\"color: #000000;\"><em>\u00c9conomie et d\u00e9veloppement<\/em><\/span><\/h3>\n<\/li>\n<li>\n<h3><span style=\"color: #000000;\"><em>Culture et mouvements de pens\u00e9e<\/em><\/span><\/h3>\n<\/li>\n<li>\n<h3><span style=\"color: #000000;\"><em>Pouvoir et pouvoirs<\/em><\/span><\/h3>\n<\/li>\n<\/ul>\n<h2><\/h2>\n<p>&nbsp;<\/p>\n<h2><strong><span style=\"text-decoration: underline;\"><span style=\"color: #000000; text-decoration: underline;\">Pour y acc\u00e9der, cliquez sur l&rsquo;un ou l&rsquo;autre des liens ci-dessous:<\/span><\/span><\/strong><\/h2>\n<p>&nbsp;<\/p>\n<h2><em><a href=\"https:\/\/se.csbe.qc.ca\/universsocial\/files\/2012\/10\/Dossier-documentaire-Population-et-peuplement3.docx\">Dossier documentaire &#8211; Population et peuplement<\/a><\/em><\/h2>\n<h2><em><a href=\"https:\/\/se.csbe.qc.ca\/universsocial\/files\/2012\/10\/Dossier-documentaire-\u00c9conomie-et-d\u00e9veloppement3.docx\">Dossier documentaire &#8211; \u00c9conomie et d\u00e9veloppement<\/a><\/em><\/h2>\n<h2><em><a href=\"https:\/\/se.csbe.qc.ca\/universsocial\/files\/2012\/10\/Dossier-documentaire-Culture-et-mouvements-de-pens\u00e9e3.docx\" target=\"_blank\">Dossier documentaire &#8211; Culture et mouvements de pens\u00e9e<\/a><\/em><\/h2>\n<h2><em><a href=\"https:\/\/se.csbe.qc.ca\/universsocial\/files\/2012\/10\/Dossier-documentaire-Pouvoir-et-pouvoirs3.docx\" target=\"_blank\">Dossier documentaire &#8211; Pouvoir et pouvoirs<\/a><\/em><\/h2>\n<h2><\/h2>\n<!-- WP Attachments -->\r\n        <div style=\"width:100%;margin:10px 0 10px 0;\">\r\n            <h3>Attachments<\/h3>\r\n        <ul class=\"post-attachments\"><li class=\"post-attachment mime-application-msword\"><a href=\"https:\/\/se.csbe.qc.ca\/universsocial\/files\/2012\/10\/Dossier-documentaire-Population-et-peuplement2.docx\">Dossier documentaire - Population et peuplement<\/a> <small>(15 MB)<\/small><\/li><li class=\"post-attachment mime-application-msword\"><a href=\"https:\/\/se.csbe.qc.ca\/universsocial\/files\/2012\/10\/Dossier-documentaire-\u00c9conomie-et-d\u00e9veloppement2.docx\">Dossier documentaire - \u00c9conomie et d\u00e9veloppement<\/a> <small>(19 MB)<\/small><\/li><li class=\"post-attachment mime-application-msword\"><a href=\"https:\/\/se.csbe.qc.ca\/universsocial\/files\/2012\/10\/Dossier-documentaire-Pouvoir-et-pouvoirs2.docx\">Dossier documentaire - Pouvoir et pouvoirs<\/a> <small>(7 MB)<\/small><\/li><li class=\"post-attachment mime-application-msword\"><a href=\"https:\/\/se.csbe.qc.ca\/universsocial\/files\/2012\/10\/Dossier-documentaire-Culture-et-mouvements-de-pens\u00e9e2.docx\">Dossier documentaire - Culture et mouvements de pens\u00e9e<\/a> <small>(6 MB)<\/small><\/li><li class=\"post-attachment mime-application-msword\"><a href=\"https:\/\/se.csbe.qc.ca\/universsocial\/files\/2012\/10\/Dossier-documentaire-Population-et-peuplement.docx\">Dossier documentaire - Population et peuplement<\/a> <small>(4 MB)<\/small><\/li><li class=\"post-attachment mime-application-msword\"><a href=\"https:\/\/se.csbe.qc.ca\/universsocial\/files\/2012\/10\/Dossier-documentaire-\u00c9conomie-et-d\u00e9veloppement.docx\">Dossier documentaire - \u00c9conomie et d\u00e9veloppement<\/a> <small>(10 MB)<\/small><\/li><li class=\"post-attachment mime-application-msword\"><a href=\"https:\/\/se.csbe.qc.ca\/universsocial\/files\/2012\/10\/Dossier-documentaire-Culture-et-mouvements-de-pens\u00e9e.docx\">Dossier documentaire - Culture et mouvements de pens\u00e9e<\/a> <small>(4 MB)<\/small><\/li><li class=\"post-attachment mime-application-msword\"><a href=\"https:\/\/se.csbe.qc.ca\/universsocial\/files\/2012\/10\/Dossier-documentaire-Pouvoir-et-pouvoirs.docx\">Dossier documentaire - Pouvoir et pouvoirs<\/a> <small>(4 MB)<\/small><\/li><li class=\"post-attachment mime-application-msword\"><a href=\"https:\/\/se.csbe.qc.ca\/universsocial\/files\/2012\/10\/Dossier-documentaire-Population-et-peuplement1.docx\">Dossier documentaire - Population et peuplement<\/a> <small>(12 MB)<\/small><\/li><li class=\"post-attachment mime-application-msword\"><a href=\"https:\/\/se.csbe.qc.ca\/universsocial\/files\/2012\/10\/Dossier-documentaire-\u00c9conomie-et-d\u00e9veloppement1.docx\">Dossier documentaire - \u00c9conomie et d\u00e9veloppement<\/a> <small>(17 MB)<\/small><\/li><li class=\"post-attachment mime-application-msword\"><a href=\"https:\/\/se.csbe.qc.ca\/universsocial\/files\/2012\/10\/Dossier-documentaire-Culture-et-mouvements-de-pens\u00e9e1.docx\">Dossier documentaire - Culture et mouvements de pens\u00e9e<\/a> <small>(4 MB)<\/small><\/li><li class=\"post-attachment mime-application-msword\"><a href=\"https:\/\/se.csbe.qc.ca\/universsocial\/files\/2012\/10\/Dossier-documentaire-Pouvoir-et-pouvoirs1.docx\">Dossier documentaire - Pouvoir et pouvoirs<\/a> <small>(4 MB)<\/small><\/li><li class=\"post-attachment mime-application-vnd-openxmlformats-officedocument-wordprocessingml-document\"><a href=\"https:\/\/se.csbe.qc.ca\/universsocial\/files\/2012\/10\/Dossier-documentaire-Culture-et-mouvements-de-pens\u00e9e3.docx\">Dossier documentaire - Culture et mouvements de pens\u00e9e<\/a> <small>(6 MB)<\/small><\/li><li class=\"post-attachment mime-application-vnd-openxmlformats-officedocument-wordprocessingml-document\"><a href=\"https:\/\/se.csbe.qc.ca\/universsocial\/files\/2012\/10\/Dossier-documentaire-Population-et-peuplement3.docx\">Dossier documentaire - Population et peuplement<\/a> <small>(17 MB)<\/small><\/li><li class=\"post-attachment mime-application-vnd-openxmlformats-officedocument-wordprocessingml-document\"><a href=\"https:\/\/se.csbe.qc.ca\/universsocial\/files\/2012\/10\/Dossier-documentaire-\u00c9conomie-et-d\u00e9veloppement3.docx\">Dossier documentaire - \u00c9conomie et d\u00e9veloppement<\/a> <small>(19 MB)<\/small><\/li><li class=\"post-attachment mime-application-vnd-openxmlformats-officedocument-wordprocessingml-document\"><a href=\"https:\/\/se.csbe.qc.ca\/universsocial\/files\/2012\/10\/Dossier-documentaire-Pouvoir-et-pouvoirs3.docx\">Dossier documentaire - Pouvoir et pouvoirs<\/a> <small>(7 MB)<\/small><\/li><\/ul><\/div><\/div>","protected":false},"excerpt":{"rendered":"<div class=\"page-restrict-output\"><p>Voici les dossiers documentaires qui ont \u00e9t\u00e9 mont\u00e9s pour vous pour les 4 r\u00e9alit\u00e9s suivantes: Population et peuplement \u00c9conomie et d\u00e9veloppement Culture et mouvements de pens\u00e9e Pouvoir et pouvoirs &nbsp; Pour y acc\u00e9der, cliquez sur l&rsquo;un ou l&rsquo;autre des liens ci-dessous: &nbsp; Dossier documentaire &#8211; Population et peuplement Dossier documentaire &#8211; \u00c9conomie et d\u00e9veloppement Dossier &hellip; <\/p>\n<p><a class=\"more-link btn\" href=\"https:\/\/se.csbe.qc.ca\/universsocial\/dossiers-documentaires\/\">Lire la suite<\/a><\/p>\n<\/div>","protected":false},"author":9,"featured_media":0,"parent":0,"menu_order":0,"comment_status":"open","ping_status":"closed","template":"","meta":{"footnotes":""},"class_list":["post-210","page","type-page","status-publish","hentry","nodate","item-wrap"],"_links":{"self":[{"href":"https:\/\/se.csbe.qc.ca\/universsocial\/wp-json\/wp\/v2\/pages\/210","targetHints":{"allow":["GET"]}}],"collection":[{"href":"https:\/\/se.csbe.qc.ca\/universsocial\/wp-json\/wp\/v2\/pages"}],"about":[{"href":"https:\/\/se.csbe.qc.ca\/universsocial\/wp-json\/wp\/v2\/types\/page"}],"author":[{"embeddable":true,"href":"https:\/\/se.csbe.qc.ca\/universsocial\/wp-json\/wp\/v2\/users\/9"}],"replies":[{"embeddable":true,"href":"https:\/\/se.csbe.qc.ca\/universsocial\/wp-json\/wp\/v2\/comments?post=210"}],"version-history":[{"count":18,"href":"https:\/\/se.csbe.qc.ca\/universsocial\/wp-json\/wp\/v2\/pages\/210\/revisions"}],"predecessor-version":[{"id":1242,"href":"https:\/\/se.csbe.qc.ca\/universsocial\/wp-json\/wp\/v2\/pages\/210\/revisions\/1242"}],"wp:attachment":[{"href":"https:\/\/se.csbe.qc.ca\/universsocial\/wp-json\/wp\/v2\/media?parent=210"}],"curies":[{"name":"wp","href":"https:\/\/api.w.org\/{rel}","templated":true}]}}